{"id":54062,"date":"2026-02-09T17:14:41","date_gmt":"2026-02-09T16:14:41","guid":{"rendered":"https:\/\/www.pharmacieonline.lu\/?post_type=product&#038;p=54062"},"modified":"2026-04-05T17:55:04","modified_gmt":"2026-04-05T15:55:04","slug":"vichy-liftactiv-collagen-cr-jour-50ml-2","status":"publish","type":"product","link":"https:\/\/www.pharmacieonline.lu\/de\/produit\/vichy-liftactiv-collagen-cr-jour-50ml-2\/","title":{"rendered":"VICHY LIFTACTIV COLLAGEN CR JOUR 50ML"},"content":{"rendered":"<p>Mit zunehmendem Alter nimmt die Kollagenproduktion ab. Dies beschleunigt die Anzeichen der Hautalterung, insbesondere um die Augen. Die neue Liftactiv Collagen 16 Tagescreme, entwickelt von Vichy-Experten, bek\u00e4mpft dank ihrer innovativen und einzigartigen Co-Bonding-Technologie 16 Anzeichen der Hautalterung*: Schwellungen, Augenringe, F\u00e4ltchen unter den Augen, Unreinheiten, feine Linien, nachlassende Festigkeit, schlaffe Haut, mangelnde Elastizit\u00e4t, Hautstruktur, Anzeichen von M\u00fcdigkeit, ungleichm\u00e4\u00dfiger Teint, mangelnde Spannkraft, Ausstrahlung, Elastizit\u00e4t, Feuchtigkeit und ein ebenm\u00e4\u00dfiger Teint.<\/p>\n<p>Die Formel mit Co-Bonding-Technologie st\u00e4rkt die Haut und vereint alle Kollagenfamilien in einer Matrix**: Rhamnose stimuliert die Kollagenproduktion, Peptide verbessern die Hautfestigkeit und -elastizit\u00e4t, und Maitake spendet Feuchtigkeit und beugt vorzeitiger Hautalterung vor. Die Liftactiv Collagen Specialist 16 Tagescreme reduziert die Anzeichen der Hautalterung, die mit Kollagenverlust einhergehen. Sie mindert zudem effektiv Pigmentflecken. Diese Creme wird Frauen empfohlen, die eine wirksame L\u00f6sung gegen Hautalterung mit aktiven Inhaltsstoffen suchen. Das Ergebnis ist eine j\u00fcnger aussehende Haut, die sich sofort glatt, geschmeidig und optimal mit Feuchtigkeit versorgt anf\u00fchlt.<\/p>\n<p>Die Creme hat eine reichhaltige Textur, die schnell einzieht und ein nicht fettendes, nicht klebriges Hautgef\u00fchl hinterl\u00e4sst. *Ergebnisse aus klinischen, instrumentellen und Verbrauchertests. **In-vitro-Test f\u00fcr Wirkstoffe basierend auf Kollagen I und III. Kollagen ist ein Wirkstoff, der die Haut wie Klebstoff zusammenh\u00e4lt. Das Serum revitalisiert die Haut, indem es die Kollagenproduktion anregt. Die Haut wirkt straffer, glatter und j\u00fcnger. *Ergebnisse aus klinischen, instrumentellen und Verbrauchertests. **In-vitro-Test f\u00fcr Wirkstoffe basierend auf Kollagen I und III.<\/p>\n<p>Anwendungsgebiet<\/p>\n<p>Anti-Aging \u2013 Falten \u2013 Pigmentflecken<\/p>\n<p>Anwendung<\/p>\n<p>Morgens auf die gereinigte, trockene Haut auftragen. Allein oder nach dem Liftactiv Specialist B3 Serum anwenden. Augenpartie aussparen.<\/p>\n<p>Inhaltsstoffe<\/p>\n<p>AQUA \/ WASSER \/ EAU \u2022 GLYCERIN \u2022 DIMETHICONE \u2022 SILICA \u2022 ISOHEXADECANE \u2022 ALCOHOL DENAT. \u2022 Hydroxyethylpiperazin-Ethansulfons\u00e4ure \u2022 Niacinamid \u2022 Propandiol \u2022 Synthetisches Wachs \u2022 PEG-10 Dimethicon \u2022 Hydrolysiertes Reisprotein \u2022 Natriumphytat \u2022 Adenosin \u2022 Grifola frondosa Fruchtk\u00f6rperextrakt \u2022 Hydroxyacetophenon \u2022 Palmitoyltetrapeptid-7 \u2022 Palmitoyltripeptid-1 \u2022 Rhamnose \u2022 SH-Polypeptid-69 \u2022 Natriumhydroxid \u2022 Ascorbylglucosid \u2022 Disteardimoniumhectorit \u2022 Butylenglykol \u2022 Capryl-\/Caprins\u00e4uretriglycerid \u2022 Caprylylglykol \u2022 Carbomer \u2022 Ceteareth-6 \u2022 CI 77891 \/ Titandioxid \u2022 Maltodextrin \u2022 Pentylenglykol \u2022 Polysorbat 20 \u2022 Propylencarbonat \u2022 Natriumacrylat-Copolymer \u2022 Natriumchlorid \u2022 Natriumcitrat \u2022 Natriumlactat \u2022 Natriumphosphat \u2022 Sorbitanoleat \u2022 Stearylalkohol \u2022 Synthetisches Fluorphlogopit \u2022 Tocopherol \u2022 Maisst\u00e4rke \u2022 Dimethicon\/PEG-10\/15-Crosspolymer \u2022 Dimethicon\/Polyglycerin-3-Crosspolymer \u2022 CI 15985 \/ Gelb 6 \u2022 Dipropylenglykol \u2022 Parfum \/ Duftstoff (F.I.L. N70055335\/2).<\/p>","protected":false},"excerpt":{"rendered":"<p>Mit zunehmendem Alter nimmt die Kollagenproduktion ab. Dies beschleunigt die Anzeichen der Hautalterung, insbesondere um die Augen. Die neue Liftactiv Collagen 16 Tagescreme, entwickelt von Vichy-Experten, bek\u00e4mpft dank ihrer innovativen und einzigartigen Co-Bonding-Technologie 16 Anzeichen der Hautalterung*: Schwellungen, Augenringe, F\u00e4ltchen unter den Augen, Unreinheiten, feine Linien, nachlassende Festigkeit, schlaffe Haut, mangelnde Elastizit\u00e4t, Hautstruktur, Anzeichen von [&hellip;]<\/p>\n","protected":false},"featured_media":54064,"template":"","meta":{"_acf_changed":false,"footnotes":""},"product_brand":[],"product_cat":[54],"product_tag":[],"class_list":{"0":"post-54062","1":"product","2":"type-product","3":"status-publish","4":"has-post-thumbnail","6":"product_cat-soins-du-visage","8":"first","9":"instock","10":"taxable","11":"shipping-taxable","12":"purchasable","13":"product-type-simple"},"acf":[],"_links":{"self":[{"href":"https:\/\/www.pharmacieonline.lu\/de\/wp-json\/wp\/v2\/product\/54062","targetHints":{"allow":["GET"]}}],"collection":[{"href":"https:\/\/www.pharmacieonline.lu\/de\/wp-json\/wp\/v2\/product"}],"about":[{"href":"https:\/\/www.pharmacieonline.lu\/de\/wp-json\/wp\/v2\/types\/product"}],"version-history":[{"count":3,"href":"https:\/\/www.pharmacieonline.lu\/de\/wp-json\/wp\/v2\/product\/54062\/revisions"}],"predecessor-version":[{"id":54066,"href":"https:\/\/www.pharmacieonline.lu\/de\/wp-json\/wp\/v2\/product\/54062\/revisions\/54066"}],"wp:featuredmedia":[{"embeddable":true,"href":"https:\/\/www.pharmacieonline.lu\/de\/wp-json\/wp\/v2\/media\/54064"}],"wp:attachment":[{"href":"https:\/\/www.pharmacieonline.lu\/de\/wp-json\/wp\/v2\/media?parent=54062"}],"wp:term":[{"taxonomy":"product_brand","embeddable":true,"href":"https:\/\/www.pharmacieonline.lu\/de\/wp-json\/wp\/v2\/product_brand?post=54062"},{"taxonomy":"product_cat","embeddable":true,"href":"https:\/\/www.pharmacieonline.lu\/de\/wp-json\/wp\/v2\/product_cat?post=54062"},{"taxonomy":"product_tag","embeddable":true,"href":"https:\/\/www.pharmacieonline.lu\/de\/wp-json\/wp\/v2\/product_tag?post=54062"}],"curies":[{"name":"wp","href":"https:\/\/api.w.org\/{rel}","templated":true}]}}