{"id":54067,"date":"2026-02-09T17:19:01","date_gmt":"2026-02-09T16:19:01","guid":{"rendered":"https:\/\/www.pharmacieonline.lu\/?post_type=product&#038;p=54067"},"modified":"2026-04-05T17:55:04","modified_gmt":"2026-04-05T15:55:04","slug":"vichy-lift-cs16-glow-boosting-gel-50ml","status":"publish","type":"product","link":"https:\/\/www.pharmacieonline.lu\/de\/produit\/vichy-lift-cs16-glow-boosting-gel-50ml\/","title":{"rendered":"VICHY LIFT CS16 GLOW BOOSTING GEL 50ML"},"content":{"rendered":"<p>Vichy Liftactiv Collagen Specialist 16 Glow Boosting Gel ist das erste Gel mit unsichtbarer Textur, das dank Co-Bonding-Technologie alle Kollagentypen stimuliert und verbindet*. Dieses Gel mit schnell einziehendem Finish wirkt 16 Zeichen j\u00fcnger aussehender Haut entgegen: Ausstrahlung, 24-Stunden-Feuchtigkeit, ein pralleres Aussehen, Vitalit\u00e4t, Spannkraft, weniger F\u00e4ltchen, Festigkeit, Elastizit\u00e4t, Geschmeidigkeit, ein ebenm\u00e4\u00dfiger Teint, Geschmeidigkeit, ein verfeinertes Hautbild, verkleinerte Poren, Talgregulierung, ein ebenm\u00e4\u00dfiger Hautton und Zartheit. Es ist f\u00fcr empfindliche Haut geeignet und auf allen Hauttypen unsichtbar. *In-vitro-Test f\u00fcr Wirkstoffe basierend auf Kollagen I und III.<\/p>\n<p>Indikation<\/p>\n<p>Anti-Aging-Pflege f\u00fcr strahlende Haut.<\/p>\n<p>Anwendung<\/p>\n<p>Morgens und abends auf das gereinigte und getrocknete Gesicht auftragen. Einige Tropfen Gel auf das Gesicht geben, dabei die Augenpartie aussparen.<\/p>\n<p>Zusammensetzung<\/p>\n<p>INHALTSSTOFFE: AQUA \/ WATER \/ EAU \u2022 GLYCERIN \u2022 ALCOHOL DENAT. \u2022 Niacinamid \u2022 Dimethicon \u2022 Butylenglykol \u2022 Isononylisononanoat \u2022 Tocopherylacetat \u2022 Ceramid NP \u2022 Biosaccharidgummi-1 \u2022 Capryloylsalicyls\u00e4ure \u2022 Caprylylglykol \u2022 Carbomer \u2022 Zitronens\u00e4ure \u2022 Grifola frondosa Fruchtk\u00f6rperextrakt \u2022 Hydroxyacetophenon \u2022 Maltodextrin \u2022 Mentoxypropandiol \u2022 Palmitoyltetrapeptid-7 \u2022 Palmitoyltripepeptid-1 \u2022 Polysorbat 20 \u2022 Pseudoalteromonas-Fermentextrakt \u2022 Rhamnose \u2022 Natriumhyaluronat \u2022 Natriumhydroxid \u2022 Natriumlactat \u2022 Trinatriumethylendiamindisuccinat \u2022 Xanthangummi \u2022 Dimethiconol \u2022 SALICYLS\u00c4URE \u2022 PARF\u00dcM \/ DUFTSTOFF (F.I.L. N70066700\/1).<\/p>","protected":false},"excerpt":{"rendered":"<p>Vichy Liftactiv Collagen Specialist 16 Glow Boosting Gel ist das erste Gel mit unsichtbarer Textur, das dank Co-Bonding-Technologie alle Kollagentypen stimuliert und verbindet*. Dieses Gel mit schnell einziehendem Finish wirkt 16 Zeichen j\u00fcnger aussehender Haut entgegen: Ausstrahlung, 24-Stunden-Feuchtigkeit, ein pralleres Aussehen, Vitalit\u00e4t, Spannkraft, weniger F\u00e4ltchen, Festigkeit, Elastizit\u00e4t, Geschmeidigkeit, ein ebenm\u00e4\u00dfiger Teint, Geschmeidigkeit, ein verfeinertes Hautbild, [&hellip;]<\/p>\n","protected":false},"featured_media":54070,"template":"","meta":{"_acf_changed":false,"footnotes":""},"product_brand":[],"product_cat":[54],"product_tag":[],"class_list":{"0":"post-54067","1":"product","2":"type-product","3":"status-publish","4":"has-post-thumbnail","6":"product_cat-soins-du-visage","8":"first","9":"instock","10":"taxable","11":"shipping-taxable","12":"purchasable","13":"product-type-simple"},"acf":[],"_links":{"self":[{"href":"https:\/\/www.pharmacieonline.lu\/de\/wp-json\/wp\/v2\/product\/54067","targetHints":{"allow":["GET"]}}],"collection":[{"href":"https:\/\/www.pharmacieonline.lu\/de\/wp-json\/wp\/v2\/product"}],"about":[{"href":"https:\/\/www.pharmacieonline.lu\/de\/wp-json\/wp\/v2\/types\/product"}],"version-history":[{"count":3,"href":"https:\/\/www.pharmacieonline.lu\/de\/wp-json\/wp\/v2\/product\/54067\/revisions"}],"predecessor-version":[{"id":54071,"href":"https:\/\/www.pharmacieonline.lu\/de\/wp-json\/wp\/v2\/product\/54067\/revisions\/54071"}],"wp:featuredmedia":[{"embeddable":true,"href":"https:\/\/www.pharmacieonline.lu\/de\/wp-json\/wp\/v2\/media\/54070"}],"wp:attachment":[{"href":"https:\/\/www.pharmacieonline.lu\/de\/wp-json\/wp\/v2\/media?parent=54067"}],"wp:term":[{"taxonomy":"product_brand","embeddable":true,"href":"https:\/\/www.pharmacieonline.lu\/de\/wp-json\/wp\/v2\/product_brand?post=54067"},{"taxonomy":"product_cat","embeddable":true,"href":"https:\/\/www.pharmacieonline.lu\/de\/wp-json\/wp\/v2\/product_cat?post=54067"},{"taxonomy":"product_tag","embeddable":true,"href":"https:\/\/www.pharmacieonline.lu\/de\/wp-json\/wp\/v2\/product_tag?post=54067"}],"curies":[{"name":"wp","href":"https:\/\/api.w.org\/{rel}","templated":true}]}}