{"id":54072,"date":"2026-02-09T17:22:29","date_gmt":"2026-02-09T16:22:29","guid":{"rendered":"https:\/\/www.pharmacieonline.lu\/?post_type=product&#038;p=54072"},"modified":"2026-04-05T17:55:04","modified_gmt":"2026-04-05T15:55:04","slug":"vichy-liftactiv-supreme-jour-ps-50-ml-2","status":"publish","type":"product","link":"https:\/\/www.pharmacieonline.lu\/de\/produit\/vichy-liftactiv-supreme-jour-ps-50-ml-2\/","title":{"rendered":"VICHY LIFTACTIV SUPREME JOUR PS 50 ML"},"content":{"rendered":"<p>Allgemeine Beschreibung<br \/>\nAnti-Falten-Tagescreme f\u00fcr trockene Haut, korrigierend und straffend. Diese Tagescreme reduziert Falten und Unreinheiten und verleiht einen strahlenden Teint. Die Haut ist den ganzen Tag \u00fcber widerstandsf\u00e4higer, und die Gesichtsz\u00fcge wirken jugendlich und entspannt. Nach einem Monat sind Falten gemildert und die Haut sichtbar straffer.<\/p>\n<p>Anwendung<br \/>\nF\u00fcr alle Frauen mit trockener Haut<br \/>\nAnwendung<br \/>\nReinigen Sie morgens Ihr Gesicht und tragen Sie anschlie\u00dfend die LiftActiv Supreme Anti-Aging Tagescreme auf das gesamte Gesicht auf. Die Creme kann auch abends angewendet werden.<\/p>\n<p>Inhaltsstoffe<br \/>\nAqua\/Wasser \u2022 Glycerin \u2022 Dimethicon \u2022 Rhamnose \u2022 Isohexadecan \u2022 Alkohol (Isohexadecan) \u2022 Propandiol \u2022 Isopropylisostearat \u2022 Vinyl-Dimethicon\/Methicon-Silsesquioxan-Crosspolymer \u2022 Cetylalkohol \u2022 Dimethicon\/Vinyl-Dimethicon-Crosspolymer \u2022 Behenylalkohol \u2022 Nylon-12 \u2022 PEG-100-Stearat \u2022 CI 77163 \/ Bismutoxychlorid \u2022 CI 77891 \/ Titandioxid \u2022 Stearins\u00e4ure \u2022 Stearylalkohol \u2022 Arachidylalkohol \u2022 Cetearylalkohol \u2022 Cetearylglucosid \u2022 Koffein \u2022 Neohesperidindihydrochalcon \u2022 Palmitins\u00e4ure \u2022 Phenoxyethanol \u2022 Adenosin \u2022 Ammoniumpolyacryldimethyltauramid \/ Ammoniumpolyacryloyldimethyltaurat \u2022 Dinatriumstearoylglutamat \u2022 Dinatriumedetat \u2022 Caprylylglycol \u2022 Zitronens\u00e4ure \u2022 Synthetisches Fluorphlogopit Acrylamid\/Natriumacryloyldimethyltaurat-Copolymer \u2022 Ethylhexylhydroxystearat \u2022 Polysorbat 80 \u2022 Parfum\/Duftstoff \u2022 Code F.I.L.B165780\/2&#8243;<\/p>","protected":false},"excerpt":{"rendered":"<p>Allgemeine Beschreibung Anti-Falten-Tagescreme f\u00fcr trockene Haut, korrigierend und straffend. Diese Tagescreme reduziert Falten und Unreinheiten und verleiht einen strahlenden Teint. Die Haut ist den ganzen Tag \u00fcber widerstandsf\u00e4higer, und die Gesichtsz\u00fcge wirken jugendlich und entspannt. Nach einem Monat sind Falten gemildert und die Haut sichtbar straffer. Anwendung F\u00fcr alle Frauen mit trockener Haut Anwendung Reinigen [&hellip;]<\/p>\n","protected":false},"featured_media":54076,"template":"","meta":{"_acf_changed":false,"footnotes":""},"product_brand":[],"product_cat":[54],"product_tag":[],"class_list":{"0":"post-54072","1":"product","2":"type-product","3":"status-publish","4":"has-post-thumbnail","6":"product_cat-soins-du-visage","8":"first","9":"instock","10":"taxable","11":"shipping-taxable","12":"purchasable","13":"product-type-simple"},"acf":[],"_links":{"self":[{"href":"https:\/\/www.pharmacieonline.lu\/de\/wp-json\/wp\/v2\/product\/54072","targetHints":{"allow":["GET"]}}],"collection":[{"href":"https:\/\/www.pharmacieonline.lu\/de\/wp-json\/wp\/v2\/product"}],"about":[{"href":"https:\/\/www.pharmacieonline.lu\/de\/wp-json\/wp\/v2\/types\/product"}],"version-history":[{"count":2,"href":"https:\/\/www.pharmacieonline.lu\/de\/wp-json\/wp\/v2\/product\/54072\/revisions"}],"predecessor-version":[{"id":54078,"href":"https:\/\/www.pharmacieonline.lu\/de\/wp-json\/wp\/v2\/product\/54072\/revisions\/54078"}],"wp:featuredmedia":[{"embeddable":true,"href":"https:\/\/www.pharmacieonline.lu\/de\/wp-json\/wp\/v2\/media\/54076"}],"wp:attachment":[{"href":"https:\/\/www.pharmacieonline.lu\/de\/wp-json\/wp\/v2\/media?parent=54072"}],"wp:term":[{"taxonomy":"product_brand","embeddable":true,"href":"https:\/\/www.pharmacieonline.lu\/de\/wp-json\/wp\/v2\/product_brand?post=54072"},{"taxonomy":"product_cat","embeddable":true,"href":"https:\/\/www.pharmacieonline.lu\/de\/wp-json\/wp\/v2\/product_cat?post=54072"},{"taxonomy":"product_tag","embeddable":true,"href":"https:\/\/www.pharmacieonline.lu\/de\/wp-json\/wp\/v2\/product_tag?post=54072"}],"curies":[{"name":"wp","href":"https:\/\/api.w.org\/{rel}","templated":true}]}}