{"id":54108,"date":"2026-02-12T14:15:26","date_gmt":"2026-02-12T13:15:26","guid":{"rendered":"https:\/\/www.pharmacieonline.lu\/?post_type=product&#038;p=54108"},"modified":"2026-04-04T05:55:05","modified_gmt":"2026-04-04T03:55:05","slug":"nuxe-prod-hyalu-boost-serum-eclat-30ml","status":"publish","type":"product","link":"https:\/\/www.pharmacieonline.lu\/de\/produit\/nuxe-prod-hyalu-boost-serum-eclat-30ml\/","title":{"rendered":"NUXE PROD HYALU BOOST SERUM ECLAT 30ML"},"content":{"rendered":"<p>Lassen Sie die professionelle Feuchtigkeitspflege von Prodigieuse\u00ae [HYALU] Boost Ihre Haut im Schlaf verw\u00f6hnen. Nacht f\u00fcr Nacht wird sie aufgepolstert und gegl\u00e4ttet, Pigmentflecken werden gemildert, Ihre Augen wirken erfrischt: Sie strahlen!<\/p>\n<p>&#8211; Anti-Pigmentflecken-Serum f\u00fcr strahlende Haut<br \/>\nGeben Sie eine halbe Pipette des Serums auf und verteilen Sie es zwischen Ihren Fingern. Tragen Sie es mit beiden H\u00e4nden auf Ihr Gesicht auf, immer von der Mitte nach au\u00dfen. Tragen Sie es auch auf Hals und Dekollet\u00e9 auf.<\/p>\n<p>&#8211; Regenerierendes Nacht-\u00d6l-Balsam<br \/>\nNehmen Sie abends nach dem Auftragen Ihres Nuxe-Serums eine gro\u00dfz\u00fcgige Menge des Balsams und erw\u00e4rmen Sie ihn zwischen Ihren H\u00e4nden. Tragen Sie den Balsam mit beiden H\u00e4nden auf Ihr gesamtes Gesicht auf und streichen Sie dabei immer von der Mitte nach au\u00dfen. Vergessen Sie nicht Hals und Dekollet\u00e9, die ebenfalls Ihre volle Aufmerksamkeit verdienen. Massieren Sie den Balsam sanft ein, bis er vollst\u00e4ndig eingezogen ist. Zum Schluss legen Sie Ihre H\u00e4nde sanft auf Ihre Wangen, dann auf Ihre Stirn und Ihr Kinn und schlie\u00dflich auf die Gesichtsmitte um Ihre Nase herum, um eine wohltuende und pflegende Massage zu genie\u00dfen.<\/p>\n<p>&#8211; Erfrischender Augen-Stick<br \/>\nTragen Sie den Stick morgens und abends unter dem unteren Augenlid vom inneren Augenwinkel nach au\u00dfen und anschlie\u00dfend \u00fcber dem oberen Augenlid, ebenfalls vom inneren Augenwinkel nach au\u00dfen, auf. F\u00fcr noch mehr Frische k\u00f6nnen Sie Ihren Stick im K\u00fchlschrank aufbewahren.<\/p>","protected":false},"excerpt":{"rendered":"<p>Lassen Sie die professionelle Feuchtigkeitspflege von Prodigieuse\u00ae [HYALU] Boost Ihre Haut im Schlaf verw\u00f6hnen. Nacht f\u00fcr Nacht wird sie aufgepolstert und gegl\u00e4ttet, Pigmentflecken werden gemildert, Ihre Augen wirken erfrischt: Sie strahlen! &#8211; Anti-Pigmentflecken-Serum f\u00fcr strahlende Haut Geben Sie eine halbe Pipette des Serums auf und verteilen Sie es zwischen Ihren Fingern. Tragen Sie es mit [&hellip;]<\/p>\n","protected":false},"featured_media":54109,"template":"","meta":{"_acf_changed":false,"footnotes":""},"product_brand":[],"product_cat":[54],"product_tag":[],"class_list":{"0":"post-54108","1":"product","2":"type-product","3":"status-publish","4":"has-post-thumbnail","6":"product_cat-soins-du-visage","8":"first","9":"outofstock","10":"taxable","11":"shipping-taxable","12":"purchasable","13":"product-type-simple"},"acf":[],"_links":{"self":[{"href":"https:\/\/www.pharmacieonline.lu\/de\/wp-json\/wp\/v2\/product\/54108","targetHints":{"allow":["GET"]}}],"collection":[{"href":"https:\/\/www.pharmacieonline.lu\/de\/wp-json\/wp\/v2\/product"}],"about":[{"href":"https:\/\/www.pharmacieonline.lu\/de\/wp-json\/wp\/v2\/types\/product"}],"version-history":[{"count":1,"href":"https:\/\/www.pharmacieonline.lu\/de\/wp-json\/wp\/v2\/product\/54108\/revisions"}],"predecessor-version":[{"id":54110,"href":"https:\/\/www.pharmacieonline.lu\/de\/wp-json\/wp\/v2\/product\/54108\/revisions\/54110"}],"wp:featuredmedia":[{"embeddable":true,"href":"https:\/\/www.pharmacieonline.lu\/de\/wp-json\/wp\/v2\/media\/54109"}],"wp:attachment":[{"href":"https:\/\/www.pharmacieonline.lu\/de\/wp-json\/wp\/v2\/media?parent=54108"}],"wp:term":[{"taxonomy":"product_brand","embeddable":true,"href":"https:\/\/www.pharmacieonline.lu\/de\/wp-json\/wp\/v2\/product_brand?post=54108"},{"taxonomy":"product_cat","embeddable":true,"href":"https:\/\/www.pharmacieonline.lu\/de\/wp-json\/wp\/v2\/product_cat?post=54108"},{"taxonomy":"product_tag","embeddable":true,"href":"https:\/\/www.pharmacieonline.lu\/de\/wp-json\/wp\/v2\/product_tag?post=54108"}],"curies":[{"name":"wp","href":"https:\/\/api.w.org\/{rel}","templated":true}]}}