{"id":54111,"date":"2026-02-12T14:20:22","date_gmt":"2026-02-12T13:20:22","guid":{"rendered":"https:\/\/www.pharmacieonline.lu\/?post_type=product&#038;p=54111"},"modified":"2026-04-04T05:55:05","modified_gmt":"2026-04-04T03:55:05","slug":"nuxe-prod-hyalu-boost-stick-defatig-10g","status":"publish","type":"product","link":"https:\/\/www.pharmacieonline.lu\/de\/produit\/nuxe-prod-hyalu-boost-stick-defatig-10g\/","title":{"rendered":"NUXE PROD HYALU BOOST STICK DEFATIG 10G"},"content":{"rendered":"<p>Innovative Hautpflege f\u00fcr einen strahlenden Blick!<\/p>\n<p>Erwecken Sie Ihre Augen mit diesem feuchtigkeitsspendenden Stick mit eisigem Effekt.<\/p>\n<p>Angereichert mit Koffein, das Schwellungen und Augenringe reduziert, erfrischt und gl\u00e4ttet diese Pflege m\u00fcde Augen. Sie sehen erholt aus, wie nach einer erholsamen Nacht.<\/p>\n<p>Die Haut ist sofort gegl\u00e4ttet und mit Feuchtigkeit versorgt, die Augen strahlen.<\/p>\n<p>Im Zentrum der hochwirksamen Formel steht ein Duo aus Experten-Aktivstoffen:<\/p>\n<p>&#8211; Niedermolekulare Hyalurons\u00e4ure: spendet Feuchtigkeit und verbessert die Hautelastizit\u00e4t<br \/>\n&#8211; Koffein<\/p>\n<p>Das Besondere? Die ultra-frische, rosafarbene Textur mit eisigem Effekt und ohne zu kleben.<\/p>\n<p>Klinisch nachgewiesene Wirksamkeit:<\/p>\n<p>&#8211; Sofort: 93 % der Anwenderinnen f\u00fchlen sich erfrischt\u207d\u2074\u207e<br \/>\n&#8211; 90 % der Anwenderinnen empfinden ihre Haut als hydratisiert\u207d\u2074\u207e<\/p>\n<p>&#8211; Nach 7 Tagen: Die Augenpartie wirkt erfrischt und die Augen sehen bei 90 % der Anwenderinnen frischer aus\u207d\u00b9\u207e.<\/p>\n<p>Die Augenpartie wirkt bei 90 % der Anwenderinnen aufgepolstert\u207d\u00b9\u207e.<\/p>\n<p>Nach 1 Monat: Die Augenpartie wirkt bei 90 % der Anwenderinnen gegl\u00e4ttet\u207d\u2075\u207e.<\/p>\n<p>Parf\u00fcmfrei. Dermatologisch und augen\u00e4rztlich getestet. F\u00fcr alle Hauttypen geeignet.<\/p>\n<p>\u207d\u00b9\u207e Verbrauchertest \u2013 29 Anwenderinnen. Zufriedenheit nach 7 Tagen.<\/p>\n<p>\u207d\u00b2\u207e Verbrauchertest \u2013 20 Anwenderinnen. Dermatologisch beurteilte Verbesserung nach 56 Tagen.<\/p>\n<p>\u207d\u00b3\u207e Anwendertest \u2013 16 Anwender. Prozentuale Verbesserung, beurteilt vom Dermatologen nach 56 Tagen.<br \/>\n\u207d\u2074\u207e Anwendertest \u2013 29 Anwender. Prozentuale Zufriedenheit unmittelbar nach dem Eingriff.<br \/>\n\u207d\u2075\u207e Anwendertest \u2013 29 Anwender. Prozentuale Zufriedenheit nach 28 Tagen.<\/p>","protected":false},"excerpt":{"rendered":"<p>Innovative Hautpflege f\u00fcr einen strahlenden Blick! Erwecken Sie Ihre Augen mit diesem feuchtigkeitsspendenden Stick mit eisigem Effekt. Angereichert mit Koffein, das Schwellungen und Augenringe reduziert, erfrischt und gl\u00e4ttet diese Pflege m\u00fcde Augen. Sie sehen erholt aus, wie nach einer erholsamen Nacht. Die Haut ist sofort gegl\u00e4ttet und mit Feuchtigkeit versorgt, die Augen strahlen. Im Zentrum [&hellip;]<\/p>\n","protected":false},"featured_media":54112,"template":"","meta":{"_acf_changed":false,"footnotes":""},"product_brand":[],"product_cat":[54],"product_tag":[],"class_list":{"0":"post-54111","1":"product","2":"type-product","3":"status-publish","4":"has-post-thumbnail","6":"product_cat-soins-du-visage","8":"first","9":"instock","10":"taxable","11":"shipping-taxable","12":"purchasable","13":"product-type-simple"},"acf":[],"_links":{"self":[{"href":"https:\/\/www.pharmacieonline.lu\/de\/wp-json\/wp\/v2\/product\/54111","targetHints":{"allow":["GET"]}}],"collection":[{"href":"https:\/\/www.pharmacieonline.lu\/de\/wp-json\/wp\/v2\/product"}],"about":[{"href":"https:\/\/www.pharmacieonline.lu\/de\/wp-json\/wp\/v2\/types\/product"}],"version-history":[{"count":1,"href":"https:\/\/www.pharmacieonline.lu\/de\/wp-json\/wp\/v2\/product\/54111\/revisions"}],"predecessor-version":[{"id":54113,"href":"https:\/\/www.pharmacieonline.lu\/de\/wp-json\/wp\/v2\/product\/54111\/revisions\/54113"}],"wp:featuredmedia":[{"embeddable":true,"href":"https:\/\/www.pharmacieonline.lu\/de\/wp-json\/wp\/v2\/media\/54112"}],"wp:attachment":[{"href":"https:\/\/www.pharmacieonline.lu\/de\/wp-json\/wp\/v2\/media?parent=54111"}],"wp:term":[{"taxonomy":"product_brand","embeddable":true,"href":"https:\/\/www.pharmacieonline.lu\/de\/wp-json\/wp\/v2\/product_brand?post=54111"},{"taxonomy":"product_cat","embeddable":true,"href":"https:\/\/www.pharmacieonline.lu\/de\/wp-json\/wp\/v2\/product_cat?post=54111"},{"taxonomy":"product_tag","embeddable":true,"href":"https:\/\/www.pharmacieonline.lu\/de\/wp-json\/wp\/v2\/product_tag?post=54111"}],"curies":[{"name":"wp","href":"https:\/\/api.w.org\/{rel}","templated":true}]}}