{"id":54117,"date":"2026-02-12T14:25:28","date_gmt":"2026-02-12T13:25:28","guid":{"rendered":"https:\/\/www.pharmacieonline.lu\/?post_type=product&#038;p=54117"},"modified":"2026-04-04T07:55:06","modified_gmt":"2026-04-04T05:55:06","slug":"nuxe-prod-hyalu-boost-gel-creme-50ml","status":"publish","type":"product","link":"https:\/\/www.pharmacieonline.lu\/de\/produit\/nuxe-prod-hyalu-boost-gel-creme-50ml\/","title":{"rendered":"NUXE PROD HYALU BOOST GEL CREME 50ML"},"content":{"rendered":"<p>Sofort mit Feuchtigkeit versorgte Haut.<\/p>\n<p>Diese Gel-Creme mit ihrer frischen Textur verfeinert und gl\u00e4ttet die Hautstruktur und verleiht ihr neue Strahlkraft. Sie wurde speziell f\u00fcr normale bis Mischhaut entwickelt und verbessert die Hautqualit\u00e4t und das Hautbild. Die Haut wird mit Feuchtigkeit versorgt, die Hautbarriere gest\u00e4rkt und Trockenheitsf\u00e4ltchen gemildert.<\/p>\n<p>Zus\u00e4tzlicher Vorteil: Die nicht-klebrige Geltextur sorgt f\u00fcr einen Frischekick.<\/p>\n<p>Klinisch nachgewiesene Wirksamkeit: Bereits nach der ersten Anwendung ist die Haut glatter und strahlender.<\/p>\n<p>Nach nur 7 Tagen:<\/p>\n<p>&#8211; Die Poren sind verfeinert.<\/p>\n<p>&#8211; Die Haut wirkt bei 87 % der Anwenderinnen praller und glatter\u207d\u00b3\u207e.<\/p>\n<p>&#8211; Die Ausstrahlung wird bei 90 % der Anwenderinnen verst\u00e4rkt\u207d\u00b3\u207e.<\/p>\n<p>\u207d\u00b9\u207e Verbrauchertest \u2013 31 Anwenderinnen. Zufriedenheitsrate direkt nach der Anwendung.<\/p>\n<p>\u207d\u00b2\u207e Anwendungstest \u2013 31 Anwenderinnen. Zufriedenheitsrate nach 28 Tagen.<\/p>\n<p>\u207d\u00b3\u207e Nutzungstest \u2013 31 Nutzer. Zufriedenheitsrate nach 7 Tagen.<\/p>","protected":false},"excerpt":{"rendered":"<p>Sofort mit Feuchtigkeit versorgte Haut. Diese Gel-Creme mit ihrer frischen Textur verfeinert und gl\u00e4ttet die Hautstruktur und verleiht ihr neue Strahlkraft. Sie wurde speziell f\u00fcr normale bis Mischhaut entwickelt und verbessert die Hautqualit\u00e4t und das Hautbild. Die Haut wird mit Feuchtigkeit versorgt, die Hautbarriere gest\u00e4rkt und Trockenheitsf\u00e4ltchen gemildert. Zus\u00e4tzlicher Vorteil: Die nicht-klebrige Geltextur sorgt f\u00fcr [&hellip;]<\/p>\n","protected":false},"featured_media":54118,"template":"","meta":{"_acf_changed":false,"footnotes":""},"product_brand":[],"product_cat":[54],"product_tag":[],"class_list":{"0":"post-54117","1":"product","2":"type-product","3":"status-publish","4":"has-post-thumbnail","6":"product_cat-soins-du-visage","8":"first","9":"outofstock","10":"taxable","11":"shipping-taxable","12":"purchasable","13":"product-type-simple"},"acf":[],"_links":{"self":[{"href":"https:\/\/www.pharmacieonline.lu\/de\/wp-json\/wp\/v2\/product\/54117","targetHints":{"allow":["GET"]}}],"collection":[{"href":"https:\/\/www.pharmacieonline.lu\/de\/wp-json\/wp\/v2\/product"}],"about":[{"href":"https:\/\/www.pharmacieonline.lu\/de\/wp-json\/wp\/v2\/types\/product"}],"version-history":[{"count":2,"href":"https:\/\/www.pharmacieonline.lu\/de\/wp-json\/wp\/v2\/product\/54117\/revisions"}],"predecessor-version":[{"id":54123,"href":"https:\/\/www.pharmacieonline.lu\/de\/wp-json\/wp\/v2\/product\/54117\/revisions\/54123"}],"wp:featuredmedia":[{"embeddable":true,"href":"https:\/\/www.pharmacieonline.lu\/de\/wp-json\/wp\/v2\/media\/54118"}],"wp:attachment":[{"href":"https:\/\/www.pharmacieonline.lu\/de\/wp-json\/wp\/v2\/media?parent=54117"}],"wp:term":[{"taxonomy":"product_brand","embeddable":true,"href":"https:\/\/www.pharmacieonline.lu\/de\/wp-json\/wp\/v2\/product_brand?post=54117"},{"taxonomy":"product_cat","embeddable":true,"href":"https:\/\/www.pharmacieonline.lu\/de\/wp-json\/wp\/v2\/product_cat?post=54117"},{"taxonomy":"product_tag","embeddable":true,"href":"https:\/\/www.pharmacieonline.lu\/de\/wp-json\/wp\/v2\/product_tag?post=54117"}],"curies":[{"name":"wp","href":"https:\/\/api.w.org\/{rel}","templated":true}]}}