{"id":54120,"date":"2026-02-12T14:28:41","date_gmt":"2026-02-12T13:28:41","guid":{"rendered":"https:\/\/www.pharmacieonline.lu\/?post_type=product&#038;p=54120"},"modified":"2026-04-04T07:55:06","modified_gmt":"2026-04-04T05:55:06","slug":"nuxe-prod-hyalu-boost-gel-creme-50ml-2","status":"publish","type":"product","link":"https:\/\/www.pharmacieonline.lu\/de\/produit\/nuxe-prod-hyalu-boost-gel-creme-50ml-2\/","title":{"rendered":"NUXE PROD HYALU BOOST GEL CREME 50ML"},"content":{"rendered":"<p>Der Experte f\u00fcr aufpolsternde Haut mit babyweichem Effekt!<\/p>\n<p>Dieser reichhaltige, pflegende Balsam sorgt schon ab der ersten Nacht f\u00fcr sichtbare Ergebnisse. Er spendet Feuchtigkeit, polstert die Haut auf und st\u00e4rkt gleichzeitig die Hautbarriere. Morgens f\u00fchlt sich die Haut babyweich an: glatt, gen\u00e4hrt und mit gemilderten F\u00e4ltchen. Die Haut wirkt erholt wie nach einer erholsamen Nacht und strahlt. Nacht f\u00fcr Nacht gewinnt sie an Spannkraft zur\u00fcck und die Hautqualit\u00e4t verbessert sich.<\/p>\n<p>Im Zentrum der hochwirksamen Formel steht ein hochwirksames Feuchtigkeitsduo mit mehreren Molek\u00fclen:<\/p>\n<p>&#8211; Niedermolekulare Hyalurons\u00e4ure: spendet Feuchtigkeit<\/p>\n<p>&#8211; Hochmolekulare Polyglutamins\u00e4ure: polstert die Haut auf und st\u00e4rkt die Hautbarriere<\/p>\n<p>Klinisch nachgewiesene Wirksamkeit:<br \/>\nAb der ersten Nacht:<\/p>\n<p>&#8211; Die Haut wirkt glatter<\/p>\n<p>Nach 1 Monat:<\/p>\n<p>&#8211; Bei 87 % der Anwenderinnen wirkt die Haut aufgepolstert\u207d\u00b9\u207e.<\/p>\n<p>&#8211; Morgens nach dem Aufwachen f\u00fchlt sich die Haut erfrischt an und Falten sind bei 87 % der Anwenderinnen gemildert\u207d\u00b9\u207e.<\/p>\n<p>&#8211; Die Haut f\u00fchlt sich bei 90 % der Anwenderinnen glatter an\u207d\u00b9\u207e.<\/p>\n<p>&#8211; Die Hautqualit\u00e4t verbessert sich bei 97 % der Anwenderinnen\u207d\u00b9\u207e.<\/p>\n<p>Frischer und spritziger Duft mit Noten von Jasmin und wei\u00dfem Moschus. F\u00fcr alle Hautt\u00f6ne und -typen geeignet.<\/p>\n<p>\u207d\u00b9\u207e Anwendungstest \u2013 30 Anwenderinnen. Zufriedenheit in % nach 28 Tagen.<\/p>\n<p>\u207d\u00b2\u207e Anwendungstest \u2013 30 Anwenderinnen. Von Probandinnen bewertete Verbesserung in % nach 28 Tagen.<\/p>","protected":false},"excerpt":{"rendered":"<p>Der Experte f\u00fcr aufpolsternde Haut mit babyweichem Effekt! Dieser reichhaltige, pflegende Balsam sorgt schon ab der ersten Nacht f\u00fcr sichtbare Ergebnisse. Er spendet Feuchtigkeit, polstert die Haut auf und st\u00e4rkt gleichzeitig die Hautbarriere. Morgens f\u00fchlt sich die Haut babyweich an: glatt, gen\u00e4hrt und mit gemilderten F\u00e4ltchen. Die Haut wirkt erholt wie nach einer erholsamen Nacht [&hellip;]<\/p>\n","protected":false},"featured_media":54121,"template":"","meta":{"_acf_changed":false,"footnotes":""},"product_brand":[],"product_cat":[54],"product_tag":[],"class_list":{"0":"post-54120","1":"product","2":"type-product","3":"status-publish","4":"has-post-thumbnail","6":"product_cat-soins-du-visage","8":"first","9":"outofstock","10":"taxable","11":"shipping-taxable","12":"purchasable","13":"product-type-simple"},"acf":[],"_links":{"self":[{"href":"https:\/\/www.pharmacieonline.lu\/de\/wp-json\/wp\/v2\/product\/54120","targetHints":{"allow":["GET"]}}],"collection":[{"href":"https:\/\/www.pharmacieonline.lu\/de\/wp-json\/wp\/v2\/product"}],"about":[{"href":"https:\/\/www.pharmacieonline.lu\/de\/wp-json\/wp\/v2\/types\/product"}],"version-history":[{"count":1,"href":"https:\/\/www.pharmacieonline.lu\/de\/wp-json\/wp\/v2\/product\/54120\/revisions"}],"predecessor-version":[{"id":54122,"href":"https:\/\/www.pharmacieonline.lu\/de\/wp-json\/wp\/v2\/product\/54120\/revisions\/54122"}],"wp:featuredmedia":[{"embeddable":true,"href":"https:\/\/www.pharmacieonline.lu\/de\/wp-json\/wp\/v2\/media\/54121"}],"wp:attachment":[{"href":"https:\/\/www.pharmacieonline.lu\/de\/wp-json\/wp\/v2\/media?parent=54120"}],"wp:term":[{"taxonomy":"product_brand","embeddable":true,"href":"https:\/\/www.pharmacieonline.lu\/de\/wp-json\/wp\/v2\/product_brand?post=54120"},{"taxonomy":"product_cat","embeddable":true,"href":"https:\/\/www.pharmacieonline.lu\/de\/wp-json\/wp\/v2\/product_cat?post=54120"},{"taxonomy":"product_tag","embeddable":true,"href":"https:\/\/www.pharmacieonline.lu\/de\/wp-json\/wp\/v2\/product_tag?post=54120"}],"curies":[{"name":"wp","href":"https:\/\/api.w.org\/{rel}","templated":true}]}}