{"id":54146,"date":"2026-02-12T14:47:49","date_gmt":"2026-02-12T13:47:49","guid":{"rendered":"https:\/\/www.pharmacieonline.lu\/?post_type=product&#038;p=54146"},"modified":"2026-04-02T11:55:05","modified_gmt":"2026-04-02T09:55:05","slug":"bepanthen-augen-und-nasensalbe-5-25-g","status":"publish","type":"product","link":"https:\/\/www.pharmacieonline.lu\/de\/produit\/bepanthen-augen-und-nasensalbe-5-25-g\/","title":{"rendered":"BEPANTHEN AUGEN-UND NASENSALBE 5% 2*5 G"},"content":{"rendered":"<p><b>Bepanthen Augen- und Nasensalbe.<\/b>\u00a0Wirkstoff: Dexpanthenol. Anwendungsgebiete: zur Unterst\u00fctzung der Heilung bei oberfl\u00e4chlichen leichten Hautsch\u00e4digungen an der Hornhaut, Bindehaut bzw. Nasenschleimhaut.<\/p>\n<p><b>Zu Risiken und Nebenwirkungen lesen Sie die Packungsbeilage und fragen Sie Ihre \u00c4rztin, Ihren Arzt oder in Ihrer Apotheke.<\/b><\/p>\n<p>GEBRAUCHSINFORMATION: INFORMATION F\u00dcR DEN ANWENDER<\/p>\n<p>Bepanthen Augen- und Nasensalbe<br \/>\nWirkstoff: Dexpanthenol 5%<\/p>\n<p>Lesen Sie die gesamte Packungsbeilage sorgf\u00e4ltig durch, bevor Sie mit der Anwendung dieses Arzneimittels beginnen, denn sie enth\u00e4lt wichtige Informationen f\u00fcr Sie. Wenden Sie dieses Arzneimittel immer genau wie in dieser Packungsbeilage beschrieben bzw. genau nach Anweisung Ihres Arztes oder Apothekers an.<\/p>\n<ul>\n<li>Heben Sie die Packungsbeilage auf. Vielleicht m\u00f6chten Sie diese sp\u00e4ter nochmals lesen.<\/li>\n<li>Fragen Sie Ihren Apotheker, wenn Sie weitere Informationen oder einen Rat ben\u00f6tigen.<\/li>\n<li>Wenn Sie Nebenwirkungen bemerken, wenden Sie sich an Ihren Arzt oder Apotheker. Dies gilt auch f\u00fcr Nebenwirkungen, die nicht in dieser Packungsbeilage angegeben sind. Siehe Abschnitt 4.<\/li>\n<li>Wenn sich Ihr Krankheitsbild verschlimmert oder nach 4 Tagen (am Auge) bzw. 1 Woche (an der Nase) keine Besserung eintritt, wenden Sie sich an Ihren Arzt.<\/li>\n<\/ul>\n<p><\/p>","protected":false},"excerpt":{"rendered":"<p>Bepanthen Augen- und Nasensalbe.\u00a0Wirkstoff: Dexpanthenol. Anwendungsgebiete: zur Unterst\u00fctzung der Heilung bei oberfl\u00e4chlichen leichten Hautsch\u00e4digungen an der Hornhaut, Bindehaut bzw. Nasenschleimhaut. Zu Risiken und Nebenwirkungen lesen Sie die Packungsbeilage und fragen Sie Ihre \u00c4rztin, Ihren Arzt oder in Ihrer Apotheke. GEBRAUCHSINFORMATION: INFORMATION F\u00dcR DEN ANWENDER Bepanthen Augen- und Nasensalbe Wirkstoff: Dexpanthenol 5% Lesen Sie die gesamte [&hellip;]<\/p>\n","protected":false},"featured_media":54147,"template":"","meta":{"_acf_changed":false,"footnotes":""},"product_brand":[],"product_cat":[90],"product_tag":[],"class_list":{"0":"post-54146","1":"product","2":"type-product","3":"status-publish","4":"has-post-thumbnail","6":"product_cat-yeux","8":"first","9":"instock","10":"taxable","11":"shipping-taxable","12":"purchasable","13":"product-type-simple"},"acf":[],"_links":{"self":[{"href":"https:\/\/www.pharmacieonline.lu\/de\/wp-json\/wp\/v2\/product\/54146","targetHints":{"allow":["GET"]}}],"collection":[{"href":"https:\/\/www.pharmacieonline.lu\/de\/wp-json\/wp\/v2\/product"}],"about":[{"href":"https:\/\/www.pharmacieonline.lu\/de\/wp-json\/wp\/v2\/types\/product"}],"version-history":[{"count":1,"href":"https:\/\/www.pharmacieonline.lu\/de\/wp-json\/wp\/v2\/product\/54146\/revisions"}],"predecessor-version":[{"id":54148,"href":"https:\/\/www.pharmacieonline.lu\/de\/wp-json\/wp\/v2\/product\/54146\/revisions\/54148"}],"wp:featuredmedia":[{"embeddable":true,"href":"https:\/\/www.pharmacieonline.lu\/de\/wp-json\/wp\/v2\/media\/54147"}],"wp:attachment":[{"href":"https:\/\/www.pharmacieonline.lu\/de\/wp-json\/wp\/v2\/media?parent=54146"}],"wp:term":[{"taxonomy":"product_brand","embeddable":true,"href":"https:\/\/www.pharmacieonline.lu\/de\/wp-json\/wp\/v2\/product_brand?post=54146"},{"taxonomy":"product_cat","embeddable":true,"href":"https:\/\/www.pharmacieonline.lu\/de\/wp-json\/wp\/v2\/product_cat?post=54146"},{"taxonomy":"product_tag","embeddable":true,"href":"https:\/\/www.pharmacieonline.lu\/de\/wp-json\/wp\/v2\/product_tag?post=54146"}],"curies":[{"name":"wp","href":"https:\/\/api.w.org\/{rel}","templated":true}]}}