{"id":54220,"date":"2026-02-17T15:38:56","date_gmt":"2026-02-17T14:38:56","guid":{"rendered":"https:\/\/www.pharmacieonline.lu\/?post_type=product&#038;p=54220"},"modified":"2026-04-13T04:25:34","modified_gmt":"2026-04-13T02:25:34","slug":"caudalie-vinosun-stick-ip50-15g","status":"publish","type":"product","link":"https:\/\/www.pharmacieonline.lu\/de\/produit\/caudalie-vinosun-stick-ip50-15g\/","title":{"rendered":"CAUDALIE VINOSUN STICK IP50 15G"},"content":{"rendered":"<p>Der Vinosun Protect Invisible High Protection Stick SPF50 sch\u00fctzt Gesicht, Lippen und empfindliche Hautpartien (Muttermale, Narben, Tattoos) in nur einem Schritt vor UVA- und UVB-Strahlen, ohne R\u00fcckst\u00e4nde zu hinterlassen. Angereichert mit Bio-Traubenkern- und Buriti\u00f6l, pflegt die Formel die Haut und fettet nicht. Der Stick ist parf\u00fcmfrei, wasserfest und f\u00fcr Erwachsene und Kinder ab 3 Jahren geeignet.<\/p>\n<p>Dank seiner praktischen, einfach anzuwendenden und handlichen Gr\u00f6\u00dfe ist er ideal f\u00fcr unterwegs \u2013 das ganze Jahr \u00fcber und zu jeder Tageszeit.<\/p>\n<p>Anwendung: Drehen Sie den Drehknopf und tragen Sie den Invisible High Protection Stick SPF50 vor jedem Sonnenbad gro\u00dfz\u00fcgig und gleichm\u00e4\u00dfig auf Gesicht, Lippen und empfindliche Hautpartien (Muttermale, Narben, Tattoos) auf.<\/p>\n<p>Bei Sonneneinstrahlung alle 2 Stunden erneut auftragen und die Sonne zwischen 12 und 16 Uhr meiden. Babys und Kleinkinder nicht direkter Sonneneinstrahlung aussetzen. Tragen Sie bei Sonneneinstrahlung ein T-Shirt, eine Sonnenbrille und einen Hut.<\/p>\n<p>Zusammensetzung<\/p>\n<p>Dicaprylylcarbonat, Cocoglyceride, Candelillawachs, Diethylaminohydroxybenzoylhexylbenzoat, Reiskleiewachs, Bis-Ethylhexyloxyphenolmethoxyphenyltriazin, Ethylhexyltriazon, Kakaobutter, Carnaubawachs, Mauritia flexuosa-Frucht\u00f6l, Tocopherol, Traubenkern\u00f6l, Benzylalkohol. (389\/001)<\/p>","protected":false},"excerpt":{"rendered":"<p>Der Vinosun Protect Invisible High Protection Stick SPF50 sch\u00fctzt Gesicht, Lippen und empfindliche Hautpartien (Muttermale, Narben, Tattoos) in nur einem Schritt vor UVA- und UVB-Strahlen, ohne R\u00fcckst\u00e4nde zu hinterlassen. Angereichert mit Bio-Traubenkern- und Buriti\u00f6l, pflegt die Formel die Haut und fettet nicht. Der Stick ist parf\u00fcmfrei, wasserfest und f\u00fcr Erwachsene und Kinder ab 3 Jahren [&hellip;]<\/p>\n","protected":false},"featured_media":54222,"template":"","meta":{"_acf_changed":false,"footnotes":""},"product_brand":[],"product_cat":[68],"product_tag":[],"class_list":{"0":"post-54220","1":"product","2":"type-product","3":"status-publish","4":"has-post-thumbnail","6":"product_cat-solaires-pour-le-corps","8":"first","9":"instock","10":"sale","11":"taxable","12":"shipping-taxable","13":"purchasable","14":"product-type-simple"},"acf":[],"_links":{"self":[{"href":"https:\/\/www.pharmacieonline.lu\/de\/wp-json\/wp\/v2\/product\/54220","targetHints":{"allow":["GET"]}}],"collection":[{"href":"https:\/\/www.pharmacieonline.lu\/de\/wp-json\/wp\/v2\/product"}],"about":[{"href":"https:\/\/www.pharmacieonline.lu\/de\/wp-json\/wp\/v2\/types\/product"}],"version-history":[{"count":3,"href":"https:\/\/www.pharmacieonline.lu\/de\/wp-json\/wp\/v2\/product\/54220\/revisions"}],"predecessor-version":[{"id":54224,"href":"https:\/\/www.pharmacieonline.lu\/de\/wp-json\/wp\/v2\/product\/54220\/revisions\/54224"}],"wp:featuredmedia":[{"embeddable":true,"href":"https:\/\/www.pharmacieonline.lu\/de\/wp-json\/wp\/v2\/media\/54222"}],"wp:attachment":[{"href":"https:\/\/www.pharmacieonline.lu\/de\/wp-json\/wp\/v2\/media?parent=54220"}],"wp:term":[{"taxonomy":"product_brand","embeddable":true,"href":"https:\/\/www.pharmacieonline.lu\/de\/wp-json\/wp\/v2\/product_brand?post=54220"},{"taxonomy":"product_cat","embeddable":true,"href":"https:\/\/www.pharmacieonline.lu\/de\/wp-json\/wp\/v2\/product_cat?post=54220"},{"taxonomy":"product_tag","embeddable":true,"href":"https:\/\/www.pharmacieonline.lu\/de\/wp-json\/wp\/v2\/product_tag?post=54220"}],"curies":[{"name":"wp","href":"https:\/\/api.w.org\/{rel}","templated":true}]}}