{"id":54263,"date":"2026-02-19T16:23:03","date_gmt":"2026-02-19T15:23:03","guid":{"rendered":"https:\/\/www.pharmacieonline.lu\/?post_type=product&#038;p=54263"},"modified":"2026-04-10T23:55:06","modified_gmt":"2026-04-10T21:55:06","slug":"biocondil-vit-c-180cpr-nf","status":"publish","type":"product","link":"https:\/\/www.pharmacieonline.lu\/de\/produit\/biocondil-vit-c-180cpr-nf\/","title":{"rendered":"BIOCONDIL + VIT C 180CPR NF"},"content":{"rendered":"<p>Knorpel ist ein weiches, elastisches Bindegewebe in den Gelenken. Seine spezifischen mechanischen Eigenschaften erm\u00f6glichen es ihm, St\u00f6\u00dfe abzufedern und eine einwandfreie Gelenkfunktion zu gew\u00e4hrleisten. Mit der Zeit kann Knorpelverschlei\u00df zu Gelenkproblemen und Beschwerden f\u00fchren, die die Beweglichkeit beeintr\u00e4chtigen k\u00f6nnen. Die Einnahme von Glucosamin und Chondroitin kann die Gelenkbeweglichkeit verbessern.<\/p>\n<p>Biocondil enth\u00e4lt Glucosamin und Chondroitin. Dies sind zwei der wichtigsten Strukturproteine, die in Knorpel, Gelenken und Sehnen reichlich vorhanden sind.<\/p>\n<p>Biocondil besteht aus D-Glucosamin-Chlorohydrat, einem hochreinen (&gt;99 %) und sehr stabilen Produkt. Es enth\u00e4lt kein zugesetztes Salz (NaCl oder KCl) und zeichnet sich durch einen hohen Glucosamingehalt aus.<\/p>\n<p>Vitamin C tr\u00e4gt zu einer normalen Kollagenbildung f\u00fcr die normale Funktion des Knorpels bei.<\/p>\n<p>Anwendungsgebiet<\/p>\n<p>Knorpel<\/p>\n<p>Verzehr<\/p>\n<p>T\u00e4gliche Einnahme: 2 Tabletten, sofort mit einem Glas Wasser einnehmen, vorzugsweise zu einer Hauptmahlzeit.<\/p>\n<p>Zusammensetzung<\/p>\n<p>Zutaten pro Tablette: D-Glucosaminhydrochlorid 750 mg (625 mg Glucosamin), Chondroitinsulfat 600 mg, F\u00fcllstoffe: Povidon, Hypromellose, Vitamin C 20 mg (L-Ascorbat-Natrium 25 % RI), Trennmittel: Magnesiumlacrymat, F\u00fcllstoff: Isomalt, Farbstoff: Calciumcarbonat, Trennmittel: Siliciumdioxid, Stearins\u00e4ure, \u00dcberzugsmittel: Ethylcellulose<\/p>","protected":false},"excerpt":{"rendered":"<p>Knorpel ist ein weiches, elastisches Bindegewebe in den Gelenken. Seine spezifischen mechanischen Eigenschaften erm\u00f6glichen es ihm, St\u00f6\u00dfe abzufedern und eine einwandfreie Gelenkfunktion zu gew\u00e4hrleisten. Mit der Zeit kann Knorpelverschlei\u00df zu Gelenkproblemen und Beschwerden f\u00fchren, die die Beweglichkeit beeintr\u00e4chtigen k\u00f6nnen. Die Einnahme von Glucosamin und Chondroitin kann die Gelenkbeweglichkeit verbessern. Biocondil enth\u00e4lt Glucosamin und Chondroitin. Dies [&hellip;]<\/p>\n","protected":false},"featured_media":54265,"template":"","meta":{"_acf_changed":false,"footnotes":""},"product_brand":[],"product_cat":[1038],"product_tag":[],"class_list":{"0":"post-54263","1":"product","2":"type-product","3":"status-publish","4":"has-post-thumbnail","6":"product_cat-articulations","8":"first","9":"instock","10":"taxable","11":"shipping-taxable","12":"purchasable","13":"product-type-simple"},"acf":[],"_links":{"self":[{"href":"https:\/\/www.pharmacieonline.lu\/de\/wp-json\/wp\/v2\/product\/54263","targetHints":{"allow":["GET"]}}],"collection":[{"href":"https:\/\/www.pharmacieonline.lu\/de\/wp-json\/wp\/v2\/product"}],"about":[{"href":"https:\/\/www.pharmacieonline.lu\/de\/wp-json\/wp\/v2\/types\/product"}],"version-history":[{"count":3,"href":"https:\/\/www.pharmacieonline.lu\/de\/wp-json\/wp\/v2\/product\/54263\/revisions"}],"predecessor-version":[{"id":54274,"href":"https:\/\/www.pharmacieonline.lu\/de\/wp-json\/wp\/v2\/product\/54263\/revisions\/54274"}],"wp:featuredmedia":[{"embeddable":true,"href":"https:\/\/www.pharmacieonline.lu\/de\/wp-json\/wp\/v2\/media\/54265"}],"wp:attachment":[{"href":"https:\/\/www.pharmacieonline.lu\/de\/wp-json\/wp\/v2\/media?parent=54263"}],"wp:term":[{"taxonomy":"product_brand","embeddable":true,"href":"https:\/\/www.pharmacieonline.lu\/de\/wp-json\/wp\/v2\/product_brand?post=54263"},{"taxonomy":"product_cat","embeddable":true,"href":"https:\/\/www.pharmacieonline.lu\/de\/wp-json\/wp\/v2\/product_cat?post=54263"},{"taxonomy":"product_tag","embeddable":true,"href":"https:\/\/www.pharmacieonline.lu\/de\/wp-json\/wp\/v2\/product_tag?post=54263"}],"curies":[{"name":"wp","href":"https:\/\/api.w.org\/{rel}","templated":true}]}}