{"id":54276,"date":"2026-02-19T17:46:29","date_gmt":"2026-02-19T16:46:29","guid":{"rendered":"https:\/\/www.pharmacieonline.lu\/?post_type=product&#038;p=54276"},"modified":"2026-04-10T17:55:04","modified_gmt":"2026-04-10T15:55:04","slug":"nuxe-sun-stick-serum-spf50-25g","status":"publish","type":"product","link":"https:\/\/www.pharmacieonline.lu\/de\/produit\/nuxe-sun-stick-serum-spf50-25g\/","title":{"rendered":"NUXE SUN STICK SERUM SPF50+ 25G"},"content":{"rendered":"<p>Verw\u00f6hnen Sie Ihre Haut mit konzentriertem Sonnenschutz im praktischen Stickformat \u2013 unsichtbar und mit einem makellosen Finish.<\/p>\n<p>Dieses SPF50+ Sonnenserum im Stick sch\u00fctzt Gesicht und sonnenexponierte Bereiche vor UVA-\/UVB-Strahlen und blauem Licht und beugt gleichzeitig der Entstehung von Pigmentflecken vor.<\/p>\n<p>Der enthaltene Antioxidantienkomplex aus Reis und Rosmarin bietet zellul\u00e4ren Schutz vor Hautalterung und hilft, vorzeitiger lichtbedingter Hautalterung vorzubeugen. In Kombination mit Vitamin E sch\u00fctzt es die Haut effektiv vor oxidativem Stress durch Sonneneinstrahlung. Die Formel spendet langanhaltende Feuchtigkeit und st\u00e4rkt die Hautbarriere. Wasserfest und nicht komedogen \u2013 f\u00fcr alle Hauttypen und -t\u00f6ne geeignet.<\/p>\n<p>Die unsichtbare, nicht fettende Textur l\u00e4sst sich leicht verteilen und perfekt in Ihre t\u00e4gliche Hautpflege integrieren. Das handliche Format ist ideal f\u00fcr unterwegs und erm\u00f6glicht eine schnelle Anwendung in nur einem Schritt. Bei 100 % der Anwenderinnen hinterl\u00e4sst das Serum keine wei\u00dfen R\u00fcckst\u00e4nde\u207d\u00b9\u207e, und 94 % berichten von einer intensiven Feuchtigkeitsversorgung\u207d\u00b9\u207e.<\/p>\n<p>Sein bet\u00f6render Duft verzaubert die Sinne mit Noten von Kokosnuss, Tiar\u00e9bl\u00fcte und Vanille \u2013 eine wahre Einladung, den Sommer zu genie\u00dfen.<\/p>\n<p>Dermatologisch getestet.<\/p>\n<p>Unter Meeresbedingungen getestet\u207d\u00b3\u207e.<\/p>\n<p>\u207d\u00b9\u207e Verbrauchertest \u2013 35 Freiwillige. Zufriedenheit in % direkt nach der Anwendung.<\/p>\n<p>\u207d\u00b2\u207e Verbrauchertest \u2013 35 Freiwillige. Zufriedenheit in % nach 28 Tagen.<\/p>","protected":false},"excerpt":{"rendered":"<p>Verw\u00f6hnen Sie Ihre Haut mit konzentriertem Sonnenschutz im praktischen Stickformat \u2013 unsichtbar und mit einem makellosen Finish. Dieses SPF50+ Sonnenserum im Stick sch\u00fctzt Gesicht und sonnenexponierte Bereiche vor UVA-\/UVB-Strahlen und blauem Licht und beugt gleichzeitig der Entstehung von Pigmentflecken vor. Der enthaltene Antioxidantienkomplex aus Reis und Rosmarin bietet zellul\u00e4ren Schutz vor Hautalterung und hilft, vorzeitiger [&hellip;]<\/p>\n","protected":false},"featured_media":54277,"template":"","meta":{"_acf_changed":false,"footnotes":""},"product_brand":[],"product_cat":[68],"product_tag":[],"class_list":{"0":"post-54276","1":"product","2":"type-product","3":"status-publish","4":"has-post-thumbnail","6":"product_cat-solaires-pour-le-corps","8":"first","9":"instock","10":"sale","11":"taxable","12":"shipping-taxable","13":"purchasable","14":"product-type-simple"},"acf":[],"_links":{"self":[{"href":"https:\/\/www.pharmacieonline.lu\/de\/wp-json\/wp\/v2\/product\/54276","targetHints":{"allow":["GET"]}}],"collection":[{"href":"https:\/\/www.pharmacieonline.lu\/de\/wp-json\/wp\/v2\/product"}],"about":[{"href":"https:\/\/www.pharmacieonline.lu\/de\/wp-json\/wp\/v2\/types\/product"}],"version-history":[{"count":1,"href":"https:\/\/www.pharmacieonline.lu\/de\/wp-json\/wp\/v2\/product\/54276\/revisions"}],"predecessor-version":[{"id":54278,"href":"https:\/\/www.pharmacieonline.lu\/de\/wp-json\/wp\/v2\/product\/54276\/revisions\/54278"}],"wp:featuredmedia":[{"embeddable":true,"href":"https:\/\/www.pharmacieonline.lu\/de\/wp-json\/wp\/v2\/media\/54277"}],"wp:attachment":[{"href":"https:\/\/www.pharmacieonline.lu\/de\/wp-json\/wp\/v2\/media?parent=54276"}],"wp:term":[{"taxonomy":"product_brand","embeddable":true,"href":"https:\/\/www.pharmacieonline.lu\/de\/wp-json\/wp\/v2\/product_brand?post=54276"},{"taxonomy":"product_cat","embeddable":true,"href":"https:\/\/www.pharmacieonline.lu\/de\/wp-json\/wp\/v2\/product_cat?post=54276"},{"taxonomy":"product_tag","embeddable":true,"href":"https:\/\/www.pharmacieonline.lu\/de\/wp-json\/wp\/v2\/product_tag?post=54276"}],"curies":[{"name":"wp","href":"https:\/\/api.w.org\/{rel}","templated":true}]}}