{"id":54281,"date":"2026-02-20T11:12:33","date_gmt":"2026-02-20T10:12:33","guid":{"rendered":"https:\/\/www.pharmacieonline.lu\/?post_type=product&#038;p=54281"},"modified":"2026-04-11T19:55:06","modified_gmt":"2026-04-11T17:55:06","slug":"eucerin-sun-sens-prot-spray-transp-spf50-2","status":"publish","type":"product","link":"https:\/\/www.pharmacieonline.lu\/de\/produit\/eucerin-sun-sens-prot-spray-transp-spf50-2\/","title":{"rendered":"EUCERIN SUN SENS PROT SPRAY TRANSP SPF50"},"content":{"rendered":"<p>Allgemeine Beschreibung<br \/>\nDieses transparente, nicht fettende Sonnenschutzspray ist ideal f\u00fcr normale bis fettige Haut.<\/p>\n<p>Anwendung<br \/>\nKontakt mit den Augen vermeiden. Nicht bei Kleinkindern anwenden. Meiden Sie die Sonne zwischen 12 und 16 Uhr sowie l\u00e4ngere Aufenthalte in der Sonne, da auch Sonnenschutzmittel mit hohem Lichtschutzfaktor keinen 100%igen Schutz bieten. Vor dem Sonnenbaden gro\u00dfz\u00fcgig auftragen und regelm\u00e4\u00dfig nachcremen, insbesondere nach dem Schwimmen, Abtrocknen oder Schwitzen, um optimalen Schutz zu gew\u00e4hrleisten. Eine zu geringe Menge Sonnenschutzmittel verringert dessen Schutzwirkung. Kontakt mit Textilien und harten Oberfl\u00e4chen vermeiden, um Flecken zu verhindern. Auch mit Sonnenschutzmittel nicht zu lange in der Sonne bleiben.<\/p>\n<p>Inhaltsstoffe<br \/>\nAlcohol Denat., C12-15 Alkylbenzoat, Diethylaminohydroxybenzoylhexylbenzoat, Ethylhexylsalicylat, Butylenglykoldicaprylat\/Dicaprat, Capryl-\/Caprins\u00e4uretriglycerid, Dibutyladipat, Ethylhexyltriazon, Dicaprylylcarbonat, Acrylate\/Octylacrylamid-Copolymer, Diethylhexylbutamidotriazon, Bis-Ethylhexyloxyphenolmethoxyphenyltriazin, Glycyrrhetins\u00e4ure, S\u00fc\u00dfholzwurzelextrakt (Glycyrrhiza inflata), Tocopherol, Aqua, Parfum<br \/>\nEigenschaften<br \/>\nLichtschutzfaktor 50+, wasserfest, einfach anzuwendende Spr\u00fchformel, ohne Konservierungsstoffe, ohne Emulgatoren<\/p>","protected":false},"excerpt":{"rendered":"<p>Allgemeine Beschreibung Dieses transparente, nicht fettende Sonnenschutzspray ist ideal f\u00fcr normale bis fettige Haut. Anwendung Kontakt mit den Augen vermeiden. Nicht bei Kleinkindern anwenden. Meiden Sie die Sonne zwischen 12 und 16 Uhr sowie l\u00e4ngere Aufenthalte in der Sonne, da auch Sonnenschutzmittel mit hohem Lichtschutzfaktor keinen 100%igen Schutz bieten. Vor dem Sonnenbaden gro\u00dfz\u00fcgig auftragen und [&hellip;]<\/p>\n","protected":false},"featured_media":54285,"template":"","meta":{"_acf_changed":false,"footnotes":""},"product_brand":[],"product_cat":[68],"product_tag":[],"class_list":{"0":"post-54281","1":"product","2":"type-product","3":"status-publish","4":"has-post-thumbnail","6":"product_cat-solaires-pour-le-corps","8":"first","9":"instock","10":"sale","11":"taxable","12":"shipping-taxable","13":"purchasable","14":"product-type-simple"},"acf":[],"_links":{"self":[{"href":"https:\/\/www.pharmacieonline.lu\/de\/wp-json\/wp\/v2\/product\/54281","targetHints":{"allow":["GET"]}}],"collection":[{"href":"https:\/\/www.pharmacieonline.lu\/de\/wp-json\/wp\/v2\/product"}],"about":[{"href":"https:\/\/www.pharmacieonline.lu\/de\/wp-json\/wp\/v2\/types\/product"}],"version-history":[{"count":2,"href":"https:\/\/www.pharmacieonline.lu\/de\/wp-json\/wp\/v2\/product\/54281\/revisions"}],"predecessor-version":[{"id":54287,"href":"https:\/\/www.pharmacieonline.lu\/de\/wp-json\/wp\/v2\/product\/54281\/revisions\/54287"}],"wp:featuredmedia":[{"embeddable":true,"href":"https:\/\/www.pharmacieonline.lu\/de\/wp-json\/wp\/v2\/media\/54285"}],"wp:attachment":[{"href":"https:\/\/www.pharmacieonline.lu\/de\/wp-json\/wp\/v2\/media?parent=54281"}],"wp:term":[{"taxonomy":"product_brand","embeddable":true,"href":"https:\/\/www.pharmacieonline.lu\/de\/wp-json\/wp\/v2\/product_brand?post=54281"},{"taxonomy":"product_cat","embeddable":true,"href":"https:\/\/www.pharmacieonline.lu\/de\/wp-json\/wp\/v2\/product_cat?post=54281"},{"taxonomy":"product_tag","embeddable":true,"href":"https:\/\/www.pharmacieonline.lu\/de\/wp-json\/wp\/v2\/product_tag?post=54281"}],"curies":[{"name":"wp","href":"https:\/\/api.w.org\/{rel}","templated":true}]}}