{"id":54290,"date":"2026-02-20T11:19:09","date_gmt":"2026-02-20T10:19:09","guid":{"rendered":"https:\/\/www.pharmacieonline.lu\/?post_type=product&#038;p=54290"},"modified":"2026-04-11T19:55:06","modified_gmt":"2026-04-11T17:55:06","slug":"eucerin-sun-leb-prot-spf50-gel-cr-150ml","status":"publish","type":"product","link":"https:\/\/www.pharmacieonline.lu\/de\/produit\/eucerin-sun-leb-prot-spf50-gel-cr-150ml\/","title":{"rendered":"EUCERIN SUN LEB PROT SPF50+ GEL-CR 150ML"},"content":{"rendered":"<p>Eucerin\u00ae Sonnenschutz mit fortschrittlicher Spektraltechnologie: Eine Kombination aus UVA- und UVB-Filtern f\u00fcr sehr hohen UV-Schutz, erg\u00e4nzt durch Licocalchon A, das freie Radikale neutralisiert, die durch UV-Strahlung und hochenergetisches sichtbares Licht (blaues Licht) entstehen.<\/p>\n<p>Hilft, das Risiko sonnenbedingter Hautreaktionen, wie sie bei Menschen mit polymorpher Lichtdermatose (PLE) auftreten, zu reduzieren.<\/p>\n<p>Anwendungsgebiet<\/p>\n<p>Sonnenschutzmittel mit LSF 50 \u2013 Empfindliche Haut \u2013 Neigung zu Sonnenallergien<\/p>\n<p>Anwendung<\/p>\n<p>Vor Gebrauch gut sch\u00fctteln. Vor dem Sonnenbad gro\u00dfz\u00fcgig und gleichm\u00e4\u00dfig auftragen und regelm\u00e4\u00dfig erneut auftragen, um den Schutz aufrechtzuerhalten, insbesondere nach dem Schwimmen, Abtrocknen oder Schwitzen. Eine geringere Menge an aufgetragenem Sonnenschutzmittel verringert den Schutz deutlich. Vermeiden Sie zu lange Aufenthalte in der Sonne, auch mit Sonnenschutzmittel. \u00dcberm\u00e4\u00dfige Sonneneinstrahlung ist gesundheitssch\u00e4dlich. Babys und Kleinkinder vor direkter Sonneneinstrahlung sch\u00fctzen. Das Produkt vollst\u00e4ndig einziehen lassen und direkten Kontakt mit Textilien und harten Oberfl\u00e4chen vermeiden, um Fleckenbildung zu verhindern. Augenkontakt vermeiden.<\/p>\n<p>Zusammensetzung<\/p>\n<p>Aqua, Alcohol Denat., Butyl Methoxydibenzoylmethane, Isopropyl Palmitate, Bis-Ethylhexyloxyphenyl Methoxyphenyl Triazine, C12-15 Alkyl Benzoate, Dibutyl Adipate, Distereophosphate, Diethylamino Hydroxybenzoyl Hexyl Benzoate, Ethylhexyl Triazine, Butylene Glycol Dicaprylate \/ Dicaprate, Phenylbenzimidazole Sulfonic Acid, Diethylhexyl Butamido Triazine, Glyceryl Stearate, Hydroxypropyl Starch Phosphate, Glycyrrhiza Inflata Root Extract, Glucosyrutin, Isoquercitrin, Glycyrrhetic Acid, Tocopherol, Glycerin, C18-38 Alkyl Hydroxystearoyl Stearate, Copernicia Cerifera Cera, Hydrogenated Rapeseed Oil, Cetyl Palmitate, Microcrystalline Cellulose, Xanthan Gum, Cellulose Gum, Sodium Stearoyl Glutamate Siliciumdioxid-Dimethylsilylat, Phenoxyethanol, Caprylylglycol, Hydroxyacetophenon, Trinatrium-EDTA, Natriumhydroxid, Natriumchlorid.<\/p>","protected":false},"excerpt":{"rendered":"<p>Eucerin\u00ae Sonnenschutz mit fortschrittlicher Spektraltechnologie: Eine Kombination aus UVA- und UVB-Filtern f\u00fcr sehr hohen UV-Schutz, erg\u00e4nzt durch Licocalchon A, das freie Radikale neutralisiert, die durch UV-Strahlung und hochenergetisches sichtbares Licht (blaues Licht) entstehen. Hilft, das Risiko sonnenbedingter Hautreaktionen, wie sie bei Menschen mit polymorpher Lichtdermatose (PLE) auftreten, zu reduzieren. Anwendungsgebiet Sonnenschutzmittel mit LSF 50 \u2013 [&hellip;]<\/p>\n","protected":false},"featured_media":54299,"template":"","meta":{"_acf_changed":false,"footnotes":""},"product_brand":[],"product_cat":[68],"product_tag":[],"class_list":{"0":"post-54290","1":"product","2":"type-product","3":"status-publish","4":"has-post-thumbnail","6":"product_cat-solaires-pour-le-corps","8":"first","9":"instock","10":"sale","11":"taxable","12":"shipping-taxable","13":"purchasable","14":"product-type-simple"},"acf":[],"_links":{"self":[{"href":"https:\/\/www.pharmacieonline.lu\/de\/wp-json\/wp\/v2\/product\/54290","targetHints":{"allow":["GET"]}}],"collection":[{"href":"https:\/\/www.pharmacieonline.lu\/de\/wp-json\/wp\/v2\/product"}],"about":[{"href":"https:\/\/www.pharmacieonline.lu\/de\/wp-json\/wp\/v2\/types\/product"}],"version-history":[{"count":3,"href":"https:\/\/www.pharmacieonline.lu\/de\/wp-json\/wp\/v2\/product\/54290\/revisions"}],"predecessor-version":[{"id":54294,"href":"https:\/\/www.pharmacieonline.lu\/de\/wp-json\/wp\/v2\/product\/54290\/revisions\/54294"}],"wp:featuredmedia":[{"embeddable":true,"href":"https:\/\/www.pharmacieonline.lu\/de\/wp-json\/wp\/v2\/media\/54299"}],"wp:attachment":[{"href":"https:\/\/www.pharmacieonline.lu\/de\/wp-json\/wp\/v2\/media?parent=54290"}],"wp:term":[{"taxonomy":"product_brand","embeddable":true,"href":"https:\/\/www.pharmacieonline.lu\/de\/wp-json\/wp\/v2\/product_brand?post=54290"},{"taxonomy":"product_cat","embeddable":true,"href":"https:\/\/www.pharmacieonline.lu\/de\/wp-json\/wp\/v2\/product_cat?post=54290"},{"taxonomy":"product_tag","embeddable":true,"href":"https:\/\/www.pharmacieonline.lu\/de\/wp-json\/wp\/v2\/product_tag?post=54290"}],"curies":[{"name":"wp","href":"https:\/\/api.w.org\/{rel}","templated":true}]}}