{"id":54295,"date":"2026-02-20T11:21:58","date_gmt":"2026-02-20T10:21:58","guid":{"rendered":"https:\/\/www.pharmacieonline.lu\/?post_type=product&#038;p=54295"},"modified":"2026-04-11T19:55:05","modified_gmt":"2026-04-11T17:55:05","slug":"eucerin-sun-oil-ctrl-spf50-serum-30ml","status":"publish","type":"product","link":"https:\/\/www.pharmacieonline.lu\/de\/produit\/eucerin-sun-oil-ctrl-spf50-serum-30ml\/","title":{"rendered":"EUCERIN SUN OIL CTRL SPF50 SERUM 30ML"},"content":{"rendered":"<p>Eucerin\u00ae Sun Oil Control Ultra-Light Serum LSF 50+ vereint sehr hohen UVB\/UVA-Schutz mit Schutz vor den Auswirkungen von blauem Licht und Umweltverschmutzung in einer ultraleichten, mattierenden Formel. Der neue Sonnenschutz f\u00fcr optimalen Schutz.<\/p>\n<p>Unser leichtester und fortschrittlichster UV-\u00d6l-Kontroll-Schutz mit klinisch erprobter Dreifach-Wirkformel:<\/p>\n<p>1. AOX Shield Technologie mit Licochalcone A:<\/p>\n<p>&#8211; Bietet sehr hohen UVB\/UVA-Schutz<br \/>\n&#8211; St\u00e4rkt die zellul\u00e4ren Abwehrkr\u00e4fte gegen oxidativen Stress durch UV- und blaues Licht<br \/>\n&#8211; Beugt vorzeitiger Hautalterung durch die Sonne vor<\/p>\n<p>Enth\u00e4lt au\u00dferdem Glycyrrhetins\u00e4ure zur Unterst\u00fctzung des nat\u00fcrlichen DNA-Reparaturmechanismus der Haut.<\/p>\n<p>2. \u00d6l-Kontroll-Technologie mit talgregulierendem L-Carnitin und lipidabsorbierenden Mikropartikeln f\u00fcr einen langanhaltend mattierenden Effekt.<\/p>\n<p>3. Anti-Pollution-Vitamin-Booster mit Vitamin C, E und Provitamin B5, der die Haut vor freien Radikalen sch\u00fctzt, die durch Umwelteinfl\u00fcsse wie Luftverschmutzung entstehen.<\/p>\n<p>Anwendung<\/p>\n<p>Sonnenschutzmittel LSF 50 \u2013 Gesichtsserum<\/p>\n<p>Anwendung<\/p>\n<p>Vor Gebrauch gut sch\u00fctteln. Tragen Sie das Sonnenschutzmittel gro\u00dfz\u00fcgig vor dem Sonnenbad auf und erneuern Sie den Schutz regelm\u00e4\u00dfig, insbesondere nach dem Schwimmen, Schwitzen und Abtrocknen. Eine geringere Menge reduziert den Schutz. Vermeiden Sie l\u00e4ngere Aufenthalte in der Sonne, auch mit Sonnenschutzmittel. \u00dcberm\u00e4\u00dfige Sonneneinstrahlung ist gesundheitssch\u00e4dlich. Babys und Kleinkinder vor direkter Sonneneinstrahlung sch\u00fctzen. Lassen Sie das Produkt einziehen und vermeiden Sie direkten Kontakt mit Textilien und harten Oberfl\u00e4chen, um Flecken zu verhindern. Augenkontakt vermeiden.<\/p>\n<p>Zusammensetzung<\/p>\n<p>Aqua, C12-15-Alkylbenzoat, Alkohol denat., Butylmethoxydibenzoylmethan, Bis-Ethylhexyloxyphenolmethoxyphenyltriazin, Ethylhexyltriazon, Butylenglykoldicaprylat\/Dicaprat, Dibutyladipat, Diethylaminohydroxybenzoylhexylbenzoat, Phenylbenzimidazolsulfons\u00e4ure, Polyglyceryl-6-Stearat, Tapiokast\u00e4rke, Siliciumdioxid, Siliciumdioxiddimethylsilylat, Glycerin, Panthenol, Tocopherol, Carnitin, Natriumascorbylphosphat, Pantolacton, S\u00fc\u00dfholzwurzelextrakt (Glycyrrhiza inflata), Glycyrrhetins\u00e4ure, Copernicia-cerifera-Wachs, Glycerylstearat, Cetearylalkohol, Polyglyceryl-6-Behenat, Carrageen, Xanthangummi, Zitronens\u00e4ure, Natriumhydroxid, Trinatriumethylendiamindisuccinat Hydroxyacetophenon, Phenoxyethanol.<\/p>","protected":false},"excerpt":{"rendered":"<p>Eucerin\u00ae Sun Oil Control Ultra-Light Serum LSF 50+ vereint sehr hohen UVB\/UVA-Schutz mit Schutz vor den Auswirkungen von blauem Licht und Umweltverschmutzung in einer ultraleichten, mattierenden Formel. Der neue Sonnenschutz f\u00fcr optimalen Schutz. Unser leichtester und fortschrittlichster UV-\u00d6l-Kontroll-Schutz mit klinisch erprobter Dreifach-Wirkformel: 1. AOX Shield Technologie mit Licochalcone A: &#8211; Bietet sehr hohen UVB\/UVA-Schutz &#8211; [&hellip;]<\/p>\n","protected":false},"featured_media":54297,"template":"","meta":{"_acf_changed":false,"footnotes":""},"product_brand":[],"product_cat":[68],"product_tag":[],"class_list":{"0":"post-54295","1":"product","2":"type-product","3":"status-publish","4":"has-post-thumbnail","6":"product_cat-solaires-pour-le-corps","8":"first","9":"instock","10":"sale","11":"taxable","12":"shipping-taxable","13":"purchasable","14":"product-type-simple"},"acf":[],"_links":{"self":[{"href":"https:\/\/www.pharmacieonline.lu\/de\/wp-json\/wp\/v2\/product\/54295","targetHints":{"allow":["GET"]}}],"collection":[{"href":"https:\/\/www.pharmacieonline.lu\/de\/wp-json\/wp\/v2\/product"}],"about":[{"href":"https:\/\/www.pharmacieonline.lu\/de\/wp-json\/wp\/v2\/types\/product"}],"version-history":[{"count":3,"href":"https:\/\/www.pharmacieonline.lu\/de\/wp-json\/wp\/v2\/product\/54295\/revisions"}],"predecessor-version":[{"id":54301,"href":"https:\/\/www.pharmacieonline.lu\/de\/wp-json\/wp\/v2\/product\/54295\/revisions\/54301"}],"wp:featuredmedia":[{"embeddable":true,"href":"https:\/\/www.pharmacieonline.lu\/de\/wp-json\/wp\/v2\/media\/54297"}],"wp:attachment":[{"href":"https:\/\/www.pharmacieonline.lu\/de\/wp-json\/wp\/v2\/media?parent=54295"}],"wp:term":[{"taxonomy":"product_brand","embeddable":true,"href":"https:\/\/www.pharmacieonline.lu\/de\/wp-json\/wp\/v2\/product_brand?post=54295"},{"taxonomy":"product_cat","embeddable":true,"href":"https:\/\/www.pharmacieonline.lu\/de\/wp-json\/wp\/v2\/product_cat?post=54295"},{"taxonomy":"product_tag","embeddable":true,"href":"https:\/\/www.pharmacieonline.lu\/de\/wp-json\/wp\/v2\/product_tag?post=54295"}],"curies":[{"name":"wp","href":"https:\/\/api.w.org\/{rel}","templated":true}]}}