{"id":54486,"date":"2026-03-10T16:21:15","date_gmt":"2026-03-10T15:21:15","guid":{"rendered":"https:\/\/www.pharmacieonline.lu\/?post_type=product&#038;p=54486"},"modified":"2026-04-27T03:55:05","modified_gmt":"2026-04-27T01:55:05","slug":"fenistil-01-tube-50-g","status":"publish","type":"product","link":"https:\/\/www.pharmacieonline.lu\/de\/produit\/fenistil-01-tube-50-g\/","title":{"rendered":"FENISTIL 0,1% TUBE 50 G"},"content":{"rendered":"<p>Der Klassiker bei Insektenstichen. Egal, ob M\u00fcckenstich oder Sonnenbrand \u2013 mit Fenistil Gel l\u00e4sst sich der Sommer wieder unbeschwert genie\u00dfen. Denn Fenistil Gel lindert nicht nur den l\u00e4stigen Juckreiz, sondern k\u00fchlt die Haut auch angenehm.<\/p>","protected":false},"excerpt":{"rendered":"<p>Der Klassiker bei Insektenstichen. Egal, ob M\u00fcckenstich oder Sonnenbrand \u2013 mit Fenistil Gel l\u00e4sst sich der Sommer wieder unbeschwert genie\u00dfen. Denn Fenistil Gel lindert nicht nur den l\u00e4stigen Juckreiz, sondern k\u00fchlt die Haut auch angenehm.<\/p>\n","protected":false},"featured_media":54487,"template":"","meta":{"_acf_changed":false,"footnotes":""},"product_brand":[],"product_cat":[755,929,91],"product_tag":[],"class_list":{"0":"post-54486","1":"product","2":"type-product","3":"status-publish","4":"has-post-thumbnail","6":"product_cat-apres-soleil","7":"product_cat-anti-moustique","8":"product_cat-allergies","10":"first","11":"instock","12":"taxable","13":"shipping-taxable","14":"purchasable","15":"product-type-simple"},"acf":[],"_links":{"self":[{"href":"https:\/\/www.pharmacieonline.lu\/de\/wp-json\/wp\/v2\/product\/54486","targetHints":{"allow":["GET"]}}],"collection":[{"href":"https:\/\/www.pharmacieonline.lu\/de\/wp-json\/wp\/v2\/product"}],"about":[{"href":"https:\/\/www.pharmacieonline.lu\/de\/wp-json\/wp\/v2\/types\/product"}],"version-history":[{"count":1,"href":"https:\/\/www.pharmacieonline.lu\/de\/wp-json\/wp\/v2\/product\/54486\/revisions"}],"predecessor-version":[{"id":54488,"href":"https:\/\/www.pharmacieonline.lu\/de\/wp-json\/wp\/v2\/product\/54486\/revisions\/54488"}],"wp:featuredmedia":[{"embeddable":true,"href":"https:\/\/www.pharmacieonline.lu\/de\/wp-json\/wp\/v2\/media\/54487"}],"wp:attachment":[{"href":"https:\/\/www.pharmacieonline.lu\/de\/wp-json\/wp\/v2\/media?parent=54486"}],"wp:term":[{"taxonomy":"product_brand","embeddable":true,"href":"https:\/\/www.pharmacieonline.lu\/de\/wp-json\/wp\/v2\/product_brand?post=54486"},{"taxonomy":"product_cat","embeddable":true,"href":"https:\/\/www.pharmacieonline.lu\/de\/wp-json\/wp\/v2\/product_cat?post=54486"},{"taxonomy":"product_tag","embeddable":true,"href":"https:\/\/www.pharmacieonline.lu\/de\/wp-json\/wp\/v2\/product_tag?post=54486"}],"curies":[{"name":"wp","href":"https:\/\/api.w.org\/{rel}","templated":true}]}}