{"id":54495,"date":"2026-03-10T16:44:57","date_gmt":"2026-03-10T15:44:57","guid":{"rendered":"https:\/\/www.pharmacieonline.lu\/?post_type=product&#038;p=54495"},"modified":"2026-04-27T05:55:07","modified_gmt":"2026-04-27T03:55:07","slug":"nosca-mereprine-sirop-150ml","status":"publish","type":"product","link":"https:\/\/www.pharmacieonline.lu\/de\/produit\/nosca-mereprine-sirop-150ml\/","title":{"rendered":"NOSCA MEREPRINE SIROP 150ML"},"content":{"rendered":"<p>Indikation<\/p>\n<p>Noscapin unterdr\u00fcckt den Hustenreiz und wird f\u00fcr die symptomatische Behandlung von trockenem Husten angewendet (auch &#8222;unproduktiver&#8220; Husten genannt). Er ist angezeigt bei Erwachsenen, Jugendlichen und Kindern \u00fcber 6 Jahren. Wenn Sie sich nach 5 Tagen nicht besser oder gar schlechter f\u00fchlen, wenden Sie sich an Ihren Arzt.<\/p>\n<p>Verwendung<\/p>\n<p>Wenden Sie dieses Arzneimittel immer genau wie in dieser Packungsbeilage beschrieben bzw. genau nach Anweisung Ihres Arztes oder Apothekers an. Fragen Sie bei Ihren Arzt oder Apotheker, wenn Sie sich nicht ganz sicher sind. \u00d6ffnen Sie die Flasche, indem Sie auf die kindergesicherte Kappe nach unten dr\u00fccken und sie gleichzeitig entgegen dem Uhrzeigersinn drehen. Die empfohlene Dosierung betr\u00e4gt 15 bis 30 ml, 3- bis 4-mal t\u00e4glich (= 24 Stunden). Die maximale Tagesdosis betr\u00e4gt 120 ml. Zwischen 2 Einnahmen m\u00fcssen mindestens 4 Stunden liegen. Anwendung bei Kindern und Jugendlichen Kinder ab 12 Jahren 4- bis 5-mal jeweils 15 ml pro Tag. Die maximale Tagesdosis betr\u00e4gt 75 ml. Kinder im Alter zwischen 6 und 12 Jahren 2- bis 4-mal jeweils 15 ml pro Tag. Die maximale Tagesdosis betr\u00e4gt 60 ml. Kinder unter 6 Jahren Nosca-M\u00e9r\u00e9prine Sirup darf nicht bei Kindern unter 6 Jahren angewendet werden. \u00c4ltere Personen \u00c4ltere Personen k\u00f6nnen aufgrund der verz\u00f6gerten Verstoffwechselung von Noscapin empfindlicher reagieren, so dass eine Senkung der Dosis erforderlich sein kann. Sprechen Sie mit Ihrem Arzt oder Apotheker, wenn Sie den Eindruck haben, dass die Wirkung von Nosca-M\u00e9r\u00e9prine Sirup zu stark oder zu schwach ist. Wie ist Nosca-M\u00e9r\u00e9prine Sirup einzunehmen Die Dosis muss mit dem mitgelieferten Messbecher abgemessen werden. Die empfohlene Dosis nicht \u00fcberschreiten. Sie d\u00fcrfen Nosca-M\u00e9r\u00e9prine Sirup ohne R\u00fccksprache mit Ihrem Arzt nicht l\u00e4nger als 5 Tage einnehmen. Wenn Sie eine gr\u00f6\u00dfere Menge von Nosca-M\u00e9r\u00e9prine Sirup eingenommen haben, als Sie sollten Symptome einer \u00dcberdosierung von Nosca-M\u00e9r\u00e9prine Sirup sind: Aufregung, Verwirrtheit, Angst, Hautausschlag, \u00dcbelkeit, Erbrechen, Schwindel, Schl\u00e4frigkeit, Atemschwierigkeiten durch Verengung der Luftr\u00f6hren\u00e4ste, Kurzatmigkeit, Err\u00f6ten, schneller Puls, vor\u00fcbergehende Blutdrucksenkung. Nach der Einnahme gro\u00dfer Mengen kann es zu Atemunterdr\u00fcckung (Atemdepression), Kr\u00e4mpfe (Konvulsion) und Koma kommen. Wird eine Vergiftung festgestellt, sollte stets eine Einweisung ins Krankenhaus erfolgen. Wenn Sie zu viel Nosca-M\u00e9r\u00e9prine Sirup eingenommen haben, nehmen Sie bitte sofort Kontakt mit Ihrem Arzt, Ihrem Apotheker oder mit der \u00f6rtlichen Giftnotrufzentrale (070\/245.245) auf. Wenn Sie die Einnahme von Nosca-M\u00e9r\u00e9prine Sirup vergessen haben Wenn Sie eine Dosis vergessen haben, holen Sie sie so schnell wie m\u00f6glich nach. Wenn es allerdings schon beinahe Zeit f\u00fcr die n\u00e4chste Dosis ist, sollten Sie die vergessene Dosis auslassen und Ihr normales Dosierungsschema fortsetzen. Nehmen Sie nicht die doppelte Menge ein, wenn Sie die vorherige Einnahme vergessen haben. Wenn Sie weitere Fragen zur Anwendung des Arzneimittels haben, wenden Sie sich an Ihren Arzt oder Apotheker.<\/p>","protected":false},"excerpt":{"rendered":"<p>Indikation Noscapin unterdr\u00fcckt den Hustenreiz und wird f\u00fcr die symptomatische Behandlung von trockenem Husten angewendet (auch &#8222;unproduktiver&#8220; Husten genannt). Er ist angezeigt bei Erwachsenen, Jugendlichen und Kindern \u00fcber 6 Jahren. Wenn Sie sich nach 5 Tagen nicht besser oder gar schlechter f\u00fchlen, wenden Sie sich an Ihren Arzt. Verwendung Wenden Sie dieses Arzneimittel immer genau [&hellip;]<\/p>\n","protected":false},"featured_media":54497,"template":"","meta":{"_acf_changed":false,"footnotes":""},"product_brand":[],"product_cat":[85,83,82,91],"product_tag":[],"class_list":{"0":"post-54495","1":"product","2":"type-product","3":"status-publish","4":"has-post-thumbnail","6":"product_cat-rhume","7":"product_cat-gorge","8":"product_cat-toux","9":"product_cat-allergies","11":"first","12":"instock","13":"taxable","14":"shipping-taxable","15":"purchasable","16":"product-type-simple"},"acf":[],"_links":{"self":[{"href":"https:\/\/www.pharmacieonline.lu\/de\/wp-json\/wp\/v2\/product\/54495","targetHints":{"allow":["GET"]}}],"collection":[{"href":"https:\/\/www.pharmacieonline.lu\/de\/wp-json\/wp\/v2\/product"}],"about":[{"href":"https:\/\/www.pharmacieonline.lu\/de\/wp-json\/wp\/v2\/types\/product"}],"version-history":[{"count":3,"href":"https:\/\/www.pharmacieonline.lu\/de\/wp-json\/wp\/v2\/product\/54495\/revisions"}],"predecessor-version":[{"id":54499,"href":"https:\/\/www.pharmacieonline.lu\/de\/wp-json\/wp\/v2\/product\/54495\/revisions\/54499"}],"wp:featuredmedia":[{"embeddable":true,"href":"https:\/\/www.pharmacieonline.lu\/de\/wp-json\/wp\/v2\/media\/54497"}],"wp:attachment":[{"href":"https:\/\/www.pharmacieonline.lu\/de\/wp-json\/wp\/v2\/media?parent=54495"}],"wp:term":[{"taxonomy":"product_brand","embeddable":true,"href":"https:\/\/www.pharmacieonline.lu\/de\/wp-json\/wp\/v2\/product_brand?post=54495"},{"taxonomy":"product_cat","embeddable":true,"href":"https:\/\/www.pharmacieonline.lu\/de\/wp-json\/wp\/v2\/product_cat?post=54495"},{"taxonomy":"product_tag","embeddable":true,"href":"https:\/\/www.pharmacieonline.lu\/de\/wp-json\/wp\/v2\/product_tag?post=54495"}],"curies":[{"name":"wp","href":"https:\/\/api.w.org\/{rel}","templated":true}]}}