{"id":54500,"date":"2026-03-10T16:47:26","date_gmt":"2026-03-10T15:47:26","guid":{"rendered":"https:\/\/www.pharmacieonline.lu\/?post_type=product&#038;p=54500"},"modified":"2026-04-27T08:55:10","modified_gmt":"2026-04-27T06:55:10","slug":"sterimar-allergie-spray-100ml","status":"publish","type":"product","link":"https:\/\/www.pharmacieonline.lu\/de\/produit\/sterimar-allergie-spray-100ml\/","title":{"rendered":"STERIMAR ALLERGIE SPRAY 100ML"},"content":{"rendered":"<p>ST\u00c9RIMAR\u2122 Nasenhygiene<\/p>\n<p>Isotonische Formel, angereichert mit Mangan.<\/p>\n<p>Reinigt und entfernt Allergene von der Nasenschleimhaut.<\/p>\n<p>Reduziert die Anzahl akuter allergischer Rhinitis-Episoden um 42 %*.<br \/>\nBeugt Niesen, Schnupfen und Juckreiz vor.<\/p>\n<p>Anwendung<\/p>\n<p>Reinigt und entfernt Allergene.<\/p>\n<p>Anwendung<\/p>\n<p>2 bis 6 Spr\u00fchst\u00f6\u00dfe t\u00e4glich in jedes Nasenloch.<\/p>\n<p>Zusammensetzung<\/p>\n<p>Nasenspray aus 100 % nat\u00fcrlichem, gefiltertem und konservierungsmittelfreiem Meerwasser mit den bekannten Eigenschaften mariner Mineralien und Spurenelemente (aus der Bucht von Cancale).<\/p>","protected":false},"excerpt":{"rendered":"<p>ST\u00c9RIMAR\u2122 Nasenhygiene Isotonische Formel, angereichert mit Mangan. Reinigt und entfernt Allergene von der Nasenschleimhaut. Reduziert die Anzahl akuter allergischer Rhinitis-Episoden um 42 %*. Beugt Niesen, Schnupfen und Juckreiz vor. Anwendung Reinigt und entfernt Allergene. Anwendung 2 bis 6 Spr\u00fchst\u00f6\u00dfe t\u00e4glich in jedes Nasenloch. Zusammensetzung Nasenspray aus 100 % nat\u00fcrlichem, gefiltertem und konservierungsmittelfreiem Meerwasser mit den [&hellip;]<\/p>\n","protected":false},"featured_media":54502,"template":"","meta":{"_acf_changed":false,"footnotes":""},"product_brand":[],"product_cat":[85,91],"product_tag":[],"class_list":{"0":"post-54500","1":"product","2":"type-product","3":"status-publish","4":"has-post-thumbnail","6":"product_cat-rhume","7":"product_cat-allergies","9":"first","10":"instock","11":"taxable","12":"shipping-taxable","13":"purchasable","14":"product-type-simple"},"acf":[],"_links":{"self":[{"href":"https:\/\/www.pharmacieonline.lu\/de\/wp-json\/wp\/v2\/product\/54500","targetHints":{"allow":["GET"]}}],"collection":[{"href":"https:\/\/www.pharmacieonline.lu\/de\/wp-json\/wp\/v2\/product"}],"about":[{"href":"https:\/\/www.pharmacieonline.lu\/de\/wp-json\/wp\/v2\/types\/product"}],"version-history":[{"count":3,"href":"https:\/\/www.pharmacieonline.lu\/de\/wp-json\/wp\/v2\/product\/54500\/revisions"}],"predecessor-version":[{"id":54504,"href":"https:\/\/www.pharmacieonline.lu\/de\/wp-json\/wp\/v2\/product\/54500\/revisions\/54504"}],"wp:featuredmedia":[{"embeddable":true,"href":"https:\/\/www.pharmacieonline.lu\/de\/wp-json\/wp\/v2\/media\/54502"}],"wp:attachment":[{"href":"https:\/\/www.pharmacieonline.lu\/de\/wp-json\/wp\/v2\/media?parent=54500"}],"wp:term":[{"taxonomy":"product_brand","embeddable":true,"href":"https:\/\/www.pharmacieonline.lu\/de\/wp-json\/wp\/v2\/product_brand?post=54500"},{"taxonomy":"product_cat","embeddable":true,"href":"https:\/\/www.pharmacieonline.lu\/de\/wp-json\/wp\/v2\/product_cat?post=54500"},{"taxonomy":"product_tag","embeddable":true,"href":"https:\/\/www.pharmacieonline.lu\/de\/wp-json\/wp\/v2\/product_tag?post=54500"}],"curies":[{"name":"wp","href":"https:\/\/api.w.org\/{rel}","templated":true}]}}