{"id":55233,"date":"2026-03-20T10:29:25","date_gmt":"2026-03-20T09:29:25","guid":{"rendered":"https:\/\/www.pharmacieonline.lu\/?post_type=product&#038;p=55233"},"modified":"2026-04-03T07:55:05","modified_gmt":"2026-04-03T05:55:05","slug":"filorga-daily-repair-mineral-uv50-50ml","status":"publish","type":"product","link":"https:\/\/www.pharmacieonline.lu\/de\/produit\/filorga-daily-repair-mineral-uv50-50ml\/","title":{"rendered":"FILORGA DAILY REPAIR MINERAL UV50 50ML"},"content":{"rendered":"<p>DAILY REPAIR MINERAL SPF 50 UV ist eine 100% mineralische Tages-Sonnencreme mit unsichtbarem Finish. Sie wurde speziell entwickelt, um die Hautbarriere zu st\u00e4rken, vor UV-Strahlen zu sch\u00fctzen und empfindliche Haut zu beruhigen, w\u00e4hrend sie gleichzeitig langanhaltende Feuchtigkeit spendet.<\/p>\n<p>\/Formel<br \/>\nDie Formel ist mit einem 2%igen Aminos\u00e4ure-Regenerationskomplex angereichert, der die Hautbarriere st\u00e4rkt, R\u00f6tungen reduziert und das Risiko von Irritationen minimiert. Sie enth\u00e4lt au\u00dferdem Ceramide, die Feuchtigkeitsverlust vorbeugen, und Centella Asiatica, bekannt f\u00fcr ihre beruhigenden und reparierenden Eigenschaften.<\/p>\n<p>\/Hauttyp<br \/>\nF\u00fcr alle Hauttypen geeignet.<\/p>\n<p>\/Textur<br \/>\nLeichte, gr\u00fcn get\u00f6nte Emulsion mit unsichtbarem Finish und R\u00f6tungskorrektur.<\/p>\n<p>\/Produktvorteile<br \/>\nKlinisch nachgewiesene Wirksamkeit. Dermatologisch getestet.<\/p>","protected":false},"excerpt":{"rendered":"<p>DAILY REPAIR MINERAL SPF 50 UV ist eine 100% mineralische Tages-Sonnencreme mit unsichtbarem Finish. Sie wurde speziell entwickelt, um die Hautbarriere zu st\u00e4rken, vor UV-Strahlen zu sch\u00fctzen und empfindliche Haut zu beruhigen, w\u00e4hrend sie gleichzeitig langanhaltende Feuchtigkeit spendet. \/Formel Die Formel ist mit einem 2%igen Aminos\u00e4ure-Regenerationskomplex angereichert, der die Hautbarriere st\u00e4rkt, R\u00f6tungen reduziert und das [&hellip;]<\/p>\n","protected":false},"featured_media":55234,"template":"","meta":{"_acf_changed":false,"footnotes":""},"product_brand":[],"product_cat":[47,42,54],"product_tag":[],"class_list":{"0":"post-55233","1":"product","2":"type-product","3":"status-publish","4":"has-post-thumbnail","6":"product_cat-dermocosmetique","7":"product_cat-para-pharmacie","8":"product_cat-soins-du-visage","10":"first","11":"instock","12":"taxable","13":"shipping-taxable","14":"purchasable","15":"product-type-simple"},"acf":[],"_links":{"self":[{"href":"https:\/\/www.pharmacieonline.lu\/de\/wp-json\/wp\/v2\/product\/55233","targetHints":{"allow":["GET"]}}],"collection":[{"href":"https:\/\/www.pharmacieonline.lu\/de\/wp-json\/wp\/v2\/product"}],"about":[{"href":"https:\/\/www.pharmacieonline.lu\/de\/wp-json\/wp\/v2\/types\/product"}],"version-history":[{"count":3,"href":"https:\/\/www.pharmacieonline.lu\/de\/wp-json\/wp\/v2\/product\/55233\/revisions"}],"predecessor-version":[{"id":55284,"href":"https:\/\/www.pharmacieonline.lu\/de\/wp-json\/wp\/v2\/product\/55233\/revisions\/55284"}],"wp:featuredmedia":[{"embeddable":true,"href":"https:\/\/www.pharmacieonline.lu\/de\/wp-json\/wp\/v2\/media\/55234"}],"wp:attachment":[{"href":"https:\/\/www.pharmacieonline.lu\/de\/wp-json\/wp\/v2\/media?parent=55233"}],"wp:term":[{"taxonomy":"product_brand","embeddable":true,"href":"https:\/\/www.pharmacieonline.lu\/de\/wp-json\/wp\/v2\/product_brand?post=55233"},{"taxonomy":"product_cat","embeddable":true,"href":"https:\/\/www.pharmacieonline.lu\/de\/wp-json\/wp\/v2\/product_cat?post=55233"},{"taxonomy":"product_tag","embeddable":true,"href":"https:\/\/www.pharmacieonline.lu\/de\/wp-json\/wp\/v2\/product_tag?post=55233"}],"curies":[{"name":"wp","href":"https:\/\/api.w.org\/{rel}","templated":true}]}}