{"id":5528,"date":"2020-12-17T14:01:18","date_gmt":"2020-12-17T13:01:18","guid":{"rendered":"https:\/\/www.pharmacieonline.lu\/?post_type=product&#038;p=5528"},"modified":"2026-04-10T06:25:27","modified_gmt":"2026-04-10T04:25:27","slug":"5528","status":"publish","type":"product","link":"https:\/\/www.pharmacieonline.lu\/de\/produit\/5528\/","title":{"rendered":"NUXE VERY ROSE GEL MASQUE NETTOY 150ML"},"content":{"rendered":"<p>Vegane Formel * unter dermatologischer Kontrolle getestet.<\/p>\n<p>Es beinhaltet :<\/p>\n<p>&#8211; Rosenbl\u00fctenwasser: Bekannt f\u00fcr seine beruhigenden und weichmachenden Eigenschaften bei allen Hauttypen, auch bei empfindlichen.<\/p>\n<p>Und auch :<\/p>\n<p>&#8211; Skin-Respect Complex 100% pflanzlichen Ursprungs: Er besteht aus feuchtigkeitsspendenden Zuckern, hydratisiert und st\u00e4rkt die Barriere<\/p>\n<p>Schutz der Haut.<\/p>\n<p>&#8211; Reinigungsmittel nat\u00fcrlichen Ursprungs (aus Kokosnuss, Mais &#8230;) zur wirksamen Entfernung von Verunreinigungen (\u00fcbersch\u00fcssiges Talg,<\/p>\n<p>Spuren von Make-up &#8230;) und Verschmutzungspartikeln.<\/p>\n<p>* Formel ohne Inhaltsstoffe oder Derivate tierischen Ursprungs.<\/p>\n<p>&nbsp;<\/p>\n<p>96% der gesamten Inhaltsstoffe sind nat\u00fcrlichen Ursprungs<\/p>","protected":false},"excerpt":{"rendered":"<p class=\"qtranxs-available-languages-message qtranxs-available-languages-message-de\">\n<p>Ce Gel-Masque est le geste nettoyant plaisir \u00e0 utiliser directement sous la douche !<\/p>\n<p>Appliquez matin et soir sur visage humide, en \u00e9vitant le contour des yeux.<\/p>\n<p>Laissez poser 1 minute puis massez par mouvements circulaires pour d\u00e9crocher les impuret\u00e9s les plus incrust\u00e9es.<\/p>\n<p>Rincez ensuite abondamment \u00e0 l\u2019eau.<\/p>\n<p>En cas de contact avec les yeux, rincez abondamment.<\/p>\n<p>Compl\u00e9tez votre routine avec les soins de la gamme\u00a0<a href=\"https:\/\/fr.nuxe.com\/very-rose\" target=\"_blank\" rel=\"noopener noreferrer\">Very Rose<\/a><\/p>\n","protected":false},"featured_media":5550,"template":"","meta":{"_acf_changed":false,"footnotes":""},"product_brand":[],"product_cat":[47,42,54,782],"product_tag":[],"class_list":{"0":"post-5528","1":"product","2":"type-product","3":"status-publish","4":"has-post-thumbnail","6":"product_cat-dermocosmetique","7":"product_cat-para-pharmacie","8":"product_cat-soins-du-visage","9":"product_cat-vegan","11":"first","12":"outofstock","13":"taxable","14":"shipping-taxable","15":"purchasable","16":"product-type-simple"},"acf":[],"_links":{"self":[{"href":"https:\/\/www.pharmacieonline.lu\/de\/wp-json\/wp\/v2\/product\/5528","targetHints":{"allow":["GET"]}}],"collection":[{"href":"https:\/\/www.pharmacieonline.lu\/de\/wp-json\/wp\/v2\/product"}],"about":[{"href":"https:\/\/www.pharmacieonline.lu\/de\/wp-json\/wp\/v2\/types\/product"}],"version-history":[{"count":0,"href":"https:\/\/www.pharmacieonline.lu\/de\/wp-json\/wp\/v2\/product\/5528\/revisions"}],"wp:featuredmedia":[{"embeddable":true,"href":"https:\/\/www.pharmacieonline.lu\/de\/wp-json\/wp\/v2\/media\/5550"}],"wp:attachment":[{"href":"https:\/\/www.pharmacieonline.lu\/de\/wp-json\/wp\/v2\/media?parent=5528"}],"wp:term":[{"taxonomy":"product_brand","embeddable":true,"href":"https:\/\/www.pharmacieonline.lu\/de\/wp-json\/wp\/v2\/product_brand?post=5528"},{"taxonomy":"product_cat","embeddable":true,"href":"https:\/\/www.pharmacieonline.lu\/de\/wp-json\/wp\/v2\/product_cat?post=5528"},{"taxonomy":"product_tag","embeddable":true,"href":"https:\/\/www.pharmacieonline.lu\/de\/wp-json\/wp\/v2\/product_tag?post=5528"}],"curies":[{"name":"wp","href":"https:\/\/api.w.org\/{rel}","templated":true}]}}