{"id":5553,"date":"2020-12-18T09:56:22","date_gmt":"2020-12-18T08:56:22","guid":{"rendered":"https:\/\/www.pharmacieonline.lu\/?post_type=product&#038;p=5553"},"modified":"2026-04-10T06:25:26","modified_gmt":"2026-04-10T04:25:26","slug":"roche-posay-effaclar-serum-ultr-conc30ml","status":"publish","type":"product","link":"https:\/\/www.pharmacieonline.lu\/de\/produit\/roche-posay-effaclar-serum-ultr-conc30ml\/","title":{"rendered":"ROCHE POSAY EFFACLAR SERUM ULTR CONC30ML"},"content":{"rendered":"<p>Formuliert mit einem Komplex von 3 hochkonzentrierten komplement\u00e4ren S\u00e4uren, die mit beruhigenden Wirkstoffen assoziiert sind:<\/p>\n<p>1 \/ REINIGUNG UND REBALANCING<\/p>\n<p>SALYCILIC ACID: Verstopft die Poren und reduziert die Talgbildung. Salicyls\u00e4ure ist nat\u00fcrlich in einigen Fr\u00fcchten enthalten und hilft dabei, abgestorbene Zellen zu entfernen und so verstopfte Poren freizusetzen, wodurch der Talgfluss erleichtert wird. Seine keratolytische Wirkung hilft, die Hautoberfl\u00e4che zu gl\u00e4tten und zu erweichen.<\/p>\n<p>2 \/ STIMULIERT DIE ZELLUL\u00c4RE ERNEUERUNG<\/p>\n<p>GLYCOLIC ACID: Aktiviert die Hauterneuerung. Glykols\u00e4ure wird aus Zuckerrohr hergestellt und hilft, tote und dehydrierte Zellen zu eliminieren. Durch die Beschleunigung der Abschuppung wird die Zellerneuerung stimuliert, wodurch die Hautstruktur und die Hautfarbe verbessert werden.<\/p>\n<p>3 \/ GENTLE EXFOLIATE<\/p>\n<p>LHA: Peeling sanft die Hautoberfl\u00e4che. Der patentierte Wirkstoff La Roche-Posay, LHA, zeigt eine sehr gute Peeling-Aktivit\u00e4t. Es verursacht feine Abschuppung und hilft, Komedonen zu reduzieren. Die Haut ist einheitlich und feine Linien werden reduziert.<\/p>\n<p>4 \/ REDUZIERTE MARKEN<\/p>\n<p>NIACINAMID: Beruhigend, mit antioxidativen und entz\u00fcndungshemmenden Eigenschaften. Niacinamid wird aus Vitamin B3 gewonnen und wirkt stromaufw\u00e4rts, um das Auftreten von hyperpigmentierten Flecken zu verhindern und den Wasserverlust zu verringern. Die Markierungen sind verblasst und der Teint ist gleichm\u00e4\u00dfiger und strahlender.<\/p>\n<p>5 \/ SOOTHES UND SOFTENS<\/p>\n<p>THERMISCHES WASSER: Beruhigt zu Akne neigende Haut und ist reich an Mineralien und Spurenelementen, einschlie\u00dflich Selen. Seine Tugenden wirken beruhigend und mildernd.<\/p>\n<p>Dermatologisch auf zu Akne neigender Haut getestet.<br \/>\nNicht komedogen.<\/p>","protected":false},"excerpt":{"rendered":"<p class=\"qtranxs-available-languages-message qtranxs-available-languages-message-de\">\n<p>S\u00e9rum anti-imperfections effet peeling \u00e0 base d&#8216;<u><strong><a title=\"https:\/\/www.laroche-posay.fr\/stopospots-mag\/acide-salicylique-l-actif-utile-pour-combattre-l-acne\/ffs31993.aspx\" href=\"https:\/\/www.laroche-posay.fr\/stopospots-mag\/acide-salicylique-l-actif-utile-pour-combattre-l-acne\/ffs31993.aspx\" target=\"_blank\" rel=\"noopener noreferrer\">acide salicylique<\/a><\/strong><\/u>, d&#8216;<strong><a title=\"https:\/\/www.laroche-posay.fr\/article\/acide-glycolique-l-actif-a-associer-a-un-peeling-pour-une-peau-parfaite\/a39328.aspx\" href=\"https:\/\/www.laroche-posay.fr\/article\/acide-glycolique-l-actif-a-associer-a-un-peeling-pour-une-peau-parfaite\/a39328.aspx\" target=\"_blank\" rel=\"noopener noreferrer\">acide glycolique<\/a><\/strong>, de\u00a0<strong>LHA<\/strong>\u00a0et de\u00a0<u><strong><a title=\"https:\/\/www.laroche-posay.fr\/article\/tout-savoir-sur-la-niacinamide-et-la-vitamine-b3\/a39438.aspx\" href=\"https:\/\/www.laroche-posay.fr\/article\/tout-savoir-sur-la-niacinamide-et-la-vitamine-b3\/a39438.aspx\" target=\"_blank\" rel=\"noopener noreferrer\">Niacinamide<\/a><\/strong><\/u>\u00a0apaisant.<\/p>\n<p><strong>INDICATION<br \/>\n<\/strong>Test\u00e9 sur peaux adultes<strong>\u00a0\u00e0 tendance acn\u00e9ique.<\/strong><br \/>\nImperfections, marques persistantes, pores dilat\u00e9s.<\/p>\n<p><strong>COMMENT L&#8217;APPLIQUER ?<\/strong><\/p>\n<p><strong>Appliquer le soir\u00a0<\/strong>sur l&#8217;ensemble du visage.<br \/>\nNous vous recommandons d&#8217;appliquer une\u00a0<strong>protection solaire<\/strong>\u00a0(minimum SPF15) comme\u00a0<u><a title=\"https:\/\/www.laroche-posay.fr\/produits-soins\/anthelios\/anthelios-creme-solaire-visage-en-brume-anti-brillance-spf50-75ml-p23446.aspx\" href=\"https:\/\/www.laroche-posay.fr\/produits-soins\/anthelios\/anthelios-creme-solaire-visage-en-brume-anti-brillance-spf50-75ml-p23446.aspx\" target=\"_blank\" rel=\"noopener noreferrer\">ANTHELIOS Cr\u00e8me Solaire Visage en Brume<\/a><\/u>\u00a0en journ\u00e9e pendant toute la p\u00e9riode d&#8217;utilisation du s\u00e9rum et d&#8217;\u00e9viter une exposition prolong\u00e9e au soleil.<\/p>\n<p>Eviter le contour des yeux. En cas de contact avec les yeux, rincer abondamment. Ne pas appliquer sur les peaux l\u00e9s\u00e9es et sur les plaies. En cas d\u2019inconforts, espacer les applications. L\u2019odeur de ce produit est li\u00e9e \u00e0 son efficacit\u00e9. Elle disparait d\u00e8s l\u2019application.<\/p>\n<p>Pour compl\u00e9ter votre routine anti-imperfections, nettoyer votre visage avant avec\u00a0<u><a title=\"https:\/\/www.laroche-posay.fr\/produits-soins\/effaclar\/effaclar-gel-moussant-p22217.aspx\" href=\"https:\/\/www.laroche-posay.fr\/produits-soins\/effaclar\/effaclar-gel-moussant-p22217.aspx\" target=\"_blank\" rel=\"noopener noreferrer\">EFFACLAR Gel Moussant\u00a0<\/a><\/u>et\u00a0<u><a title=\"https:\/\/www.laroche-posay.fr\/produits-soins\/effaclar\/effaclar-eau-micellaire-ultra-p4341.aspx\" href=\"https:\/\/www.laroche-posay.fr\/produits-soins\/effaclar\/effaclar-eau-micellaire-ultra-p4341.aspx\" target=\"_blank\" rel=\"noopener noreferrer\">EFFACLAR Eau Micellaire Ultra<\/a><\/u>\u00a0en finition.<\/p>\n<p>&nbsp;<\/p>\n","protected":false},"featured_media":5646,"template":"","meta":{"_acf_changed":false,"footnotes":""},"product_brand":[],"product_cat":[47,42,54],"product_tag":[],"class_list":{"0":"post-5553","1":"product","2":"type-product","3":"status-publish","4":"has-post-thumbnail","6":"product_cat-dermocosmetique","7":"product_cat-para-pharmacie","8":"product_cat-soins-du-visage","10":"first","11":"instock","12":"taxable","13":"shipping-taxable","14":"purchasable","15":"product-type-simple"},"acf":[],"_links":{"self":[{"href":"https:\/\/www.pharmacieonline.lu\/de\/wp-json\/wp\/v2\/product\/5553","targetHints":{"allow":["GET"]}}],"collection":[{"href":"https:\/\/www.pharmacieonline.lu\/de\/wp-json\/wp\/v2\/product"}],"about":[{"href":"https:\/\/www.pharmacieonline.lu\/de\/wp-json\/wp\/v2\/types\/product"}],"version-history":[{"count":0,"href":"https:\/\/www.pharmacieonline.lu\/de\/wp-json\/wp\/v2\/product\/5553\/revisions"}],"wp:featuredmedia":[{"embeddable":true,"href":"https:\/\/www.pharmacieonline.lu\/de\/wp-json\/wp\/v2\/media\/5646"}],"wp:attachment":[{"href":"https:\/\/www.pharmacieonline.lu\/de\/wp-json\/wp\/v2\/media?parent=5553"}],"wp:term":[{"taxonomy":"product_brand","embeddable":true,"href":"https:\/\/www.pharmacieonline.lu\/de\/wp-json\/wp\/v2\/product_brand?post=5553"},{"taxonomy":"product_cat","embeddable":true,"href":"https:\/\/www.pharmacieonline.lu\/de\/wp-json\/wp\/v2\/product_cat?post=5553"},{"taxonomy":"product_tag","embeddable":true,"href":"https:\/\/www.pharmacieonline.lu\/de\/wp-json\/wp\/v2\/product_tag?post=5553"}],"curies":[{"name":"wp","href":"https:\/\/api.w.org\/{rel}","templated":true}]}}