{"id":55584,"date":"2026-04-03T13:49:19","date_gmt":"2026-04-03T11:49:19","guid":{"rendered":"https:\/\/www.pharmacieonline.lu\/?post_type=product&#038;p=55584"},"modified":"2026-04-03T14:57:14","modified_gmt":"2026-04-03T12:57:14","slug":"miloa-consti-regul-30ml-vet","status":"publish","type":"product","link":"https:\/\/www.pharmacieonline.lu\/de\/produit\/miloa-consti-regul-30ml-vet\/","title":{"rendered":"MILOA CONSTI REGUL 30ML VET"},"content":{"rendered":"<p class=\"qtranxs-available-languages-message qtranxs-available-languages-message-de\"> <\/p><p>Consti Regul\u2122 a \u00e9t\u00e9 tout sp\u00e9cialement \u00e9tudi\u00e9 pour faciliter l\u2019\u00e9vacuation des selles dures et des bourres de poils. Il permet leur expulsion tout en douceur.<\/p>\n<p>Sa formule innovante sous forme de p\u00e2te app\u00e9tente est facile \u00e0 administrer. Consti Regul\u2122 contient du psyllium blond, 3 fruits riches en fibres solubles et insolubles, des fibres de pois, du sorbitol, de l\u2019aubier de tilleul et de la racine de guimauve.<\/p>\n<p>Adieu aux selles s\u00e8ches et difficiles \u00e0 \u00e9vacuer gr\u00e2ce \u00e0 tous les ingr\u00e9dients naturels de Consti Regul\u2122.<\/p>\n<p>Consti Regul\u2122 est une p\u00e2te orale app\u00e8tente aux propri\u00e9t\u00e9s lubrifiantes. L\u2019ensemble des composants nutritionnels de Consti\u00a0Regul\u2122 emp\u00eache la formation des boules de poils et facilite leur \u00e9vacuation. Consti\u00a0Regul\u2122 aide le transit intestinal et \u00e9vite les f\u00e8ces dures.<\/p>\n<h3>MODE D\u2019EMPLOI<\/h3>\n<ul class=\"list-unstyled prod-me mil_bold\">\n<li>Pour un animal de 1 \u00e0 5 kg :<span class=\"pull-right\">1 \u00e0 2 graduations 2 \u00e0 3 fois\/j<\/span><\/li>\n<li>Pour un animal au-del\u00e0 de 5 kg :<span class=\"pull-right\">3 \u00e0 4 graduations 2 \u00e0 3 fois\/j<\/span><\/li>\n<li>1 graduation = 1 ml<\/li>\n<\/ul>\n<p class=\"text-justify\">La quantit\u00e9 mentionn\u00e9e ci-dessus peut \u00eatre doubl\u00e9e si n\u00e9cessaire. La dur\u00e9e de suppl\u00e9mentation de Consti Regul\u2122 Miloa peut varier en fonction des besoins de votre animal.<\/p>\n<p class=\"text-justify\">La p\u00e2te app\u00e9tente peut \u00eatre m\u00e9lang\u00e9e \u00e0 la nourriture.<\/p>\n<p class=\"text-justify\">Pour la premi\u00e8re utilisation, il faut descendre la bague de la seringue-doseuse sur le z\u00e9ro en la tournant. Ensuite, il est n\u00e9cessaire de placer la bague sur la graduation souhait\u00e9e. Une fois que la bague est positionn\u00e9e sur la graduation souhait\u00e9e, enfoncer le piston de la seringue-doseuse.<\/p>\n<p><\/p>","protected":false},"excerpt":{"rendered":"<p>Consti Regul\u2122 a \u00e9t\u00e9 tout sp\u00e9cialement \u00e9tudi\u00e9 pour faciliter l\u2019\u00e9vacuation des selles dures et des bourres de poils. Il permet leur expulsion tout en douceur. Sa formule innovante sous forme de p\u00e2te app\u00e9tente est facile \u00e0 administrer. Consti Regul\u2122 contient du psyllium blond, 3 fruits riches en fibres solubles et insolubles, des fibres de pois, [&hellip;]<\/p>\n","protected":false},"featured_media":55585,"template":"","meta":{"_acf_changed":false,"footnotes":""},"product_brand":[],"product_cat":[151,155,159,150,46],"product_tag":[],"class_list":{"0":"post-55584","1":"product","2":"type-product","3":"status-publish","4":"has-post-thumbnail","6":"product_cat-chiens","7":"product_cat-digestion","8":"product_cat-digestion-chiens","9":"product_cat-chats","10":"product_cat-veterinaire","12":"first","13":"instock","14":"taxable","15":"shipping-taxable","16":"purchasable","17":"product-type-simple"},"acf":[],"_links":{"self":[{"href":"https:\/\/www.pharmacieonline.lu\/de\/wp-json\/wp\/v2\/product\/55584","targetHints":{"allow":["GET"]}}],"collection":[{"href":"https:\/\/www.pharmacieonline.lu\/de\/wp-json\/wp\/v2\/product"}],"about":[{"href":"https:\/\/www.pharmacieonline.lu\/de\/wp-json\/wp\/v2\/types\/product"}],"version-history":[{"count":2,"href":"https:\/\/www.pharmacieonline.lu\/de\/wp-json\/wp\/v2\/product\/55584\/revisions"}],"predecessor-version":[{"id":55612,"href":"https:\/\/www.pharmacieonline.lu\/de\/wp-json\/wp\/v2\/product\/55584\/revisions\/55612"}],"wp:featuredmedia":[{"embeddable":true,"href":"https:\/\/www.pharmacieonline.lu\/de\/wp-json\/wp\/v2\/media\/55585"}],"wp:attachment":[{"href":"https:\/\/www.pharmacieonline.lu\/de\/wp-json\/wp\/v2\/media?parent=55584"}],"wp:term":[{"taxonomy":"product_brand","embeddable":true,"href":"https:\/\/www.pharmacieonline.lu\/de\/wp-json\/wp\/v2\/product_brand?post=55584"},{"taxonomy":"product_cat","embeddable":true,"href":"https:\/\/www.pharmacieonline.lu\/de\/wp-json\/wp\/v2\/product_cat?post=55584"},{"taxonomy":"product_tag","embeddable":true,"href":"https:\/\/www.pharmacieonline.lu\/de\/wp-json\/wp\/v2\/product_tag?post=55584"}],"curies":[{"name":"wp","href":"https:\/\/api.w.org\/{rel}","templated":true}]}}