{"id":55590,"date":"2026-04-03T14:06:17","date_gmt":"2026-04-03T12:06:17","guid":{"rendered":"https:\/\/www.pharmacieonline.lu\/?post_type=product&#038;p=55590"},"modified":"2026-04-03T14:58:06","modified_gmt":"2026-04-03T12:58:06","slug":"miloa-ultra-pure-shampoo-830ml-vet","status":"publish","type":"product","link":"https:\/\/www.pharmacieonline.lu\/de\/produit\/miloa-ultra-pure-shampoo-830ml-vet\/","title":{"rendered":"MILOA ULTRA PURE SHAMPOO 8*30ML VET"},"content":{"rendered":"<p class=\"qtranxs-available-languages-message qtranxs-available-languages-message-de\"> <\/p><p>Shampoing\u00a0 aux huiles essentielles pour les peaux \u00e0 probl\u00e8mes<\/p>\n<p><strong>Utilisation :<\/strong><\/p>\n<ul>\n<li>Shampoing pour chien et chat<\/li>\n<li>Pour les peaux \u00e0 probl\u00e8mes<\/li>\n<\/ul>\n<p><strong>Mode d&#8217;emploi :<\/strong><\/p>\n<ul>\n<li>Mouiller le poil \u00e0 l&#8217;eau ti\u00e8de, puis masser jusqu&#8217;\u00e0 obtenir une mousse l\u00e9g\u00e8re.<\/li>\n<li>Laisser agir quelques minutes puis rincer abondamment.<\/li>\n<\/ul>\n<p><strong>Avantages :<\/strong><\/p>\n<p>Les vertus merveilleuses des huiles essentielles ont d\u00e9montr\u00e9 leur activit\u00e9 puissante contre la surpopulation bact\u00e9rienne, les champignons et elles apaisent les d\u00e9mangeaisons et irritations.<\/p>","protected":false},"excerpt":{"rendered":"<p>Shampoing\u00a0 aux huiles essentielles pour les peaux \u00e0 probl\u00e8mes Utilisation : Shampoing pour chien et chat Pour les peaux \u00e0 probl\u00e8mes Mode d&#8217;emploi : Mouiller le poil \u00e0 l&#8217;eau ti\u00e8de, puis masser jusqu&#8217;\u00e0 obtenir une mousse l\u00e9g\u00e8re. Laisser agir quelques minutes puis rincer abondamment. Avantages : Les vertus merveilleuses des huiles essentielles ont d\u00e9montr\u00e9 leur [&hellip;]<\/p>\n","protected":false},"featured_media":55592,"template":"","meta":{"_acf_changed":false,"footnotes":""},"product_brand":[],"product_cat":[151,150,152,156,46],"product_tag":[],"class_list":{"0":"post-55590","1":"product","2":"type-product","3":"status-publish","4":"has-post-thumbnail","6":"product_cat-chiens","7":"product_cat-chats","8":"product_cat-soins","9":"product_cat-soins-chiens","10":"product_cat-veterinaire","12":"first","13":"instock","14":"taxable","15":"shipping-taxable","16":"purchasable","17":"product-type-simple"},"acf":[],"_links":{"self":[{"href":"https:\/\/www.pharmacieonline.lu\/de\/wp-json\/wp\/v2\/product\/55590","targetHints":{"allow":["GET"]}}],"collection":[{"href":"https:\/\/www.pharmacieonline.lu\/de\/wp-json\/wp\/v2\/product"}],"about":[{"href":"https:\/\/www.pharmacieonline.lu\/de\/wp-json\/wp\/v2\/types\/product"}],"version-history":[{"count":1,"href":"https:\/\/www.pharmacieonline.lu\/de\/wp-json\/wp\/v2\/product\/55590\/revisions"}],"predecessor-version":[{"id":55593,"href":"https:\/\/www.pharmacieonline.lu\/de\/wp-json\/wp\/v2\/product\/55590\/revisions\/55593"}],"wp:featuredmedia":[{"embeddable":true,"href":"https:\/\/www.pharmacieonline.lu\/de\/wp-json\/wp\/v2\/media\/55592"}],"wp:attachment":[{"href":"https:\/\/www.pharmacieonline.lu\/de\/wp-json\/wp\/v2\/media?parent=55590"}],"wp:term":[{"taxonomy":"product_brand","embeddable":true,"href":"https:\/\/www.pharmacieonline.lu\/de\/wp-json\/wp\/v2\/product_brand?post=55590"},{"taxonomy":"product_cat","embeddable":true,"href":"https:\/\/www.pharmacieonline.lu\/de\/wp-json\/wp\/v2\/product_cat?post=55590"},{"taxonomy":"product_tag","embeddable":true,"href":"https:\/\/www.pharmacieonline.lu\/de\/wp-json\/wp\/v2\/product_tag?post=55590"}],"curies":[{"name":"wp","href":"https:\/\/api.w.org\/{rel}","templated":true}]}}