{"id":55598,"date":"2026-04-03T14:16:08","date_gmt":"2026-04-03T12:16:08","guid":{"rendered":"https:\/\/www.pharmacieonline.lu\/?post_type=product&#038;p=55598"},"modified":"2026-04-17T11:05:58","modified_gmt":"2026-04-17T09:05:58","slug":"miloa-ultra-pure-shampoo-200ml-vet","status":"publish","type":"product","link":"https:\/\/www.pharmacieonline.lu\/de\/produit\/miloa-ultra-pure-shampoo-200ml-vet\/","title":{"rendered":"MILOA ULTRA PURE SHAMPOO 200ML VET"},"content":{"rendered":"<p>ANWENDUNG<\/p>\n<p>Mit \u00e4therischen \u00d6len, f\u00fcr Problemhaut.<br \/>\nF\u00dcR HUNDE UND KATZEN.<\/p>\n<p>ANWENDUNG<\/p>\n<p>Ultra Pure\u2122 nach dem Anfeuchten des Fells mit lauwarmem Wasser auftragen.<\/p>\n<p>Ultra Pure\u2122 gleichm\u00e4\u00dfig im Fell verteilen. Einmassieren, bis sich ein leichter Schaum bildet. Einige Minuten einwirken lassen. Gr\u00fcndlich aussp\u00fclen.<\/p>\n<p>Kann t\u00e4glich oder nach Anweisung Ihres Tierarztes angewendet werden.<\/p>","protected":false},"excerpt":{"rendered":"<p>ANWENDUNG Mit \u00e4therischen \u00d6len, f\u00fcr Problemhaut. F\u00dcR HUNDE UND KATZEN. ANWENDUNG Ultra Pure\u2122 nach dem Anfeuchten des Fells mit lauwarmem Wasser auftragen. Ultra Pure\u2122 gleichm\u00e4\u00dfig im Fell verteilen. Einmassieren, bis sich ein leichter Schaum bildet. Einige Minuten einwirken lassen. Gr\u00fcndlich aussp\u00fclen. Kann t\u00e4glich oder nach Anweisung Ihres Tierarztes angewendet werden.<\/p>\n","protected":false},"featured_media":55591,"template":"","meta":{"_acf_changed":false,"footnotes":""},"product_brand":[],"product_cat":[151,150,152,156,46],"product_tag":[],"class_list":{"0":"post-55598","1":"product","2":"type-product","3":"status-publish","4":"has-post-thumbnail","6":"product_cat-chiens","7":"product_cat-chats","8":"product_cat-soins","9":"product_cat-soins-chiens","10":"product_cat-veterinaire","12":"first","13":"instock","14":"taxable","15":"shipping-taxable","16":"purchasable","17":"product-type-simple"},"acf":[],"_links":{"self":[{"href":"https:\/\/www.pharmacieonline.lu\/de\/wp-json\/wp\/v2\/product\/55598","targetHints":{"allow":["GET"]}}],"collection":[{"href":"https:\/\/www.pharmacieonline.lu\/de\/wp-json\/wp\/v2\/product"}],"about":[{"href":"https:\/\/www.pharmacieonline.lu\/de\/wp-json\/wp\/v2\/types\/product"}],"version-history":[{"count":3,"href":"https:\/\/www.pharmacieonline.lu\/de\/wp-json\/wp\/v2\/product\/55598\/revisions"}],"predecessor-version":[{"id":55867,"href":"https:\/\/www.pharmacieonline.lu\/de\/wp-json\/wp\/v2\/product\/55598\/revisions\/55867"}],"wp:featuredmedia":[{"embeddable":true,"href":"https:\/\/www.pharmacieonline.lu\/de\/wp-json\/wp\/v2\/media\/55591"}],"wp:attachment":[{"href":"https:\/\/www.pharmacieonline.lu\/de\/wp-json\/wp\/v2\/media?parent=55598"}],"wp:term":[{"taxonomy":"product_brand","embeddable":true,"href":"https:\/\/www.pharmacieonline.lu\/de\/wp-json\/wp\/v2\/product_brand?post=55598"},{"taxonomy":"product_cat","embeddable":true,"href":"https:\/\/www.pharmacieonline.lu\/de\/wp-json\/wp\/v2\/product_cat?post=55598"},{"taxonomy":"product_tag","embeddable":true,"href":"https:\/\/www.pharmacieonline.lu\/de\/wp-json\/wp\/v2\/product_tag?post=55598"}],"curies":[{"name":"wp","href":"https:\/\/api.w.org\/{rel}","templated":true}]}}