{"id":55609,"date":"2026-04-03T14:54:39","date_gmt":"2026-04-03T12:54:39","guid":{"rendered":"https:\/\/www.pharmacieonline.lu\/?post_type=product&#038;p=55609"},"modified":"2026-04-03T17:55:04","modified_gmt":"2026-04-03T15:55:04","slug":"miloa-ultra-sweet-shampoo-830ml-vet","status":"publish","type":"product","link":"https:\/\/www.pharmacieonline.lu\/de\/produit\/miloa-ultra-sweet-shampoo-830ml-vet\/","title":{"rendered":"MILOA ULTRA SWEET SHAMPOO 8*30ML VET"},"content":{"rendered":"<p class=\"qtranxs-available-languages-message qtranxs-available-languages-message-de\"> <\/p><p>Ultra Sweet\u202fTM de Miloa nettoie en douceur tous les types de pelage y compris les plus sensibles gr\u00e2ce \u00e0 ses bases lavantes douces.<\/p>\n<p>POUR CHIENS ET CHATS.<\/p>\n<p>Ultra Sweet\u202fTM nourrit en profondeur et permet un d\u00e9m\u00ealage ais\u00e9 pour une triple action protectrice, gainante et fortifiante.<\/p>\n<p>R\u00e9sultat : le poil est brillant et tonifi\u00e9.<\/p>\n<p>Sans parab\u00e8ne<br \/>\nSans laureth sulfate<\/p>\n<p><strong>Indication<\/strong><br \/>\n\u00c9viter le contact avec les yeux. Usage externe uniquement. \u00c0 conserver hors de port\u00e9e des enfants. \u00c0 utiliser dans les 24 mois apr\u00e8s la date de fabrication.<\/p>\n<p><strong>Application<\/strong><br \/>\nAppliquer Ultra Sweet\u202fTM sur le poil pr\u00e9alablement mouill\u00e9 \u00e0 l\u2019eau ti\u00e8de.<\/p>\n<p>Bien r\u00e9partir Ultra Sweet\u202fTM sur l\u2019ensemble du pelage. Masser jusqu\u2019\u00e0 l\u2019obtention d\u2019une mousse l\u00e9g\u00e8re. Laisser agir quelques minutes. Rincer abondamment.<\/p>\n<p>Peut \u00eatre utilis\u00e9 quotidiennement ou selon les recommandations du v\u00e9t\u00e9rinaire.<\/p>\n<p><strong>Ingr\u00e9dients<\/strong><br \/>\n\u00c0 l\u2019extrait de grenade et de noix de coco<\/p>","protected":false},"excerpt":{"rendered":"<p>Ultra Sweet\u202fTM de Miloa nettoie en douceur tous les types de pelage y compris les plus sensibles gr\u00e2ce \u00e0 ses bases lavantes douces. POUR CHIENS ET CHATS. Ultra Sweet\u202fTM nourrit en profondeur et permet un d\u00e9m\u00ealage ais\u00e9 pour une triple action protectrice, gainante et fortifiante. R\u00e9sultat : le poil est brillant et tonifi\u00e9. Sans parab\u00e8ne [&hellip;]<\/p>\n","protected":false},"featured_media":55610,"template":"","meta":{"_acf_changed":false,"footnotes":""},"product_brand":[],"product_cat":[151,150,152,156,46],"product_tag":[],"class_list":{"0":"post-55609","1":"product","2":"type-product","3":"status-publish","4":"has-post-thumbnail","6":"product_cat-chiens","7":"product_cat-chats","8":"product_cat-soins","9":"product_cat-soins-chiens","10":"product_cat-veterinaire","12":"first","13":"outofstock","14":"taxable","15":"shipping-taxable","16":"purchasable","17":"product-type-simple"},"acf":[],"_links":{"self":[{"href":"https:\/\/www.pharmacieonline.lu\/de\/wp-json\/wp\/v2\/product\/55609","targetHints":{"allow":["GET"]}}],"collection":[{"href":"https:\/\/www.pharmacieonline.lu\/de\/wp-json\/wp\/v2\/product"}],"about":[{"href":"https:\/\/www.pharmacieonline.lu\/de\/wp-json\/wp\/v2\/types\/product"}],"version-history":[{"count":1,"href":"https:\/\/www.pharmacieonline.lu\/de\/wp-json\/wp\/v2\/product\/55609\/revisions"}],"predecessor-version":[{"id":55611,"href":"https:\/\/www.pharmacieonline.lu\/de\/wp-json\/wp\/v2\/product\/55609\/revisions\/55611"}],"wp:featuredmedia":[{"embeddable":true,"href":"https:\/\/www.pharmacieonline.lu\/de\/wp-json\/wp\/v2\/media\/55610"}],"wp:attachment":[{"href":"https:\/\/www.pharmacieonline.lu\/de\/wp-json\/wp\/v2\/media?parent=55609"}],"wp:term":[{"taxonomy":"product_brand","embeddable":true,"href":"https:\/\/www.pharmacieonline.lu\/de\/wp-json\/wp\/v2\/product_brand?post=55609"},{"taxonomy":"product_cat","embeddable":true,"href":"https:\/\/www.pharmacieonline.lu\/de\/wp-json\/wp\/v2\/product_cat?post=55609"},{"taxonomy":"product_tag","embeddable":true,"href":"https:\/\/www.pharmacieonline.lu\/de\/wp-json\/wp\/v2\/product_tag?post=55609"}],"curies":[{"name":"wp","href":"https:\/\/api.w.org\/{rel}","templated":true}]}}