{"id":55676,"date":"2026-04-09T16:39:28","date_gmt":"2026-04-09T14:39:28","guid":{"rendered":"https:\/\/www.pharmacieonline.lu\/?post_type=product&#038;p=55676"},"modified":"2026-04-21T12:25:19","modified_gmt":"2026-04-21T10:25:19","slug":"orozyme-bucco-fresh-pot-180g-vet","status":"publish","type":"product","link":"https:\/\/www.pharmacieonline.lu\/de\/produit\/orozyme-bucco-fresh-pot-180g-vet\/","title":{"rendered":"OROZYME BUCCO-FRESH POT 180G VET"},"content":{"rendered":"<p>Orozyme Bucco Fresh PlaqueOff ist eine innovative L\u00f6sung zur Verbesserung von Mundgeruch und der Zahngesundheit bei Hunden und Katzen. Orozyme Bucco Fresh PlaqueOff beugt Plaquebildung vor und l\u00f6st Ablagerungen. Nach wenigen Wochen Anwendung werden Sie eine Verbesserung der Mundhygiene Ihres Hundes oder Ihrer Katze feststellen.<\/p>\n<p>Orozyme Bucco Fresh PlaqueOff beugt Plaquebildung vor und l\u00f6st Ablagerungen. Nach drei Wochen Anwendung sind erste Verbesserungen sichtbar. Mundgeruch verschwindet und die Zahnfleischgesundheit verbessert sich. Dies sind die ersten Anzeichen f\u00fcr eine verbesserte Mundhygiene bei Ihrem Hund oder Ihrer Katze. W\u00e4hrend der Behandlung mit Orozyme Bucco Fresh PlaqueOff wird empfohlen, Ihrem Hund alle ein bis zwei Tage einen RF2 Kaustick zu geben. Dieser Stick hilft, aufgeweichte Plaque leichter zu entfernen.<\/p>\n<p>Anwendung<\/p>\n<p>Dosierung<\/p>\n<p>Katze: \u00bd Messl\u00f6ffel pro Tag.<\/p>\n<p>Hund bis 10 kg: \u00bd Messl\u00f6ffel pro Tag. Eine Dose reicht f\u00fcr 8 Monate.<\/p>\n<p>Hunde \u00fcber 10 kg: 1 Messl\u00f6ffel pro Tag. Eine Dose reicht f\u00fcr 4 Monate.<\/p>\n<p>Orozyme Bucco Fresh PlaqueOff ist ein 100 % nat\u00fcrliches Nahrungserg\u00e4nzungsmittel aus einer speziellen Algenart. Das Pulver l\u00e4sst sich einfach unter Trocken- oder Nassfutter mischen. Es ist sehr kalorienarm und daher besonders f\u00fcr \u00fcbergewichtige Katzen geeignet.<\/p>\n<p>Zusammensetzung<\/p>\n<p>Getrocknete Algen (Ascophyllum nodosum)<\/p>","protected":false},"excerpt":{"rendered":"<p>Orozyme Bucco Fresh PlaqueOff ist eine innovative L\u00f6sung zur Verbesserung von Mundgeruch und der Zahngesundheit bei Hunden und Katzen. Orozyme Bucco Fresh PlaqueOff beugt Plaquebildung vor und l\u00f6st Ablagerungen. Nach wenigen Wochen Anwendung werden Sie eine Verbesserung der Mundhygiene Ihres Hundes oder Ihrer Katze feststellen. Orozyme Bucco Fresh PlaqueOff beugt Plaquebildung vor und l\u00f6st Ablagerungen. [&hellip;]<\/p>\n","protected":false},"featured_media":0,"template":"","meta":{"_acf_changed":false,"footnotes":""},"product_brand":[],"product_cat":[],"product_tag":[],"class_list":{"0":"post-55676","1":"product","2":"type-product","3":"status-publish","6":"first","7":"instock","8":"taxable","9":"shipping-taxable","10":"product-type-simple"},"acf":[],"_links":{"self":[{"href":"https:\/\/www.pharmacieonline.lu\/de\/wp-json\/wp\/v2\/product\/55676","targetHints":{"allow":["GET"]}}],"collection":[{"href":"https:\/\/www.pharmacieonline.lu\/de\/wp-json\/wp\/v2\/product"}],"about":[{"href":"https:\/\/www.pharmacieonline.lu\/de\/wp-json\/wp\/v2\/types\/product"}],"version-history":[{"count":0,"href":"https:\/\/www.pharmacieonline.lu\/de\/wp-json\/wp\/v2\/product\/55676\/revisions"}],"wp:attachment":[{"href":"https:\/\/www.pharmacieonline.lu\/de\/wp-json\/wp\/v2\/media?parent=55676"}],"wp:term":[{"taxonomy":"product_brand","embeddable":true,"href":"https:\/\/www.pharmacieonline.lu\/de\/wp-json\/wp\/v2\/product_brand?post=55676"},{"taxonomy":"product_cat","embeddable":true,"href":"https:\/\/www.pharmacieonline.lu\/de\/wp-json\/wp\/v2\/product_cat?post=55676"},{"taxonomy":"product_tag","embeddable":true,"href":"https:\/\/www.pharmacieonline.lu\/de\/wp-json\/wp\/v2\/product_tag?post=55676"}],"curies":[{"name":"wp","href":"https:\/\/api.w.org\/{rel}","templated":true}]}}