{"id":55684,"date":"2026-04-09T16:51:40","date_gmt":"2026-04-09T14:51:40","guid":{"rendered":"https:\/\/www.pharmacieonline.lu\/?post_type=product&#038;p=55684"},"modified":"2026-04-15T03:55:12","modified_gmt":"2026-04-15T01:55:12","slug":"orozyme-bucco-fresh-dental-croq-60g-vet-2","status":"publish","type":"product","link":"https:\/\/www.pharmacieonline.lu\/de\/produit\/orozyme-bucco-fresh-dental-croq-60g-vet-2\/","title":{"rendered":"OROZYME BUCCO-FRESH DENTAL CROQ 60G VET"},"content":{"rendered":"<p class=\"qtranxs-available-languages-message qtranxs-available-languages-message-de\"> <\/p><p>Si votre chien ou votre chat a une mauvaise haleine, c\u2019est qu\u2019il souffre surement d\u2019un probl\u00e8me buccal ou dentaire. Le brossage quotidien des dents de votre animal est le moyen le plus efficace pour lui nettoyer les dents. Cependant, cela peut parfois \u00eatre une t\u00e2che difficile. Orozyme Bucco-Fresh Dental Croq est alors une alternative id\u00e9ale au brossage de dents.<\/p>\n<p>&nbsp;<\/p>\n<p>Orozyme Bucco-Fresh Dental Croq est un compl\u00e9ment alimentaire 100% naturel qui se pr\u00e9sente sous forme de petites croquettes. Une partie des composants de Orozyme Bucco-Fresh Dental Croq sont absorb\u00e9s au moment de la digestion et ensuite excret\u00e9s dans les glandes salivaires. Ce proc\u00e9d\u00e9 unique pr\u00e9vient efficacement l\u2019installation de la plaque dentaire et limite ainsi la cr\u00e9ation de probl\u00e8mes bucco-dentaires. Sans go\u00fbt ni odeur particuliers, Orozyme Bucco-Fresh Dental Croq s\u2019administre ainsi tr\u00e8s facilement comme une friandise.<\/p>\n<p>&nbsp;<\/p>\n<h2><strong>Indications de Orozyme Bucco-Fresh Dental Croq<\/strong><\/h2>\n<ul>\n<li>Mauvaise haleine<\/li>\n<li>Plaque dentaire ou tartre<\/li>\n<li>Entretien de l\u2019hygi\u00e8ne buccale<\/li>\n<\/ul>\n<p>&nbsp;<\/p>\n<h2><strong>Pr\u00e9sentation de Orozyme Bucco-Fresh Dental Croq<\/strong><\/h2>\n<p>Orozyme Bucco-Fresh Dental Croq est disponible en 2 tailles. Une petite pr\u00e9sentation \u00ab\u00a0 petits Croqs\u00a0\u00bb adapt\u00e9e aux chats et aux chiens de moins de 10 kg. Une grande pr\u00e9sentation \u00ab\u00a0 grands Croqs\u00a0\u00bb pour\u00a0les chiens de plus de 10 kg.<\/p>\n<p>&nbsp;<\/p>\n<h2><strong>Utilisation de Orozyme Bucco-Fresh Dental Croq<\/strong><\/h2>\n<ul>\n<li>Chats et chiens &lt;10 kg = 4-8 \u00ab\u00a0petits Croqs\u00a0\u00bb par jour (petit sachet 60 g)<\/li>\n<li>Chiens entre 10 et 25 kg = 2-4 \u00ab\u00a0grands Croqs\u00a0\u00bb par jour (grand sachet 150 g)<\/li>\n<li>Chiens &gt; 25 kg = 4-5 \u00ab\u00a0grands Croqs\u00a0\u00bb par jour (grand sachet 150 g)<\/li>\n<\/ul>\n<p>Il est recommand\u00e9 de traiter votre animal environ 3 semaines pour obtenir des r\u00e9sultats visibles.<\/p>","protected":false},"excerpt":{"rendered":"<p>Si votre chien ou votre chat a une mauvaise haleine, c\u2019est qu\u2019il souffre surement d\u2019un probl\u00e8me buccal ou dentaire. Le brossage quotidien des dents de votre animal est le moyen le plus efficace pour lui nettoyer les dents. Cependant, cela peut parfois \u00eatre une t\u00e2che difficile. Orozyme Bucco-Fresh Dental Croq est alors une alternative id\u00e9ale [&hellip;]<\/p>\n","protected":false},"featured_media":55685,"template":"","meta":{"_acf_changed":false,"footnotes":""},"product_brand":[],"product_cat":[151,150,46],"product_tag":[],"class_list":{"0":"post-55684","1":"product","2":"type-product","3":"status-publish","4":"has-post-thumbnail","6":"product_cat-chiens","7":"product_cat-chats","8":"product_cat-veterinaire","10":"first","11":"outofstock","12":"taxable","13":"shipping-taxable","14":"purchasable","15":"product-type-simple"},"acf":[],"_links":{"self":[{"href":"https:\/\/www.pharmacieonline.lu\/de\/wp-json\/wp\/v2\/product\/55684","targetHints":{"allow":["GET"]}}],"collection":[{"href":"https:\/\/www.pharmacieonline.lu\/de\/wp-json\/wp\/v2\/product"}],"about":[{"href":"https:\/\/www.pharmacieonline.lu\/de\/wp-json\/wp\/v2\/types\/product"}],"version-history":[{"count":1,"href":"https:\/\/www.pharmacieonline.lu\/de\/wp-json\/wp\/v2\/product\/55684\/revisions"}],"predecessor-version":[{"id":55688,"href":"https:\/\/www.pharmacieonline.lu\/de\/wp-json\/wp\/v2\/product\/55684\/revisions\/55688"}],"wp:featuredmedia":[{"embeddable":true,"href":"https:\/\/www.pharmacieonline.lu\/de\/wp-json\/wp\/v2\/media\/55685"}],"wp:attachment":[{"href":"https:\/\/www.pharmacieonline.lu\/de\/wp-json\/wp\/v2\/media?parent=55684"}],"wp:term":[{"taxonomy":"product_brand","embeddable":true,"href":"https:\/\/www.pharmacieonline.lu\/de\/wp-json\/wp\/v2\/product_brand?post=55684"},{"taxonomy":"product_cat","embeddable":true,"href":"https:\/\/www.pharmacieonline.lu\/de\/wp-json\/wp\/v2\/product_cat?post=55684"},{"taxonomy":"product_tag","embeddable":true,"href":"https:\/\/www.pharmacieonline.lu\/de\/wp-json\/wp\/v2\/product_tag?post=55684"}],"curies":[{"name":"wp","href":"https:\/\/api.w.org\/{rel}","templated":true}]}}