{"id":55707,"date":"2026-04-09T17:45:39","date_gmt":"2026-04-09T15:45:39","guid":{"rendered":"https:\/\/www.pharmacieonline.lu\/?post_type=product&#038;p=55707"},"modified":"2026-04-15T03:55:11","modified_gmt":"2026-04-15T01:55:11","slug":"flexadin-advanced-chat-60-bouchees-vet","status":"publish","type":"product","link":"https:\/\/www.pharmacieonline.lu\/de\/produit\/flexadin-advanced-chat-60-bouchees-vet\/","title":{"rendered":"FLEXADIN ADVANCED CHAT 60 BOUCHEES VET"},"content":{"rendered":"<p>Flexadin Advanced apporte un soutien aux articulations en cas d&#8217;arthrose.<\/p>\n<p>COMPOSITION :<\/p>\n<ul class=\"hocus-focus\">\n<li class=\"hocus-focus\">Collag\u00e8ne non d\u00e9natur\u00e9 de type 2 (UC-II)<\/li>\n<li>Acides gras om\u00e9ga 3<\/li>\n<li>Vitamine E<\/li>\n<li>Mangan\u00e8se<\/li>\n<li class=\"\">M\u00e9thionine<\/li>\n<\/ul>\n<p class=\"hocus-focus\">L&#8217;arthrose est l&#8217;usure d&#8217;une ou plusieurs articulations. Cette usure ne peut pas \u00eatre arr\u00eat\u00e9e et peut progressivement provoquer une augmentation de la douleur et de l&#8217;inconfort. Se d\u00e9placer devient de plus en plus difficile et douloureux, si bien que les chats \u00e9vitent m\u00eame de bouger&#8230; et cela passe souvent inaper\u00e7u !<\/p>\n<p>Chez les chats, nous observons ces probl\u00e8mes articulaires principalement dans : le dos et le cou, les \u00e9paules, les coudes, les hanches et les genoux.<\/p>\n<p>Les chats sont pass\u00e9s ma\u00eetres dans l&#8217;art de cacher la douleur. Contrairement aux chiens ou aux humains, ils boiteront rarement. Il est donc souvent difficile de reconna\u00eetre les signes (parfois) subtils de l&#8217;arthrose.<\/p>\n<p>Contrairement aux chiens qui souffrent principalement de boiterie, on remarque souvent des changements de comportement chez les chats souffrant de probl\u00e8mes articulaires. Ils ne sont plus aussi actifs, sautent moins facilement et deviennent moins joueurs.<\/p>\n<p class=\"\">Par exemple, votre chat aimait sauter sur le comptoir de la cuisine, mais il le fera d\u00e9sormais moins souvent. En outre, un pelage plus terne, le fait d&#8217;uriner \u00e0 c\u00f4t\u00e9 de la caisse et de ne pas vouloir \u00eatre touch\u00e9, ainsi qu&#8217;une attitude moins agr\u00e9able envers les autres chats et leurs propri\u00e9taires, peuvent \u00e9galement \u00eatre des signes d&#8217;arthrite.<\/p>\n<p><\/p>","protected":false},"excerpt":{"rendered":"<p>Flexadin Advanced apporte un soutien aux articulations en cas d&#8217;arthrose. COMPOSITION : Collag\u00e8ne non d\u00e9natur\u00e9 de type 2 (UC-II) Acides gras om\u00e9ga 3 Vitamine E Mangan\u00e8se M\u00e9thionine L&#8217;arthrose est l&#8217;usure d&#8217;une ou plusieurs articulations. Cette usure ne peut pas \u00eatre arr\u00eat\u00e9e et peut progressivement provoquer une augmentation de la douleur et de l&#8217;inconfort. Se d\u00e9placer [&hellip;]<\/p>\n","protected":false},"featured_media":55715,"template":"","meta":{"_acf_changed":false,"footnotes":""},"product_brand":[],"product_cat":[150,46],"product_tag":[],"class_list":{"0":"post-55707","1":"product","2":"type-product","3":"status-publish","4":"has-post-thumbnail","6":"product_cat-chats","7":"product_cat-veterinaire","9":"first","10":"instock","11":"taxable","12":"shipping-taxable","13":"purchasable","14":"product-type-simple"},"acf":[],"_links":{"self":[{"href":"https:\/\/www.pharmacieonline.lu\/de\/wp-json\/wp\/v2\/product\/55707","targetHints":{"allow":["GET"]}}],"collection":[{"href":"https:\/\/www.pharmacieonline.lu\/de\/wp-json\/wp\/v2\/product"}],"about":[{"href":"https:\/\/www.pharmacieonline.lu\/de\/wp-json\/wp\/v2\/types\/product"}],"version-history":[{"count":2,"href":"https:\/\/www.pharmacieonline.lu\/de\/wp-json\/wp\/v2\/product\/55707\/revisions"}],"predecessor-version":[{"id":55716,"href":"https:\/\/www.pharmacieonline.lu\/de\/wp-json\/wp\/v2\/product\/55707\/revisions\/55716"}],"wp:featuredmedia":[{"embeddable":true,"href":"https:\/\/www.pharmacieonline.lu\/de\/wp-json\/wp\/v2\/media\/55715"}],"wp:attachment":[{"href":"https:\/\/www.pharmacieonline.lu\/de\/wp-json\/wp\/v2\/media?parent=55707"}],"wp:term":[{"taxonomy":"product_brand","embeddable":true,"href":"https:\/\/www.pharmacieonline.lu\/de\/wp-json\/wp\/v2\/product_brand?post=55707"},{"taxonomy":"product_cat","embeddable":true,"href":"https:\/\/www.pharmacieonline.lu\/de\/wp-json\/wp\/v2\/product_cat?post=55707"},{"taxonomy":"product_tag","embeddable":true,"href":"https:\/\/www.pharmacieonline.lu\/de\/wp-json\/wp\/v2\/product_tag?post=55707"}],"curies":[{"name":"wp","href":"https:\/\/api.w.org\/{rel}","templated":true}]}}