{"id":55727,"date":"2026-04-09T17:51:56","date_gmt":"2026-04-09T15:51:56","guid":{"rendered":"https:\/\/www.pharmacieonline.lu\/?post_type=product&#038;p=55727"},"modified":"2026-04-12T06:55:07","modified_gmt":"2026-04-12T04:55:07","slug":"flexadin-adv-boswellia-chien-60chew-vet","status":"publish","type":"product","link":"https:\/\/www.pharmacieonline.lu\/de\/produit\/flexadin-adv-boswellia-chien-60chew-vet\/","title":{"rendered":"FLEXADIN ADV BOSWELLIA CHIEN 60CHEW VET"},"content":{"rendered":"<p>La combinaison unique d&#8217;UC-II\u00ae, de Boswellia Serrata, d&#8217;acides gras om\u00e9ga 3 et de vitamine E apporte un soutien optimal aux articulations de votre chien.<\/p>\n<p><strong><em>Composition unique<\/em><\/strong><\/p>\n<p class=\"hocus-focus\">Flexadin Advanced contient une combinaison innovante d&#8217;ingr\u00e9dients naturels de haute qualit\u00e9 qui soutiennent les fonctions articulaires et locomotrices de votre chien.<\/p>\n<p><strong><em>Tr\u00e8s facile<\/em><\/strong><\/p>\n<p class=\"\">Gr\u00e2ce \u00e0 sa composition unique, 1 croquette \u00e0 m\u00e2cher savoureuse par jour suffit, quel que soit le poids de votre chien. De plus, les chiens trouvent les morceaux \u00e0 m\u00e2cher tr\u00e8s savoureux. Vous pouvez le donner une fois par jour en guise de friandise, ce qui est de toute fa\u00e7on facile.<\/p>\n<p class=\"hocus-focus\">Les savoureux morceaux mous \u00e0 m\u00e2cher peuvent \u00eatre donn\u00e9s comme friandise ou m\u00e9lang\u00e9s \u00e0 la nourriture.<\/p>\n<p>Gr\u00e2ce \u00e0 sa composition unique, 1 croquette \u00e0 m\u00e2cher savoureuse par jour suffit, quel que soit le poids de votre chien.<\/p>\n<p>Farine d&#8217;avoine &#8211; farine de seigle &#8211; levure de bi\u00e8re &#8211; glyc\u00e9rine &#8211; poudre de foie de poulet &#8211; huile de lin (source d&#8217;om\u00e9ga 3) &#8211; poudre de cartilage de poulet UC-II\u00ae (contient du chlorure de potassium : 0,44%, collag\u00e8ne total en poudre : 0,37% (avec collag\u00e8ne non d\u00e9natur\u00e9 de type II : 0,045%)) 1,49% &#8211; huile de poisson (source d&#8217;om\u00e9ga 3) &#8211; pectine &#8211; saccharose &#8211; maltodextrine &#8211; sulfate de calcium dihydrat\u00e9.<\/p>\n<p class=\"hocus-focus\"><strong>Additifs \/kg:<\/strong>\u00a0<span class=\"hocus-focus\">Emulsifiants et stabilisants, \u00e9paississants et g\u00e9lifiants : Gomme arabique E414 (Acacia) 50 000mg, Alginate de sodium (1d401) 250 mg &#8211; Substances aromatiques : Extrait de Boswellia serrata 63 000 mg &#8211; Vitamines, provitamines et substances chimiquement bien d\u00e9finies ayant des effets similaires ; vitamine E\/ac\u00e9tate de rac-alpha-tocoph\u00e9rol (3a700) 7000 UI &#8211; Conservateurs ; Antioxydants ; Substances aromatiques.<\/span><\/p>\n<p><strong>Constituants analytiques:<\/strong>\u00a0Humidit\u00e9 20% &#8211; prot\u00e9ines brutes 14% &#8211; mati\u00e8res grasses brutes 14% &#8211; cendres brutes 3% &#8211; fibres brutes 1,5% &#8211; Par bouch\u00e9e : total acides gras om\u00e9ga 3 84 mg &#8211; Poids de la bouch\u00e9e individuelle : 3g.<\/p>","protected":false},"excerpt":{"rendered":"<p>La combinaison unique d&#8217;UC-II\u00ae, de Boswellia Serrata, d&#8217;acides gras om\u00e9ga 3 et de vitamine E apporte un soutien optimal aux articulations de votre chien. Composition unique Flexadin Advanced contient une combinaison innovante d&#8217;ingr\u00e9dients naturels de haute qualit\u00e9 qui soutiennent les fonctions articulaires et locomotrices de votre chien. Tr\u00e8s facile Gr\u00e2ce \u00e0 sa composition unique, 1 [&hellip;]<\/p>\n","protected":false},"featured_media":55729,"template":"","meta":{"_acf_changed":false,"footnotes":""},"product_brand":[],"product_cat":[151,46],"product_tag":[],"class_list":{"0":"post-55727","1":"product","2":"type-product","3":"status-publish","4":"has-post-thumbnail","6":"product_cat-chiens","7":"product_cat-veterinaire","9":"first","10":"instock","11":"taxable","12":"shipping-taxable","13":"purchasable","14":"product-type-simple"},"acf":[],"_links":{"self":[{"href":"https:\/\/www.pharmacieonline.lu\/de\/wp-json\/wp\/v2\/product\/55727","targetHints":{"allow":["GET"]}}],"collection":[{"href":"https:\/\/www.pharmacieonline.lu\/de\/wp-json\/wp\/v2\/product"}],"about":[{"href":"https:\/\/www.pharmacieonline.lu\/de\/wp-json\/wp\/v2\/types\/product"}],"version-history":[{"count":3,"href":"https:\/\/www.pharmacieonline.lu\/de\/wp-json\/wp\/v2\/product\/55727\/revisions"}],"predecessor-version":[{"id":55731,"href":"https:\/\/www.pharmacieonline.lu\/de\/wp-json\/wp\/v2\/product\/55727\/revisions\/55731"}],"wp:featuredmedia":[{"embeddable":true,"href":"https:\/\/www.pharmacieonline.lu\/de\/wp-json\/wp\/v2\/media\/55729"}],"wp:attachment":[{"href":"https:\/\/www.pharmacieonline.lu\/de\/wp-json\/wp\/v2\/media?parent=55727"}],"wp:term":[{"taxonomy":"product_brand","embeddable":true,"href":"https:\/\/www.pharmacieonline.lu\/de\/wp-json\/wp\/v2\/product_brand?post=55727"},{"taxonomy":"product_cat","embeddable":true,"href":"https:\/\/www.pharmacieonline.lu\/de\/wp-json\/wp\/v2\/product_cat?post=55727"},{"taxonomy":"product_tag","embeddable":true,"href":"https:\/\/www.pharmacieonline.lu\/de\/wp-json\/wp\/v2\/product_tag?post=55727"}],"curies":[{"name":"wp","href":"https:\/\/api.w.org\/{rel}","templated":true}]}}