{"id":55732,"date":"2026-04-09T17:55:34","date_gmt":"2026-04-09T15:55:34","guid":{"rendered":"https:\/\/www.pharmacieonline.lu\/?post_type=product&#038;p=55732"},"modified":"2026-04-12T06:55:07","modified_gmt":"2026-04-12T04:55:07","slug":"flexadin-young-dog-maxi-60-chews-vet","status":"publish","type":"product","link":"https:\/\/www.pharmacieonline.lu\/de\/produit\/flexadin-young-dog-maxi-60-chews-vet\/","title":{"rendered":"FLEXADIN YOUNG DOG MAXI 60 CHEWS VET"},"content":{"rendered":"<p>Flexadin Young Dog Maxi est un compl\u00e9ment alimentaire chondroprotecteur, recommand\u00e9 pour pr\u00e9venir les troubles articulaires et squelettiques chez les chiots de moyenne et grande taille (pesant plus de 10\u202fkg).<\/p>\n<h3><strong>B\u00e9n\u00e9fices<\/strong><\/h3>\n<ul>\n<li>Con\u00e7u pour r\u00e9pondre aux besoins sp\u00e9cifiques des chiots, il soutient efficacement leurs articulations \u00e0 un stade crucial de leur d\u00e9veloppement.<\/li>\n<li>Harpagophytum procumbens : plante reconnue pour am\u00e9liorer le confort articulaire<\/li>\n<li>Glucosamine et sulfate de chondro\u00eftine, deux composants du cartilage pour soutenir la mobilit\u00e9<\/li>\n<li>Favorisent la sant\u00e9 articulaire et globale gr\u00e2ce aux Omega 3.<\/li>\n<li>Format pratique : Bouch\u00e9es savoureuses pr\u00e9sent\u00e9es dans un sachet refermable, faciles \u00e0 donner.<\/li>\n<li>Convient aux moyens et grands chiens (plus de 10kg)<\/li>\n<\/ul>\n<p>&nbsp;<\/p>\n<h2>Composition<\/h2>\n<p>levure de bi\u00e8re, glyc\u00e9rine, poudre de cellulose, glucosamine HCl 11%, sulfate de chondro\u00eftine 11%, huile de graines de lin (source Om\u00e9ga-3), poudre de foie de poulet, huile de poisson (source Om\u00e9ga-3), pectine, saccharose, maltodextrine, sulfate de calcium dihydrat\u00e9.<\/p>\n<p>&nbsp;<\/p>\n<ul>\n<li>Additifs\/kg : Emulsifiants et agents de stabilisation, \u00e9paississants et agents g\u00e9lifiants : Gomme arabique E414 (Acacia) 60 000 mg, Alginate de sodium (1d401) 250 mg; Substances aromatiques : Harpagophytum procumbens 30 000 mg, Substances aromatiques; Additifs nutritionnels : Vitamines, provitamines et substances \u00e0 effet analogue chimiquement bien d\u00e9finies : Vitamine E\/Ac\u00e9tate d\u2019alpha-tocoph\u00e9ryle totalement rac\u00e9mique (3a700) 4 000 UI; Compos\u00e9s d\u2019oligo-\u00e9l\u00e9ments : Mangan\u00e8se (s.f. de sulfate, manganeux monohydrat\u00e9) (3b503) 2 600 mg; Conservateurs; Antioxyg\u00e8nes.<\/li>\n<\/ul>\n<p>&nbsp;<\/p>\n<p><strong>Constituants analytiques :<\/strong><\/p>\n<ul>\n<li>Humidit\u00e9 20%<\/li>\n<li>Prot\u00e9ines brutes 17,5%<\/li>\n<li>Cellulose brute 10%<\/li>\n<li>Mati\u00e8res grasses brutes 8%<\/li>\n<li>Cendres brutes 3%.<\/li>\n<li>Par bouch\u00e9e : Acides gras Om\u00e9ga-3 totaux 180 mg. Le poids d\u2019une bouch\u00e9e est de 5 g.<\/li>\n<\/ul>\n<p>&nbsp;<\/p>\n<h2>Ration journali\u00e8re recommand\u00e9e<\/h2>\n<ul>\n<li>Chien 10 \u00e0 30 kg: 1 bouch\u00e9e par jour<\/li>\n<li>Chien de plus de 30 kg : 2 bouch\u00e9es par jour<\/li>\n<\/ul>\n<p><\/p>","protected":false},"excerpt":{"rendered":"<p>Flexadin Young Dog Maxi est un compl\u00e9ment alimentaire chondroprotecteur, recommand\u00e9 pour pr\u00e9venir les troubles articulaires et squelettiques chez les chiots de moyenne et grande taille (pesant plus de 10\u202fkg). B\u00e9n\u00e9fices Con\u00e7u pour r\u00e9pondre aux besoins sp\u00e9cifiques des chiots, il soutient efficacement leurs articulations \u00e0 un stade crucial de leur d\u00e9veloppement. Harpagophytum procumbens : plante reconnue [&hellip;]<\/p>\n","protected":false},"featured_media":55733,"template":"","meta":{"_acf_changed":false,"footnotes":""},"product_brand":[],"product_cat":[151,46],"product_tag":[],"class_list":{"0":"post-55732","1":"product","2":"type-product","3":"status-publish","4":"has-post-thumbnail","6":"product_cat-chiens","7":"product_cat-veterinaire","9":"first","10":"instock","11":"taxable","12":"shipping-taxable","13":"purchasable","14":"product-type-simple"},"acf":[],"_links":{"self":[{"href":"https:\/\/www.pharmacieonline.lu\/de\/wp-json\/wp\/v2\/product\/55732","targetHints":{"allow":["GET"]}}],"collection":[{"href":"https:\/\/www.pharmacieonline.lu\/de\/wp-json\/wp\/v2\/product"}],"about":[{"href":"https:\/\/www.pharmacieonline.lu\/de\/wp-json\/wp\/v2\/types\/product"}],"version-history":[{"count":1,"href":"https:\/\/www.pharmacieonline.lu\/de\/wp-json\/wp\/v2\/product\/55732\/revisions"}],"predecessor-version":[{"id":55734,"href":"https:\/\/www.pharmacieonline.lu\/de\/wp-json\/wp\/v2\/product\/55732\/revisions\/55734"}],"wp:featuredmedia":[{"embeddable":true,"href":"https:\/\/www.pharmacieonline.lu\/de\/wp-json\/wp\/v2\/media\/55733"}],"wp:attachment":[{"href":"https:\/\/www.pharmacieonline.lu\/de\/wp-json\/wp\/v2\/media?parent=55732"}],"wp:term":[{"taxonomy":"product_brand","embeddable":true,"href":"https:\/\/www.pharmacieonline.lu\/de\/wp-json\/wp\/v2\/product_brand?post=55732"},{"taxonomy":"product_cat","embeddable":true,"href":"https:\/\/www.pharmacieonline.lu\/de\/wp-json\/wp\/v2\/product_cat?post=55732"},{"taxonomy":"product_tag","embeddable":true,"href":"https:\/\/www.pharmacieonline.lu\/de\/wp-json\/wp\/v2\/product_tag?post=55732"}],"curies":[{"name":"wp","href":"https:\/\/api.w.org\/{rel}","templated":true}]}}