{"id":55735,"date":"2026-04-09T17:58:50","date_gmt":"2026-04-09T15:58:50","guid":{"rendered":"https:\/\/www.pharmacieonline.lu\/?post_type=product&#038;p=55735"},"modified":"2026-04-12T06:55:06","modified_gmt":"2026-04-12T04:55:06","slug":"flexadin-advanced-muscle-vet","status":"publish","type":"product","link":"https:\/\/www.pharmacieonline.lu\/de\/produit\/flexadin-advanced-muscle-vet\/","title":{"rendered":"FLEXADIN ADVANCED MUSCLE VET"},"content":{"rendered":"<p class=\"qtranxs-available-languages-message qtranxs-available-languages-message-de\"> <\/p><p>Flexadin Advanced Muscle Support est un bio-modulateur articulaire fabriqu\u00e9 en France et \u00e0 la formule unique qui contribue \u00e0 la force musculaire et \u00e0 la flexibilit\u00e9 des articulations. Il est tr\u00e8s facile \u00e0 donner, 1 bouch\u00e9e par jour quel que soit le poids de l&#8217;animal. Il est tr\u00e8s app\u00e9tant avec 97 % de prise spontan\u00e9e*. Il se pr\u00e9sente sous la forme d&#8217;un sachet fraicheur de 30 bouch\u00e9es refermable. C&#8217;est un aliment compl\u00e9mentaire avec une association unique pour contribuer \u00e0 la force musculaire et \u00e0 la flexibilit\u00e9 des articulations. Il est recommand\u00e9 pour :<\/p>\n<ul>\n<li>La pr\u00e9vention et prise en charge de la fonte musculaire.<\/li>\n<li>La r\u00e9cup\u00e9ration post-op\u00e9ratoire et chirurgies orthop\u00e9diques.<\/li>\n<li>La pr\u00e9paration et maintien de la fonction articulaire et musculaire chez le chien actif.<\/li>\n<\/ul>\n<p>Il reste \u00e0 mettre en place dans le cadre d\u2019une prise en charge pluridisciplinaire des probl\u00e8mes de mobilit\u00e9.<\/p>\n<p>*Rapport d&#8217;app\u00e9tence.<\/p>\n<p><strong>Utilisation :<\/strong><br \/>\nBouch\u00e9es app\u00e9tentes pour une administration facile 1 fois par jour.<br \/>\nL&#8217;administration d&#8217;une bouch\u00e9e unique est ind\u00e9pendante du poids de l&#8217;animal ainsi que de son \u00e2ge.<\/p>\n<p><strong>Contre indication :\u00a0<\/strong><\/p>\n<p>Il est d\u00e9conseill\u00e9 d&#8217;administrer Flexadin Advanced Muscle Support aux chiennes gestantes \/ allaitantes.<\/p>\n<p><strong>Indication m\u00e9dicale<\/strong><\/p>\n<p>Aliment senior<br \/>\nArthrose &amp; articulations<br \/>\nConvalescence &amp; r\u00e9cup\u00e9ration<br \/>\nMuscles &amp; tendons<br \/>\nOb\u00e9sit\u00e9 &amp; surpoids<br \/>\nPr\u00e9paration \u00e0 l&#8217;effort &amp; performance<\/p>\n<p><strong>Format :<\/strong>\u00a0bouch\u00e9es<\/p>\n<p><strong>Type d&#8217;emballage\u00a0<\/strong>: sachet refermable<\/p>","protected":false},"excerpt":{"rendered":"<p>Flexadin Advanced Muscle Support est un bio-modulateur articulaire fabriqu\u00e9 en France et \u00e0 la formule unique qui contribue \u00e0 la force musculaire et \u00e0 la flexibilit\u00e9 des articulations. Il est tr\u00e8s facile \u00e0 donner, 1 bouch\u00e9e par jour quel que soit le poids de l&#8217;animal. Il est tr\u00e8s app\u00e9tant avec 97 % de prise spontan\u00e9e*. [&hellip;]<\/p>\n","protected":false},"featured_media":55736,"template":"","meta":{"_acf_changed":false,"footnotes":""},"product_brand":[],"product_cat":[151,46],"product_tag":[],"class_list":{"0":"post-55735","1":"product","2":"type-product","3":"status-publish","4":"has-post-thumbnail","6":"product_cat-chiens","7":"product_cat-veterinaire","9":"first","10":"instock","11":"taxable","12":"shipping-taxable","13":"purchasable","14":"product-type-simple"},"acf":[],"_links":{"self":[{"href":"https:\/\/www.pharmacieonline.lu\/de\/wp-json\/wp\/v2\/product\/55735","targetHints":{"allow":["GET"]}}],"collection":[{"href":"https:\/\/www.pharmacieonline.lu\/de\/wp-json\/wp\/v2\/product"}],"about":[{"href":"https:\/\/www.pharmacieonline.lu\/de\/wp-json\/wp\/v2\/types\/product"}],"version-history":[{"count":1,"href":"https:\/\/www.pharmacieonline.lu\/de\/wp-json\/wp\/v2\/product\/55735\/revisions"}],"predecessor-version":[{"id":55737,"href":"https:\/\/www.pharmacieonline.lu\/de\/wp-json\/wp\/v2\/product\/55735\/revisions\/55737"}],"wp:featuredmedia":[{"embeddable":true,"href":"https:\/\/www.pharmacieonline.lu\/de\/wp-json\/wp\/v2\/media\/55736"}],"wp:attachment":[{"href":"https:\/\/www.pharmacieonline.lu\/de\/wp-json\/wp\/v2\/media?parent=55735"}],"wp:term":[{"taxonomy":"product_brand","embeddable":true,"href":"https:\/\/www.pharmacieonline.lu\/de\/wp-json\/wp\/v2\/product_brand?post=55735"},{"taxonomy":"product_cat","embeddable":true,"href":"https:\/\/www.pharmacieonline.lu\/de\/wp-json\/wp\/v2\/product_cat?post=55735"},{"taxonomy":"product_tag","embeddable":true,"href":"https:\/\/www.pharmacieonline.lu\/de\/wp-json\/wp\/v2\/product_tag?post=55735"}],"curies":[{"name":"wp","href":"https:\/\/api.w.org\/{rel}","templated":true}]}}