{"id":55741,"date":"2026-04-09T18:06:43","date_gmt":"2026-04-09T16:06:43","guid":{"rendered":"https:\/\/www.pharmacieonline.lu\/?post_type=product&#038;p=55741"},"modified":"2026-04-14T18:10:12","modified_gmt":"2026-04-14T16:10:12","slug":"flexadin-plus-mini-90-bouchees-vet","status":"publish","type":"product","link":"https:\/\/www.pharmacieonline.lu\/de\/produit\/flexadin-plus-mini-90-bouchees-vet\/","title":{"rendered":"FLEXADIN PLUS MINI 90 BOUCHEES VET"},"content":{"rendered":"<p class=\"qtranxs-available-languages-message qtranxs-available-languages-message-de\"> <\/p><p>Flexadin Plus Mini soutient les articulations de votre chien et est <strong>convient aux chiens jusqu&#8217;\u00e0 10kg<\/strong>. Il contient de la <strong>glucosamine<\/strong> et de la <strong>chondro\u00eftine<\/strong>, \u00e9l\u00e9ments constitutifs importants du cartilage et de la <strong>griffe de colombe<\/strong> (Harpagophytum procumbens), une plante m\u00e9dicinale dont l&#8217;extrait de racine est utilis\u00e9 depuis longtemps pour soutenir les articulations.<\/p>\n<p>Flexadin Plus Mini est recommand\u00e9 par les v\u00e9t\u00e9rinaires depuis de nombreuses ann\u00e9es.<\/p>\n<p>De plus, les chiens aiment Flexadin ! La <strong>croquette app\u00e9tissante et douce \u00e0 m\u00e2cher<\/strong> peut \u00eatre donn\u00e9e comme friandise. Le nombre de croquettes dont votre chien a besoin quotidiennement d\u00e9pend du poids de votre compagnon \u00e0 quatre pattes.<\/p>\n<h4>Indication<\/h4>\n<p>Articulations<\/p>\n<h4>Usage<\/h4>\n<p>Les savoureux morceaux mous \u00e0 m\u00e2cher peuvent \u00eatre donn\u00e9s comme friandise ou m\u00e9lang\u00e9s \u00e0 la nourriture.<\/p>\n<p>En fonction du poids de votre chien ou de votre chat, 1 ou 2 bouch\u00e9es par jour sont suffisantes. Si votre chien ou votre chat p\u00e8se moins de 6 kg, donnez-lui 1 croquette \u00e0 m\u00e2cher par jour. Si votre chien ou votre chat p\u00e8se entre 6 kg et 10 kg, donnez-lui 2 croquettes \u00e0 m\u00e2cher par jour.<\/p>\n<h4>Composition<\/h4>\n<p>Foie de poulet en poudre &#8211; glyc\u00e9rine &#8211; levure de bi\u00e8re &#8211; cellulose en poudre &#8211; glucosamine HCl 9% &#8211; chondro\u00eftine sulfate 9% &#8211; huile de lin &#8211; huile de poisson (source d&#8217;om\u00e9ga 3) &#8211; maltodextrine &#8211; pectine &#8211; saccharose &#8211; sulfate de calcium dihydrat\u00e9.<\/p>\n<p><strong>Additifs\/kg:<\/strong> Emulsifiants et stabilisateurs, \u00e9paississants et g\u00e9lifiants : Gomme arabique E414 (Acacia) 50000 mg ; Alginate de sodium (1d401) 250 mg &#8211; Ar\u00f4mes : Harpagophytum procumbens 25000 mg &#8211; m\u00e9lange d&#8217;ar\u00f4mes ; Acides amin\u00e9s, leurs sels et analogues : DL-m\u00e9thionine (3c301) 12000 mg &#8211; Additifs : Vitamines, provitamines et substances chimiquement bien d\u00e9finies ayant un effet similaire : Vitamine E\/ac\u00e9tate de rac-alpha-tocoph\u00e9rol (3a700) 3333 UI &#8211; Oligo-\u00e9l\u00e9ments : Mangan\u00e8se (sous forme de sulfate de mangan\u00e8se monohydrat\u00e9) (3b503) 2000 mg &#8211; Conservateurs &#8211; Antioxydants.<\/p>\n<p><strong>Constituants analytiques:<\/strong> Prot\u00e9ines brutes 25,5% &#8211; humidit\u00e9 14,5% &#8211; huiles et graisses brutes 10% &#8211; fibres brutes 7% &#8211; cendres brutes 4% &#8211; Par croquette : Acides gras om\u00e9ga 3 totaux 46,5 mg &#8211; Poids de la croquette individuelle : 1,5 g.<\/p>","protected":false},"excerpt":{"rendered":"<p>Flexadin Plus Mini soutient les articulations de votre chien et est convient aux chiens jusqu&#8217;\u00e0 10kg. Il contient de la glucosamine et de la chondro\u00eftine, \u00e9l\u00e9ments constitutifs importants du cartilage et de la griffe de colombe (Harpagophytum procumbens), une plante m\u00e9dicinale dont l&#8217;extrait de racine est utilis\u00e9 depuis longtemps pour soutenir les articulations. Flexadin Plus [&hellip;]<\/p>\n","protected":false},"featured_media":55747,"template":"","meta":{"_acf_changed":false,"footnotes":""},"product_brand":[],"product_cat":[151,150,46],"product_tag":[],"class_list":{"0":"post-55741","1":"product","2":"type-product","3":"status-publish","4":"has-post-thumbnail","6":"product_cat-chiens","7":"product_cat-chats","8":"product_cat-veterinaire","10":"first","11":"instock","12":"taxable","13":"shipping-taxable","14":"purchasable","15":"product-type-simple"},"acf":[],"_links":{"self":[{"href":"https:\/\/www.pharmacieonline.lu\/de\/wp-json\/wp\/v2\/product\/55741","targetHints":{"allow":["GET"]}}],"collection":[{"href":"https:\/\/www.pharmacieonline.lu\/de\/wp-json\/wp\/v2\/product"}],"about":[{"href":"https:\/\/www.pharmacieonline.lu\/de\/wp-json\/wp\/v2\/types\/product"}],"version-history":[{"count":4,"href":"https:\/\/www.pharmacieonline.lu\/de\/wp-json\/wp\/v2\/product\/55741\/revisions"}],"predecessor-version":[{"id":55803,"href":"https:\/\/www.pharmacieonline.lu\/de\/wp-json\/wp\/v2\/product\/55741\/revisions\/55803"}],"wp:featuredmedia":[{"embeddable":true,"href":"https:\/\/www.pharmacieonline.lu\/de\/wp-json\/wp\/v2\/media\/55747"}],"wp:attachment":[{"href":"https:\/\/www.pharmacieonline.lu\/de\/wp-json\/wp\/v2\/media?parent=55741"}],"wp:term":[{"taxonomy":"product_brand","embeddable":true,"href":"https:\/\/www.pharmacieonline.lu\/de\/wp-json\/wp\/v2\/product_brand?post=55741"},{"taxonomy":"product_cat","embeddable":true,"href":"https:\/\/www.pharmacieonline.lu\/de\/wp-json\/wp\/v2\/product_cat?post=55741"},{"taxonomy":"product_tag","embeddable":true,"href":"https:\/\/www.pharmacieonline.lu\/de\/wp-json\/wp\/v2\/product_tag?post=55741"}],"curies":[{"name":"wp","href":"https:\/\/api.w.org\/{rel}","templated":true}]}}