{"id":575,"date":"2020-11-25T17:27:01","date_gmt":"2020-11-25T16:27:01","guid":{"rendered":"https:\/\/www.pharmacieonline.lu\/produit\/pre-nan-stage-2-400-g\/"},"modified":"2026-04-09T10:25:18","modified_gmt":"2026-04-09T08:25:18","slug":"pre-nan-stage-2-400-g","status":"publish","type":"product","link":"https:\/\/www.pharmacieonline.lu\/de\/produit\/pre-nan-stage-2-400-g\/","title":{"rendered":"PRE NAN STAGE 2 400 G"},"content":{"rendered":"<p>Indikation<\/p>\n<p>PreNAN Stadium 2 liefert die N\u00e4hrstoffe, die f\u00fcr das Wachstum eines S\u00e4uglings mit niedrigem Geburtsgewicht mindestens bis zu einem postkonzeptuellen Alter von 40 bis 52 Wochen erforderlich sind. PreNAN\u00ae Stage 2 enth\u00e4lt DHA zur Unterst\u00fctzung der visuellen Entwicklung und enth\u00e4lt H. A. Protein (2,8 g \/ 100 kcal).<\/p>\n<p>Komposition<br \/>\nLaktose, Pflanzen\u00f6le (Sonnenblume, Palme, Raps, Kokosnuss, Crypthecodinium cohnii), Maltodextrin, hydrolysiertes Molkenprotein *, Tricalciumphosphat, Kaliumhydroxid, Magnesiumchlorid, Kaliumphosphate, M\u00f6rtel\u00f6lella alpina, Natriumhydroxid, Kaliumchlorid, Cholinbitartrat, Vitamine (C, E, A, Pantothens\u00e4ure, Niacin, D, K, B1, B2, B6, Fols\u00e4ure, B12, Biotin), Calciumchlorid, Inosit, L-Arginin, S\u00e4ureregulator: Zitronens\u00e4ure; Taurin, Eisensulfat, Kulturbifidus (BL), Zinksulfat, L-Carnitin, Nukleotide (Cytidin-5&#8242;-monophosphate, Uridin, Adenosin und Guanosin), Kupfersulfat, Kaliumiodid, Mangansulfat, Selenat-Natrium,<\/p>","protected":false},"excerpt":{"rendered":"<p>Indikation PreNAN Stadium 2 liefert die N\u00e4hrstoffe, die f\u00fcr das Wachstum eines S\u00e4uglings mit niedrigem Geburtsgewicht mindestens bis zu einem postkonzeptuellen Alter von 40 bis 52 Wochen erforderlich sind. PreNAN\u00ae Stage 2 enth\u00e4lt DHA zur Unterst\u00fctzung der visuellen Entwicklung und enth\u00e4lt H. A. Protein (2,8 g \/ 100 kcal). Komposition Laktose, Pflanzen\u00f6le (Sonnenblume, Palme, Raps, [&hellip;]<\/p>\n","protected":false},"featured_media":4326,"template":"","meta":{"_acf_changed":false,"footnotes":""},"product_brand":[],"product_cat":[117,119,44],"product_tag":[],"class_list":{"0":"post-575","1":"product","2":"type-product","3":"status-publish","4":"has-post-thumbnail","6":"product_cat-alimentation","7":"product_cat-laits","8":"product_cat-bebe-maman","10":"first","11":"outofstock","12":"taxable","13":"shipping-taxable","14":"purchasable","15":"product-type-simple"},"acf":[],"_links":{"self":[{"href":"https:\/\/www.pharmacieonline.lu\/de\/wp-json\/wp\/v2\/product\/575","targetHints":{"allow":["GET"]}}],"collection":[{"href":"https:\/\/www.pharmacieonline.lu\/de\/wp-json\/wp\/v2\/product"}],"about":[{"href":"https:\/\/www.pharmacieonline.lu\/de\/wp-json\/wp\/v2\/types\/product"}],"version-history":[{"count":0,"href":"https:\/\/www.pharmacieonline.lu\/de\/wp-json\/wp\/v2\/product\/575\/revisions"}],"wp:featuredmedia":[{"embeddable":true,"href":"https:\/\/www.pharmacieonline.lu\/de\/wp-json\/wp\/v2\/media\/4326"}],"wp:attachment":[{"href":"https:\/\/www.pharmacieonline.lu\/de\/wp-json\/wp\/v2\/media?parent=575"}],"wp:term":[{"taxonomy":"product_brand","embeddable":true,"href":"https:\/\/www.pharmacieonline.lu\/de\/wp-json\/wp\/v2\/product_brand?post=575"},{"taxonomy":"product_cat","embeddable":true,"href":"https:\/\/www.pharmacieonline.lu\/de\/wp-json\/wp\/v2\/product_cat?post=575"},{"taxonomy":"product_tag","embeddable":true,"href":"https:\/\/www.pharmacieonline.lu\/de\/wp-json\/wp\/v2\/product_tag?post=575"}],"curies":[{"name":"wp","href":"https:\/\/api.w.org\/{rel}","templated":true}]}}