{"id":585,"date":"2020-11-25T17:27:01","date_gmt":"2020-11-25T16:27:01","guid":{"rendered":"https:\/\/www.pharmacieonline.lu\/produit\/cacit-vit-d3-1-g-880-u-gran-30-sach\/"},"modified":"2026-04-14T19:55:37","modified_gmt":"2026-04-14T17:55:37","slug":"cacit-vit-d3-1-g-880-u-gran-30-sach","status":"publish","type":"product","link":"https:\/\/www.pharmacieonline.lu\/de\/produit\/cacit-vit-d3-1-g-880-u-gran-30-sach\/","title":{"rendered":"CACIT VIT D3 1 G\/880 U GRAN 30 SACH"},"content":{"rendered":"<p>Brausegranulat f\u00fcr: &#8211; Korrektur von kombinierten Calcium- und Vitamin D-M\u00e4ngeln bei \u00e4lteren Menschen. &#8211; Kalzium- und Vitamin-D-Supplementierung als adjuvante Behandlung im Zusammenhang mit spezifischen Behandlungen f\u00fcr Osteoporose bei Patienten mit Mangel oder hohem Risiko f\u00fcr Vitamin-D-Kalzium-Mangel.<\/p>\n<p>Indikation<br \/>\nOsteoporose<br \/>\nKalzium- und Vitamin D-Supplementierung im Zusammenhang mit einer spezifischen Behandlung bei Patienten mit Mangel oder hohem Risiko f\u00fcr Vitamin D-Kalziummangel<\/p>\n<p>Kombinierte M\u00e4ngel an Kalzium und Vitamin D.<\/p>\n<p>Korrektur dieser M\u00e4ngel bei \u00e4lteren Menschen<\/p>\n<p>Behandlung von Kalzium- und Vitamin D-Mangel<\/p>\n<p>Anwendung<br \/>\nErwachsene<br \/>\n1 Beutel pro Tag<\/p>\n<p>Gie\u00dfen Sie den Inhalt eines Beutels in ein Glas, geben Sie eine gute Menge Wasser hinzu, mischen Sie und trinken Sie sofort<\/p>\n<p>Dosierung: o Cacit Vitamin D3 1000\/880: 1 Beutel pro Tag Art der Verabreichung: Gie\u00dfen Sie den Inhalt eines Beutels in ein Glas, geben Sie eine gute Menge Wasser hinzu, mischen Sie und trinken Sie sofort.<\/p>\n<p>Komposition<br \/>\nDie Wirkstoffe in einem Beutel mit 8 g Beutel sind: Calciumcarbonat 2500 mg entsprechend einer Menge Calciumelement von 1000 mg oder 25 mmol Cholecalciferolkonzentrat (Pulver) 880 IE entsprechend einer Menge Cholecalciferol (Vitamin D3) von 22 \u03bcg Sonstiges Inhaltsstoffe: Wasserfreie Zitronens\u00e4ure, Maleins\u00e4ure, Gluconolacton, Maltodextrin, Natriumcyclamat, Natriumsaccharin, Zitronengeschmack (enth\u00e4lt Sorbit, Mannit, D-Glucono-Lacton, Dextrin, Gummi arabicum, \u00e4therisches Zitronen\u00f6l), St\u00e4rkereis, Kaliumcarbonat, \u03b1 -Tocopherol, hydriertes Soja\u00f6l, Gelatine, Saccharose, Maisst\u00e4rke.<\/p>","protected":false},"excerpt":{"rendered":"<p>Brausegranulat f\u00fcr: &#8211; Korrektur von kombinierten Calcium- und Vitamin D-M\u00e4ngeln bei \u00e4lteren Menschen. &#8211; Kalzium- und Vitamin-D-Supplementierung als adjuvante Behandlung im Zusammenhang mit spezifischen Behandlungen f\u00fcr Osteoporose bei Patienten mit Mangel oder hohem Risiko f\u00fcr Vitamin-D-Kalzium-Mangel. Indikation Osteoporose Kalzium- und Vitamin D-Supplementierung im Zusammenhang mit einer spezifischen Behandlung bei Patienten mit Mangel oder hohem Risiko [&hellip;]<\/p>\n","protected":false},"featured_media":4365,"template":"","meta":{"_acf_changed":false,"footnotes":""},"product_brand":[],"product_cat":[43,766],"product_tag":[],"class_list":{"0":"post-585","1":"product","2":"type-product","3":"status-publish","4":"has-post-thumbnail","6":"product_cat-medicaments-en-vente-libre","7":"product_cat-vitamines","9":"first","10":"instock","11":"taxable","12":"shipping-taxable","13":"purchasable","14":"product-type-simple"},"acf":[],"_links":{"self":[{"href":"https:\/\/www.pharmacieonline.lu\/de\/wp-json\/wp\/v2\/product\/585","targetHints":{"allow":["GET"]}}],"collection":[{"href":"https:\/\/www.pharmacieonline.lu\/de\/wp-json\/wp\/v2\/product"}],"about":[{"href":"https:\/\/www.pharmacieonline.lu\/de\/wp-json\/wp\/v2\/types\/product"}],"version-history":[{"count":0,"href":"https:\/\/www.pharmacieonline.lu\/de\/wp-json\/wp\/v2\/product\/585\/revisions"}],"wp:featuredmedia":[{"embeddable":true,"href":"https:\/\/www.pharmacieonline.lu\/de\/wp-json\/wp\/v2\/media\/4365"}],"wp:attachment":[{"href":"https:\/\/www.pharmacieonline.lu\/de\/wp-json\/wp\/v2\/media?parent=585"}],"wp:term":[{"taxonomy":"product_brand","embeddable":true,"href":"https:\/\/www.pharmacieonline.lu\/de\/wp-json\/wp\/v2\/product_brand?post=585"},{"taxonomy":"product_cat","embeddable":true,"href":"https:\/\/www.pharmacieonline.lu\/de\/wp-json\/wp\/v2\/product_cat?post=585"},{"taxonomy":"product_tag","embeddable":true,"href":"https:\/\/www.pharmacieonline.lu\/de\/wp-json\/wp\/v2\/product_tag?post=585"}],"curies":[{"name":"wp","href":"https:\/\/api.w.org\/{rel}","templated":true}]}}