{"id":647,"date":"2020-11-25T17:27:02","date_gmt":"2020-11-25T16:27:02","guid":{"rendered":"https:\/\/www.pharmacieonline.lu\/produit\/inotyol-pom-90-g\/"},"modified":"2026-04-28T18:40:15","modified_gmt":"2026-04-28T16:40:15","slug":"inotyol-pom-90-g","status":"publish","type":"product","link":"https:\/\/www.pharmacieonline.lu\/de\/produit\/inotyol-pom-90-g\/","title":{"rendered":"INOTYOL POM 90 G"},"content":{"rendered":"<p>Indikation<br \/>\nReizende Dermatitis (Windelausschlag, Erfrierungen, rissige Haut, Ekzeme)<br \/>\nOberfl\u00e4chliche Wunden<br \/>\nKleine Verbrennungen<\/p>\n<p>Anwendung<br \/>\nWindeldermatitis<\/p>\n<p>Trocknen Sie die Haut nach jedem Waschen vorsichtig ab und verteilen Sie eine dicke Schicht auf der gesamten entz\u00fcndeten Oberfl\u00e4che<\/p>\n<p>Andere Indikationen<br \/>\n2 bis 3 mal t\u00e4glich weit \u00fcber die L\u00e4sionen verteilen.<br \/>\nBei oberfl\u00e4chlichen Wunden vor der Anwendung desinfizieren.<br \/>\nBei Bedarf mit einem Mulltupfer abdecken<\/p>","protected":false},"excerpt":{"rendered":"<p>Indikation Reizende Dermatitis (Windelausschlag, Erfrierungen, rissige Haut, Ekzeme) Oberfl\u00e4chliche Wunden Kleine Verbrennungen Anwendung Windeldermatitis Trocknen Sie die Haut nach jedem Waschen vorsichtig ab und verteilen Sie eine dicke Schicht auf der gesamten entz\u00fcndeten Oberfl\u00e4che Andere Indikationen 2 bis 3 mal t\u00e4glich weit \u00fcber die L\u00e4sionen verteilen. Bei oberfl\u00e4chlichen Wunden vor der Anwendung desinfizieren. Bei Bedarf [&hellip;]<\/p>\n","protected":false},"featured_media":4279,"template":"","meta":{"_acf_changed":false,"footnotes":""},"product_brand":[],"product_cat":[783,42,115,44,56,113],"product_tag":[],"class_list":{"0":"post-647","1":"product","2":"type-product","3":"status-publish","4":"has-post-thumbnail","6":"product_cat-creme-pour-le-change","7":"product_cat-para-pharmacie","8":"product_cat-change-de-bebe","9":"product_cat-bebe-maman","10":"product_cat-soins-du-corps","11":"product_cat-sante-bebe","13":"first","14":"instock","15":"taxable","16":"shipping-taxable","17":"purchasable","18":"product-type-simple"},"acf":[],"_links":{"self":[{"href":"https:\/\/www.pharmacieonline.lu\/de\/wp-json\/wp\/v2\/product\/647","targetHints":{"allow":["GET"]}}],"collection":[{"href":"https:\/\/www.pharmacieonline.lu\/de\/wp-json\/wp\/v2\/product"}],"about":[{"href":"https:\/\/www.pharmacieonline.lu\/de\/wp-json\/wp\/v2\/types\/product"}],"version-history":[{"count":0,"href":"https:\/\/www.pharmacieonline.lu\/de\/wp-json\/wp\/v2\/product\/647\/revisions"}],"wp:featuredmedia":[{"embeddable":true,"href":"https:\/\/www.pharmacieonline.lu\/de\/wp-json\/wp\/v2\/media\/4279"}],"wp:attachment":[{"href":"https:\/\/www.pharmacieonline.lu\/de\/wp-json\/wp\/v2\/media?parent=647"}],"wp:term":[{"taxonomy":"product_brand","embeddable":true,"href":"https:\/\/www.pharmacieonline.lu\/de\/wp-json\/wp\/v2\/product_brand?post=647"},{"taxonomy":"product_cat","embeddable":true,"href":"https:\/\/www.pharmacieonline.lu\/de\/wp-json\/wp\/v2\/product_cat?post=647"},{"taxonomy":"product_tag","embeddable":true,"href":"https:\/\/www.pharmacieonline.lu\/de\/wp-json\/wp\/v2\/product_tag?post=647"}],"curies":[{"name":"wp","href":"https:\/\/api.w.org\/{rel}","templated":true}]}}