{"id":658,"date":"2020-11-25T17:27:02","date_gmt":"2020-11-25T16:27:02","guid":{"rendered":"https:\/\/www.pharmacieonline.lu\/produit\/befact-forte-b1-b2-b6-b12-100-drg\/"},"modified":"2026-04-28T18:40:17","modified_gmt":"2026-04-28T16:40:17","slug":"befact-forte-b1-b2-b6-b12-100-drg","status":"publish","type":"product","link":"https:\/\/www.pharmacieonline.lu\/de\/produit\/befact-forte-b1-b2-b6-b12-100-drg\/","title":{"rendered":"BEFACT FORTE B1 B2 B6 B12 100 DRG"},"content":{"rendered":"<p>Indikation<br \/>\nRelaistherapie nach parenteraler Verabreichung von Vitamin B1 bei Korsakoff-Wernicke-Enzephalopathie<br \/>\nBehandlung der Vitamin-B-Mangel-Polyneuropathie bei alkoholkranken oder stark unterern\u00e4hrten Patienten<br \/>\nPr\u00e4vention von Hypovitaminose B aufgrund einer zu restriktiven Ern\u00e4hrung oder chronischen Alkoholismus, die zu Symptomen wie Beriberi, Glossitis, Cheilitis, eckiger Cheilitis f\u00fchren kann<br \/>\nPr\u00e4vention von Polyneuropathie oder sideroblastischer An\u00e4mie, die w\u00e4hrend der Behandlung mit Isoniazid durch St\u00f6rung des Metabolismus von Vitamin B6 auftreten k\u00f6nnen<\/p>\n<p>Anwendung<br \/>\nHeilend<br \/>\nLeichte bis mittelschwere F\u00e4lle: 1 Tablette pro Tag<br \/>\nSchwere F\u00e4lle: 1 Tablette, 2 bis 3 x pro Tag<br \/>\nProphylaxe<br \/>\nErwachsene: 1 Tablette pro Tag<\/p>\n<p>Mit etwas Fl\u00fcssigkeit schlucken<br \/>\nZu den Mahlzeiten<\/p>","protected":false},"excerpt":{"rendered":"<p>Indikation Relaistherapie nach parenteraler Verabreichung von Vitamin B1 bei Korsakoff-Wernicke-Enzephalopathie Behandlung der Vitamin-B-Mangel-Polyneuropathie bei alkoholkranken oder stark unterern\u00e4hrten Patienten Pr\u00e4vention von Hypovitaminose B aufgrund einer zu restriktiven Ern\u00e4hrung oder chronischen Alkoholismus, die zu Symptomen wie Beriberi, Glossitis, Cheilitis, eckiger Cheilitis f\u00fchren kann Pr\u00e4vention von Polyneuropathie oder sideroblastischer An\u00e4mie, die w\u00e4hrend der Behandlung mit Isoniazid durch [&hellip;]<\/p>\n","protected":false},"featured_media":4308,"template":"","meta":{"_acf_changed":false,"footnotes":""},"product_brand":[],"product_cat":[43,766],"product_tag":[],"class_list":{"0":"post-658","1":"product","2":"type-product","3":"status-publish","4":"has-post-thumbnail","6":"product_cat-medicaments-en-vente-libre","7":"product_cat-vitamines","9":"first","10":"instock","11":"taxable","12":"shipping-taxable","13":"purchasable","14":"product-type-simple"},"acf":[],"_links":{"self":[{"href":"https:\/\/www.pharmacieonline.lu\/de\/wp-json\/wp\/v2\/product\/658","targetHints":{"allow":["GET"]}}],"collection":[{"href":"https:\/\/www.pharmacieonline.lu\/de\/wp-json\/wp\/v2\/product"}],"about":[{"href":"https:\/\/www.pharmacieonline.lu\/de\/wp-json\/wp\/v2\/types\/product"}],"version-history":[{"count":0,"href":"https:\/\/www.pharmacieonline.lu\/de\/wp-json\/wp\/v2\/product\/658\/revisions"}],"wp:featuredmedia":[{"embeddable":true,"href":"https:\/\/www.pharmacieonline.lu\/de\/wp-json\/wp\/v2\/media\/4308"}],"wp:attachment":[{"href":"https:\/\/www.pharmacieonline.lu\/de\/wp-json\/wp\/v2\/media?parent=658"}],"wp:term":[{"taxonomy":"product_brand","embeddable":true,"href":"https:\/\/www.pharmacieonline.lu\/de\/wp-json\/wp\/v2\/product_brand?post=658"},{"taxonomy":"product_cat","embeddable":true,"href":"https:\/\/www.pharmacieonline.lu\/de\/wp-json\/wp\/v2\/product_cat?post=658"},{"taxonomy":"product_tag","embeddable":true,"href":"https:\/\/www.pharmacieonline.lu\/de\/wp-json\/wp\/v2\/product_tag?post=658"}],"curies":[{"name":"wp","href":"https:\/\/api.w.org\/{rel}","templated":true}]}}