{"id":711,"date":"2020-11-25T17:27:03","date_gmt":"2020-11-25T16:27:03","guid":{"rendered":"https:\/\/www.pharmacieonline.lu\/produit\/lysomucil-600-mg-60-sach\/"},"modified":"2026-04-12T03:55:47","modified_gmt":"2026-04-12T01:55:47","slug":"lysomucil-600-mg-60-sach","status":"publish","type":"product","link":"https:\/\/www.pharmacieonline.lu\/de\/produit\/lysomucil-600-mg-60-sach\/","title":{"rendered":"LYSOMUCIL 600 MG 60 SACH"},"content":{"rendered":"<p>Indikation<br \/>\nChronische Bronchitis<br \/>\nBei chronischer Bronchitis (mit Aufrechterhaltung einer minimalen Lungenfunktion; \u00b1 50% der normalen Funktion) ist eine Langzeitbehandlung mit Acetylcystein angezeigt, um das Risiko und die Schwere von Exazerbationen zu verringern.<\/p>\n<p>Mukoviszidose<br \/>\nIm Falle einer Mukoviszidose kann die orale Therapie aufgrund ihrer gr\u00f6\u00dferen Flexibilit\u00e4t die Aerosoltherapie erg\u00e4nzen<\/p>\n<p>Akute Atemwegserkrankungen<br \/>\nWird als symptomatische Behandlung zur Verd\u00fcnnung von Schleim- und Schleimhautsekreten bei Erkrankungen der oberen und unteren Atemwege angeboten<\/p>\n<p>Anwendung<br \/>\nAkute Atemwegserkrankungen<br \/>\nErwachsene und Kinder&gt; 7 Jahre: 400 bis 600 mg pro Tag in 1 bis 3 aufgeteilten Dosen<br \/>\nKinder von 2 bis 7 Jahren: 400 mg (120 bis 600 mg) pro Tag in 2 oder 3 aufgeteilten Dosen<br \/>\nUnter 2 Jahren: 200 mg (70 bis 360 mg) pro Tag in 2 oder 3 aufgeteilten Dosen<\/p>\n<p>Chronische Bronchitis<br \/>\nErwachsene und Kinder&gt; 7 Jahre: 600 mg pro Tag in 1 bis 3 aufgeteilten Dosen<br \/>\nKinder von 2 bis 7 Jahren: 400 mg (120 bis 600 mg) pro Tag in 2 oder 3 aufgeteilten Dosen<\/p>\n<p>Mukoviszidose<br \/>\nErwachsene und Kinder&gt; 6 Jahre: 600 mg pro Tag<br \/>\nKinder von 2 bis 6 Jahren: 120 bis 600 mg pro Tag<br \/>\nVon 0 bis 2 Jahren: 70 bis 360 mg pro Tag<\/p>\n<p>L\u00f6sen Sie die erforderliche Menge in einem halben Glas Wasser oder einem anderen alkoholfreien Getr\u00e4nk (z. B. Milch, Fruchtsaft).<br \/>\nDas einmal aufgel\u00f6ste Produkt sollte sofort verwendet werden<br \/>\nBei kleinen Kindern kann die resultierende L\u00f6sung mit einem L\u00f6ffel verabreicht oder mit einer Flasche gemischt werden.<\/p>","protected":false},"excerpt":{"rendered":"<p>Indikation Chronische Bronchitis Bei chronischer Bronchitis (mit Aufrechterhaltung einer minimalen Lungenfunktion; \u00b1 50% der normalen Funktion) ist eine Langzeitbehandlung mit Acetylcystein angezeigt, um das Risiko und die Schwere von Exazerbationen zu verringern. Mukoviszidose Im Falle einer Mukoviszidose kann die orale Therapie aufgrund ihrer gr\u00f6\u00dferen Flexibilit\u00e4t die Aerosoltherapie erg\u00e4nzen Akute Atemwegserkrankungen Wird als symptomatische Behandlung zur [&hellip;]<\/p>\n","protected":false},"featured_media":4224,"template":"","meta":{"_acf_changed":false,"footnotes":""},"product_brand":[],"product_cat":[108,43,82],"product_tag":[],"class_list":{"0":"post-711","1":"product","2":"type-product","3":"status-publish","4":"has-post-thumbnail","6":"product_cat-toux-grasse","7":"product_cat-medicaments-en-vente-libre","8":"product_cat-toux","10":"first","11":"instock","12":"taxable","13":"shipping-taxable","14":"purchasable","15":"product-type-simple"},"acf":[],"_links":{"self":[{"href":"https:\/\/www.pharmacieonline.lu\/de\/wp-json\/wp\/v2\/product\/711","targetHints":{"allow":["GET"]}}],"collection":[{"href":"https:\/\/www.pharmacieonline.lu\/de\/wp-json\/wp\/v2\/product"}],"about":[{"href":"https:\/\/www.pharmacieonline.lu\/de\/wp-json\/wp\/v2\/types\/product"}],"version-history":[{"count":0,"href":"https:\/\/www.pharmacieonline.lu\/de\/wp-json\/wp\/v2\/product\/711\/revisions"}],"wp:featuredmedia":[{"embeddable":true,"href":"https:\/\/www.pharmacieonline.lu\/de\/wp-json\/wp\/v2\/media\/4224"}],"wp:attachment":[{"href":"https:\/\/www.pharmacieonline.lu\/de\/wp-json\/wp\/v2\/media?parent=711"}],"wp:term":[{"taxonomy":"product_brand","embeddable":true,"href":"https:\/\/www.pharmacieonline.lu\/de\/wp-json\/wp\/v2\/product_brand?post=711"},{"taxonomy":"product_cat","embeddable":true,"href":"https:\/\/www.pharmacieonline.lu\/de\/wp-json\/wp\/v2\/product_cat?post=711"},{"taxonomy":"product_tag","embeddable":true,"href":"https:\/\/www.pharmacieonline.lu\/de\/wp-json\/wp\/v2\/product_tag?post=711"}],"curies":[{"name":"wp","href":"https:\/\/api.w.org\/{rel}","templated":true}]}}