{"id":778,"date":"2020-11-25T17:27:05","date_gmt":"2020-11-25T16:27:05","guid":{"rendered":"https:\/\/www.pharmacieonline.lu\/produit\/advocate-spot-on-chien-4-10-kg-31-ml\/"},"modified":"2026-04-14T15:55:35","modified_gmt":"2026-04-14T13:55:35","slug":"advocate-spot-on-chien-4-10-kg-31-ml","status":"publish","type":"product","link":"https:\/\/www.pharmacieonline.lu\/de\/produit\/advocate-spot-on-chien-4-10-kg-31-ml\/","title":{"rendered":"ADVOCATE SPOT ON CHIEN 4-10 KG 3*1 ML"},"content":{"rendered":"<p>F\u00fcr betroffene Hunde oder mit dem Risiko eines gemischten parasit\u00e4ren Befalls:<br \/>\n&#8211; Pr\u00e4vention und Behandlung von Flohbefall (Ctenocephalides felis).<br \/>\n&#8211; Behandlung von Befall durch bei\u00dfende L\u00e4use (Trichodectes canis).<br \/>\n&#8211; Behandlung von Ohrmilben (Otodectes cynotis), Sarcoptic Mange (aufgrund von Sarcoptes scabiei var. Canis), Hundedemodikose (aufgrund von Demodex canis).<br \/>\n&#8211; Pr\u00e4vention von Herzwurmerkrankungen (L3- und L4-Larven von Dirofilaria immitis).<br \/>\n&#8211; Behandlung von zirkulierenden Mikrofilarien (Dirofilaria immitis).<br \/>\n&#8211; Behandlung der kutanen Dirofilariose (Erwachsenenstadium von Dirofilaria repens).<br \/>\n&#8211; Pr\u00e4vention der subkutanen Dirofilariose (L3-Larven von Dirofilaria repens).<br \/>\n&#8211; Reduktion von zirkulierenden Mikrofilarien (Dirofilaria repens).<br \/>\n&#8211; Pr\u00e4vention von Angiostrongylose (L4-Larve und unreife Erwachsene von Angiostrongylus vasorum).<br \/>\n&#8211; Behandlung von Angiostrongylose (Angiostrongylus vasorum) und Crenosoma vulpis.<br \/>\n&#8211; Pr\u00e4vention von Spirocerciasis (Spirocerca lupi).<\/p>\n<p>&#8211; Behandlung der Nasenkapillariose bei Hunden durch Eucoleus (syn. Capillaria) boehmi (Erwachsene).<\/p>\n<p>&#8211; Behandlung von Thelazia durch Thelazia callipaeda (Erwachsene).<br \/>\n&#8211; Behandlung von Befall durch gastrointestinale Nematoden (L4-Larven, unreife erwachsene und adulte Formen von Toxocara canis, Ancylostoma caninum und Uncinaria stenocephala sowie adulte Formen von Toxascaris leonina und Trichuris vulpis).<\/p>\n<p>Das Medikament kann in ein Therapieprogramm f\u00fcr Flohbiss-allergische Dermatitis (DAPP) integriert werden.<\/p>","protected":false},"excerpt":{"rendered":"<p>F\u00fcr betroffene Hunde oder mit dem Risiko eines gemischten parasit\u00e4ren Befalls: &#8211; Pr\u00e4vention und Behandlung von Flohbefall (Ctenocephalides felis). &#8211; Behandlung von Befall durch bei\u00dfende L\u00e4use (Trichodectes canis). &#8211; Behandlung von Ohrmilben (Otodectes cynotis), Sarcoptic Mange (aufgrund von Sarcoptes scabiei var. Canis), Hundedemodikose (aufgrund von Demodex canis). &#8211; Pr\u00e4vention von Herzwurmerkrankungen (L3- und L4-Larven von [&hellip;]<\/p>\n","protected":false},"featured_media":4148,"template":"","meta":{"_acf_changed":false,"footnotes":""},"product_brand":[],"product_cat":[151,158,157,46],"product_tag":[],"class_list":{"0":"post-778","1":"product","2":"type-product","3":"status-publish","4":"has-post-thumbnail","6":"product_cat-chiens","7":"product_cat-parasites-chiens","8":"product_cat-puces-et-tiques-chiens","9":"product_cat-veterinaire","11":"first","12":"instock","13":"taxable","14":"shipping-taxable","15":"purchasable","16":"product-type-simple"},"acf":[],"_links":{"self":[{"href":"https:\/\/www.pharmacieonline.lu\/de\/wp-json\/wp\/v2\/product\/778","targetHints":{"allow":["GET"]}}],"collection":[{"href":"https:\/\/www.pharmacieonline.lu\/de\/wp-json\/wp\/v2\/product"}],"about":[{"href":"https:\/\/www.pharmacieonline.lu\/de\/wp-json\/wp\/v2\/types\/product"}],"version-history":[{"count":0,"href":"https:\/\/www.pharmacieonline.lu\/de\/wp-json\/wp\/v2\/product\/778\/revisions"}],"wp:featuredmedia":[{"embeddable":true,"href":"https:\/\/www.pharmacieonline.lu\/de\/wp-json\/wp\/v2\/media\/4148"}],"wp:attachment":[{"href":"https:\/\/www.pharmacieonline.lu\/de\/wp-json\/wp\/v2\/media?parent=778"}],"wp:term":[{"taxonomy":"product_brand","embeddable":true,"href":"https:\/\/www.pharmacieonline.lu\/de\/wp-json\/wp\/v2\/product_brand?post=778"},{"taxonomy":"product_cat","embeddable":true,"href":"https:\/\/www.pharmacieonline.lu\/de\/wp-json\/wp\/v2\/product_cat?post=778"},{"taxonomy":"product_tag","embeddable":true,"href":"https:\/\/www.pharmacieonline.lu\/de\/wp-json\/wp\/v2\/product_tag?post=778"}],"curies":[{"name":"wp","href":"https:\/\/api.w.org\/{rel}","templated":true}]}}