{"id":838,"date":"2020-11-25T17:27:06","date_gmt":"2020-11-25T16:27:06","guid":{"rendered":"https:\/\/www.pharmacieonline.lu\/produit\/eskimo-kids-105-ml\/"},"modified":"2026-04-28T21:40:21","modified_gmt":"2026-04-28T19:40:21","slug":"eskimo-kids-105-ml","status":"publish","type":"product","link":"https:\/\/www.pharmacieonline.lu\/de\/produit\/eskimo-kids-105-ml\/","title":{"rendered":"ESKIMO KIDS 105 ML"},"content":{"rendered":"<p>Anwendung<br \/>\n5 ml (1 Teel\u00f6ffel) pro Tag oder wie empfohlen<\/p>\n<p>Komposition<br \/>\nERN\u00c4HRUNGSINFORMATIONEN PRO 5 ml: Energie 187,5 kJ (45 kcal) Proteine \u200b\u200b0 g Kohlenhydrate 0 g Lipide 4,95 g Vit. D 5 \u00b5g 100% * Vit. E 6,7 mg 56% * Omega-3-Fetts\u00e4uren einschlie\u00dflich: 1,2 g \u00b0 Eicosapentaens\u00e4ure (EPA) 460 mg \u00b0 Docosahexaens\u00e4ure (DHA) 280 mg \u00b0 Alpha-Linolens\u00e4ure 230 mg Omega-6-Fetts\u00e4uren einschlie\u00dflich: \u00b0 Linols\u00e4ure 500 mg Omega-9-Fetts\u00e4uren, einschlie\u00dflich: \u00b0 \u00d6ls\u00e4ure 1,4 g ZUTATEN nat\u00fcrliches Raps\u00f6l, nat\u00fcrliches Fisch\u00f6l, gemischte nat\u00fcrliche Tocopherole, Aromen: gemischte Aromen, Antioxidantien: Lecithin, Rosmarin\u00f6l und Ascorbylpalmitat, Cholecalciferol *% AR = Referenzbeitrag (CE)<\/p>","protected":false},"excerpt":{"rendered":"<p>Anwendung 5 ml (1 Teel\u00f6ffel) pro Tag oder wie empfohlen Komposition ERN\u00c4HRUNGSINFORMATIONEN PRO 5 ml: Energie 187,5 kJ (45 kcal) Proteine \u200b\u200b0 g Kohlenhydrate 0 g Lipide 4,95 g Vit. D 5 \u00b5g 100% * Vit. E 6,7 mg 56% * Omega-3-Fetts\u00e4uren einschlie\u00dflich: 1,2 g \u00b0 Eicosapentaens\u00e4ure (EPA) 460 mg \u00b0 Docosahexaens\u00e4ure (DHA) 280 mg [&hellip;]<\/p>\n","protected":false},"featured_media":4080,"template":"","meta":{"_acf_changed":false,"footnotes":""},"product_brand":[],"product_cat":[42,766,953],"product_tag":[],"class_list":{"0":"post-838","1":"product","2":"type-product","3":"status-publish","4":"has-post-thumbnail","6":"product_cat-para-pharmacie","7":"product_cat-vitamines","8":"product_cat-complements-alimentaires","10":"first","11":"instock","12":"taxable","13":"shipping-taxable","14":"purchasable","15":"product-type-simple"},"acf":[],"_links":{"self":[{"href":"https:\/\/www.pharmacieonline.lu\/de\/wp-json\/wp\/v2\/product\/838","targetHints":{"allow":["GET"]}}],"collection":[{"href":"https:\/\/www.pharmacieonline.lu\/de\/wp-json\/wp\/v2\/product"}],"about":[{"href":"https:\/\/www.pharmacieonline.lu\/de\/wp-json\/wp\/v2\/types\/product"}],"version-history":[{"count":0,"href":"https:\/\/www.pharmacieonline.lu\/de\/wp-json\/wp\/v2\/product\/838\/revisions"}],"wp:featuredmedia":[{"embeddable":true,"href":"https:\/\/www.pharmacieonline.lu\/de\/wp-json\/wp\/v2\/media\/4080"}],"wp:attachment":[{"href":"https:\/\/www.pharmacieonline.lu\/de\/wp-json\/wp\/v2\/media?parent=838"}],"wp:term":[{"taxonomy":"product_brand","embeddable":true,"href":"https:\/\/www.pharmacieonline.lu\/de\/wp-json\/wp\/v2\/product_brand?post=838"},{"taxonomy":"product_cat","embeddable":true,"href":"https:\/\/www.pharmacieonline.lu\/de\/wp-json\/wp\/v2\/product_cat?post=838"},{"taxonomy":"product_tag","embeddable":true,"href":"https:\/\/www.pharmacieonline.lu\/de\/wp-json\/wp\/v2\/product_tag?post=838"}],"curies":[{"name":"wp","href":"https:\/\/api.w.org\/{rel}","templated":true}]}}