{"id":853,"date":"2020-11-25T17:27:06","date_gmt":"2020-11-25T16:27:06","guid":{"rendered":"https:\/\/www.pharmacieonline.lu\/produit\/advantix-100-500-chien-4-10-kg-41-ml\/"},"modified":"2026-04-14T17:55:35","modified_gmt":"2026-04-14T15:55:35","slug":"advantix-100-500-chien-4-10-kg-41-ml","status":"publish","type":"product","link":"https:\/\/www.pharmacieonline.lu\/de\/produit\/advantix-100-500-chien-4-10-kg-41-ml\/","title":{"rendered":"ADVANTIX 100\/500 CHIEN 4-10 KG 4*1 ML"},"content":{"rendered":"<p>Zur Bek\u00e4mpfung und Vorbeugung von Flohbefall (C. canis, C. felis) und zur Bek\u00e4mpfung von Bei\u00dfl\u00e4usen (Trichodectes canis) bei Hunden.<\/p>\n<p>Am Hund vorhandene Fl\u00f6he werden innerhalb eines Tages nach der Behandlung get\u00f6tet. Eine einzige Behandlung verhindert einen weiteren Flohbefall f\u00fcr vier Wochen.<\/p>\n<p>Das Produkt hat eine anhaltende akarizide und abweisende Wirksamkeit gegen Zeckenbefall (Rhipicephalu sanguineus und Ixodes ricinus f\u00fcr vier Wochen und Dermacentor reticulatus f\u00fcr drei Wochen).<\/p>\n<p>Durch die Abwehr und Abt\u00f6tung der Vektorspitze Rhipicephalus sanguineus verringert das Produkt das Risiko einer Kontamination mit dem Erreger Ehrlichia canis. Dies senkt das Risiko einer Ehrlichiose bei Hunden. Studien haben gezeigt, dass das Risiko ab 3 Tagen nach Verwendung des Produkts abnimmt. Die Wirkung h\u00e4lt 4 Wochen an.<\/p>\n<p>Es kann vorkommen, dass Zecken, die sich bereits am Hund befanden, nicht innerhalb von zwei Tagen nach der Behandlung abget\u00f6tet werden und anhaftend und sichtbar bleiben. Daher wird empfohlen, Zecken, die sich zum Zeitpunkt der Behandlung bereits am Hund befinden, zu entfernen, um zu verhindern, dass sie eine Blutmahlzeit anbringen und einnehmen.<\/p>\n<p>Eine Behandlung wirkt absto\u00dfend (gegen F\u00fctterung) gegen Sandfliegen (Phlebotomus papatasi f\u00fcr zwei Wochen und Phlebotomus perniciosus f\u00fcr drei Wochen), gegen M\u00fccken (A. aegypti f\u00fcr zwei Wochen und C. pipiens f\u00fcr vier Wochen) und gegen stabile Fliegen (S. calcitrans) ) f\u00fcr vier Wochen.<\/p>","protected":false},"excerpt":{"rendered":"<p>Zur Bek\u00e4mpfung und Vorbeugung von Flohbefall (C. canis, C. felis) und zur Bek\u00e4mpfung von Bei\u00dfl\u00e4usen (Trichodectes canis) bei Hunden. Am Hund vorhandene Fl\u00f6he werden innerhalb eines Tages nach der Behandlung get\u00f6tet. Eine einzige Behandlung verhindert einen weiteren Flohbefall f\u00fcr vier Wochen. Das Produkt hat eine anhaltende akarizide und abweisende Wirksamkeit gegen Zeckenbefall (Rhipicephalu sanguineus und [&hellip;]<\/p>\n","protected":false},"featured_media":4082,"template":"","meta":{"_acf_changed":false,"footnotes":""},"product_brand":[],"product_cat":[151,158,157,46],"product_tag":[],"class_list":{"0":"post-853","1":"product","2":"type-product","3":"status-publish","4":"has-post-thumbnail","6":"product_cat-chiens","7":"product_cat-parasites-chiens","8":"product_cat-puces-et-tiques-chiens","9":"product_cat-veterinaire","11":"first","12":"instock","13":"taxable","14":"shipping-taxable","15":"purchasable","16":"product-type-simple"},"acf":[],"_links":{"self":[{"href":"https:\/\/www.pharmacieonline.lu\/de\/wp-json\/wp\/v2\/product\/853","targetHints":{"allow":["GET"]}}],"collection":[{"href":"https:\/\/www.pharmacieonline.lu\/de\/wp-json\/wp\/v2\/product"}],"about":[{"href":"https:\/\/www.pharmacieonline.lu\/de\/wp-json\/wp\/v2\/types\/product"}],"version-history":[{"count":0,"href":"https:\/\/www.pharmacieonline.lu\/de\/wp-json\/wp\/v2\/product\/853\/revisions"}],"wp:featuredmedia":[{"embeddable":true,"href":"https:\/\/www.pharmacieonline.lu\/de\/wp-json\/wp\/v2\/media\/4082"}],"wp:attachment":[{"href":"https:\/\/www.pharmacieonline.lu\/de\/wp-json\/wp\/v2\/media?parent=853"}],"wp:term":[{"taxonomy":"product_brand","embeddable":true,"href":"https:\/\/www.pharmacieonline.lu\/de\/wp-json\/wp\/v2\/product_brand?post=853"},{"taxonomy":"product_cat","embeddable":true,"href":"https:\/\/www.pharmacieonline.lu\/de\/wp-json\/wp\/v2\/product_cat?post=853"},{"taxonomy":"product_tag","embeddable":true,"href":"https:\/\/www.pharmacieonline.lu\/de\/wp-json\/wp\/v2\/product_tag?post=853"}],"curies":[{"name":"wp","href":"https:\/\/api.w.org\/{rel}","templated":true}]}}