{"id":901,"date":"2020-11-25T17:27:16","date_gmt":"2020-11-25T16:27:16","guid":{"rendered":"https:\/\/www.pharmacieonline.lu\/produit\/niquitin-clear-14-mg-21-patch\/"},"modified":"2026-04-14T09:55:53","modified_gmt":"2026-04-14T07:55:53","slug":"niquitin-clear-14-mg-21-patch","status":"publish","type":"product","link":"https:\/\/www.pharmacieonline.lu\/de\/produit\/niquitin-clear-14-mg-21-patch\/","title":{"rendered":"NIQUITIN CLEAR 14 MG 21 PATCH"},"content":{"rendered":"<p>Nikotinsubstitutionstherapie: transparentes Pflaster 14 mg.<\/p>\n<p>Indikation<br \/>\nBehandlung des Rauchens durch Linderung der Nikotinentzugssymptome, einschlie\u00dflich des Verlangens, wenn versucht wird, mit dem Rauchen aufzuh\u00f6ren. Das ultimative Ziel ist es, dauerhaft mit dem Rauchen aufzuh\u00f6ren.<br \/>\nPLANEN SIE SCHRITT<br \/>\n&gt; 10 Zigaretten pro Tag<br \/>\n4 &#8211; 6 Wochen: NiQuitin Clear Patch 21 mg<br \/>\n2 &#8211; 4 Wochen: NiQuitin Clear Patch 14 mg<br \/>\n2 &#8211; 4 Wochen: NiQuitin Clear Patch 7 mg<br \/>\n&lt;10 Zigaretten pro Tag<br \/>\n4 &#8211; 6 Wochen: NiQuitin Clear Patch 14 mg<br \/>\n2 &#8211; 4 Wochen: NiQuitin Clear Patch 7 mg<\/p>\n<p>Anwendung<br \/>\nErwachsene<br \/>\nEmpfohlenes Regime von 8 bis 12 Wochen<br \/>\nEs wird nicht empfohlen, transdermale Pflaster l\u00e4nger als 3 Monate zu verwenden<br \/>\nEine Dosisanpassung ist f\u00fcr eine Erkrankung der Herzkranzgef\u00e4\u00dfe angezeigt<\/p>\n<p>Das Pflaster sollte auf saubere, trockene, haarlose Haut am Oberk\u00f6rper oder an der Au\u00dfenseite des Arms aufgetragen werden. Die den Klebstoff sch\u00fctzende Schicht muss vor dem Auftragen entfernt werden.<br \/>\nDas transdermale Ger\u00e4t (Pflaster, Pflaster) wird alle 24 Stunden gewechselt und das neue System an einer anderen Stelle angewendet.<\/p>\n<p>Komposition<br \/>\nFormel: Nikotin 78 mg<br \/>\nHilfsstoffe: Ethylen \/ Vinylacetas copolymerum &#8211; Polyethylenum terephtalas \/ Ethylen Vinylacetas &#8211; Polyethylenum H. D. &#8211; Polyisobutylenum &#8211; Pigmentum album (titanii dioxidum) (E171)<\/p>","protected":false},"excerpt":{"rendered":"<p>Nikotinsubstitutionstherapie: transparentes Pflaster 14 mg. Indikation Behandlung des Rauchens durch Linderung der Nikotinentzugssymptome, einschlie\u00dflich des Verlangens, wenn versucht wird, mit dem Rauchen aufzuh\u00f6ren. Das ultimative Ziel ist es, dauerhaft mit dem Rauchen aufzuh\u00f6ren. PLANEN SIE SCHRITT &gt; 10 Zigaretten pro Tag 4 &#8211; 6 Wochen: NiQuitin Clear Patch 21 mg 2 &#8211; 4 Wochen: NiQuitin [&hellip;]<\/p>\n","protected":false},"featured_media":4031,"template":"","meta":{"_acf_changed":false,"footnotes":""},"product_brand":[],"product_cat":[104,43,87],"product_tag":[],"class_list":{"0":"post-901","1":"product","2":"type-product","3":"status-publish","4":"has-post-thumbnail","6":"product_cat-patch","7":"product_cat-medicaments-en-vente-libre","8":"product_cat-arret-du-tabac","10":"first","11":"instock","12":"taxable","13":"shipping-taxable","14":"purchasable","15":"product-type-simple"},"acf":[],"_links":{"self":[{"href":"https:\/\/www.pharmacieonline.lu\/de\/wp-json\/wp\/v2\/product\/901","targetHints":{"allow":["GET"]}}],"collection":[{"href":"https:\/\/www.pharmacieonline.lu\/de\/wp-json\/wp\/v2\/product"}],"about":[{"href":"https:\/\/www.pharmacieonline.lu\/de\/wp-json\/wp\/v2\/types\/product"}],"version-history":[{"count":0,"href":"https:\/\/www.pharmacieonline.lu\/de\/wp-json\/wp\/v2\/product\/901\/revisions"}],"wp:featuredmedia":[{"embeddable":true,"href":"https:\/\/www.pharmacieonline.lu\/de\/wp-json\/wp\/v2\/media\/4031"}],"wp:attachment":[{"href":"https:\/\/www.pharmacieonline.lu\/de\/wp-json\/wp\/v2\/media?parent=901"}],"wp:term":[{"taxonomy":"product_brand","embeddable":true,"href":"https:\/\/www.pharmacieonline.lu\/de\/wp-json\/wp\/v2\/product_brand?post=901"},{"taxonomy":"product_cat","embeddable":true,"href":"https:\/\/www.pharmacieonline.lu\/de\/wp-json\/wp\/v2\/product_cat?post=901"},{"taxonomy":"product_tag","embeddable":true,"href":"https:\/\/www.pharmacieonline.lu\/de\/wp-json\/wp\/v2\/product_tag?post=901"}],"curies":[{"name":"wp","href":"https:\/\/api.w.org\/{rel}","templated":true}]}}