{"id":985,"date":"2020-11-25T17:27:17","date_gmt":"2020-11-25T16:27:17","guid":{"rendered":"https:\/\/www.pharmacieonline.lu\/produit\/steovit-forte-orange-1000mg-880u-615cpr\/"},"modified":"2026-04-28T11:40:12","modified_gmt":"2026-04-28T09:40:12","slug":"steovit-forte-orange-1000mg-880u-615cpr","status":"publish","type":"product","link":"https:\/\/www.pharmacieonline.lu\/de\/produit\/steovit-forte-orange-1000mg-880u-615cpr\/","title":{"rendered":"STEOVIT FORTE ORANGE 1000MG\/880U 6*15CPR"},"content":{"rendered":"<p>Indikation<\/p>\n<p>Vitamin D-Kalzium-Mangel<\/p>\n<p>Pr\u00e4vention und Behandlung bei \u00e4lteren Menschen<\/p>\n<p>Osteoporose<\/p>\n<p>Vitamin-Kalzium-Aufnahme kombiniert mit einer spezifischen Behandlung von Osteoporose bei Patienten mit einem Risiko f\u00fcr Vitamin D und Kalziummangel<br \/>\nVerwenden<\/p>\n<p>Erwachsene und \u00e4ltere Menschen<br \/>\n1 Tablette pro Tag<\/p>\n<p>L\u00f6sen Sie die Tablette in einem Glas Wasser<\/p>","protected":false},"excerpt":{"rendered":"<p>Indikation Vitamin D-Kalzium-Mangel Pr\u00e4vention und Behandlung bei \u00e4lteren Menschen Osteoporose Vitamin-Kalzium-Aufnahme kombiniert mit einer spezifischen Behandlung von Osteoporose bei Patienten mit einem Risiko f\u00fcr Vitamin D und Kalziummangel Verwenden Erwachsene und \u00e4ltere Menschen 1 Tablette pro Tag L\u00f6sen Sie die Tablette in einem Glas Wasser<\/p>\n","protected":false},"featured_media":3956,"template":"","meta":{"_acf_changed":false,"footnotes":""},"product_brand":[],"product_cat":[43,766],"product_tag":[],"class_list":{"0":"post-985","1":"product","2":"type-product","3":"status-publish","4":"has-post-thumbnail","6":"product_cat-medicaments-en-vente-libre","7":"product_cat-vitamines","9":"first","10":"instock","11":"taxable","12":"shipping-taxable","13":"purchasable","14":"product-type-simple"},"acf":[],"_links":{"self":[{"href":"https:\/\/www.pharmacieonline.lu\/de\/wp-json\/wp\/v2\/product\/985","targetHints":{"allow":["GET"]}}],"collection":[{"href":"https:\/\/www.pharmacieonline.lu\/de\/wp-json\/wp\/v2\/product"}],"about":[{"href":"https:\/\/www.pharmacieonline.lu\/de\/wp-json\/wp\/v2\/types\/product"}],"version-history":[{"count":0,"href":"https:\/\/www.pharmacieonline.lu\/de\/wp-json\/wp\/v2\/product\/985\/revisions"}],"wp:featuredmedia":[{"embeddable":true,"href":"https:\/\/www.pharmacieonline.lu\/de\/wp-json\/wp\/v2\/media\/3956"}],"wp:attachment":[{"href":"https:\/\/www.pharmacieonline.lu\/de\/wp-json\/wp\/v2\/media?parent=985"}],"wp:term":[{"taxonomy":"product_brand","embeddable":true,"href":"https:\/\/www.pharmacieonline.lu\/de\/wp-json\/wp\/v2\/product_brand?post=985"},{"taxonomy":"product_cat","embeddable":true,"href":"https:\/\/www.pharmacieonline.lu\/de\/wp-json\/wp\/v2\/product_cat?post=985"},{"taxonomy":"product_tag","embeddable":true,"href":"https:\/\/www.pharmacieonline.lu\/de\/wp-json\/wp\/v2\/product_tag?post=985"}],"curies":[{"name":"wp","href":"https:\/\/api.w.org\/{rel}","templated":true}]}}