{"id":990,"date":"2020-11-25T17:27:17","date_gmt":"2020-11-25T16:27:17","guid":{"rendered":"https:\/\/www.pharmacieonline.lu\/produit\/eskimo-extra-90-caps\/"},"modified":"2026-04-28T23:40:14","modified_gmt":"2026-04-28T21:40:14","slug":"eskimo-extra-90-caps","status":"publish","type":"product","link":"https:\/\/www.pharmacieonline.lu\/de\/produit\/eskimo-extra-90-caps\/","title":{"rendered":"ESKIMO EXTRA 90 CAPS"},"content":{"rendered":"<p>Verwenden<br \/>\n1 bis 2 Kapseln pro Tag oder wie empfohlen. Zu den Mahlzeiten einnehmen.<\/p>\n<p>VORSICHT Omega-3-Fetts\u00e4uren beeinflussen die Blutpl\u00e4ttchenaggregation und k\u00f6nnen die Blutungszeit \u00fcberm\u00e4\u00dfig verl\u00e4ngern. Es wird jedoch empfohlen, einen Omega-3-Mangel zu korrigieren.<\/p>\n<p>Komposition<br \/>\nZUTATEN PRO KAPSEL: AR * Nat\u00fcrliches Fisch\u00f6lkonzentrat 1 g (in Form von Triglyceriden) Mischung aus nat\u00fcrlichen Tocopherolen N\u00e4hrwertangaben pro Kapsel: EPA (Eicosapentaens\u00e4ure) 300 mg DHA (Docosahexaens\u00e4ure) 200 mg Vit. E 5 mg 42% * * AR = Referenzaufnahme<\/p>","protected":false},"excerpt":{"rendered":"<p>Verwenden 1 bis 2 Kapseln pro Tag oder wie empfohlen. Zu den Mahlzeiten einnehmen. VORSICHT Omega-3-Fetts\u00e4uren beeinflussen die Blutpl\u00e4ttchenaggregation und k\u00f6nnen die Blutungszeit \u00fcberm\u00e4\u00dfig verl\u00e4ngern. Es wird jedoch empfohlen, einen Omega-3-Mangel zu korrigieren. Komposition ZUTATEN PRO KAPSEL: AR * Nat\u00fcrliches Fisch\u00f6lkonzentrat 1 g (in Form von Triglyceriden) Mischung aus nat\u00fcrlichen Tocopherolen N\u00e4hrwertangaben pro Kapsel: EPA [&hellip;]<\/p>\n","protected":false},"featured_media":3966,"template":"","meta":{"_acf_changed":false,"footnotes":""},"product_brand":[],"product_cat":[42,766,953],"product_tag":[],"class_list":{"0":"post-990","1":"product","2":"type-product","3":"status-publish","4":"has-post-thumbnail","6":"product_cat-para-pharmacie","7":"product_cat-vitamines","8":"product_cat-complements-alimentaires","10":"first","11":"instock","12":"taxable","13":"shipping-taxable","14":"purchasable","15":"product-type-simple"},"acf":[],"_links":{"self":[{"href":"https:\/\/www.pharmacieonline.lu\/de\/wp-json\/wp\/v2\/product\/990","targetHints":{"allow":["GET"]}}],"collection":[{"href":"https:\/\/www.pharmacieonline.lu\/de\/wp-json\/wp\/v2\/product"}],"about":[{"href":"https:\/\/www.pharmacieonline.lu\/de\/wp-json\/wp\/v2\/types\/product"}],"version-history":[{"count":0,"href":"https:\/\/www.pharmacieonline.lu\/de\/wp-json\/wp\/v2\/product\/990\/revisions"}],"wp:featuredmedia":[{"embeddable":true,"href":"https:\/\/www.pharmacieonline.lu\/de\/wp-json\/wp\/v2\/media\/3966"}],"wp:attachment":[{"href":"https:\/\/www.pharmacieonline.lu\/de\/wp-json\/wp\/v2\/media?parent=990"}],"wp:term":[{"taxonomy":"product_brand","embeddable":true,"href":"https:\/\/www.pharmacieonline.lu\/de\/wp-json\/wp\/v2\/product_brand?post=990"},{"taxonomy":"product_cat","embeddable":true,"href":"https:\/\/www.pharmacieonline.lu\/de\/wp-json\/wp\/v2\/product_cat?post=990"},{"taxonomy":"product_tag","embeddable":true,"href":"https:\/\/www.pharmacieonline.lu\/de\/wp-json\/wp\/v2\/product_tag?post=990"}],"curies":[{"name":"wp","href":"https:\/\/api.w.org\/{rel}","templated":true}]}}