{"id":4670,"date":"2020-11-30T23:58:05","date_gmt":"2020-11-30T22:58:05","guid":{"rendered":"https:\/\/www.pharmacieonline.lu\/?page_id=4670"},"modified":"2020-12-18T18:01:56","modified_gmt":"2020-12-18T17:01:56","slug":"politique-de-confidentialite","status":"publish","type":"page","link":"https:\/\/www.pharmacieonline.lu\/en\/politique-de-confidentialite\/","title":{"rendered":"Privacy Policy"},"content":{"rendered":"<p>Website owners and operators<br \/>Pharmacie de Petange<br \/>Daniel Lugen &#8211; Pharmacien Titulaire<br \/>10 avenue de la Gare<br \/>4734 Petange<br \/>LUXEMBOURG<br \/>\u00a0<br \/>Telephone +352 50 7041<br \/>Email\u00a0pharmacieonline.lu@gmail.com<br \/>TVA LU15581262<br \/>\u00a0<br \/>Responsible for the content<br \/>Pharmacie de Petange<br \/>Daniel Lugen &#8211; Pharmacien Titulaire<br \/>10 avenue de la Gare<br \/>4734 Petange<br \/>LUXEMBOURG<br \/>\u00a0<br \/>Telephone +352 50 7041<br \/>Email\u00a0pharmacieonline.lu@gmail.com<br \/>TVA LU15581262<br \/>\u00a0<br \/>\u00a0<br \/>Data protection officer<br \/>You can\u00a0send\u00a0data protection queries or questions to us via email\u00a0pharmacieonline.lu@gmail.com.<br \/>\u00a0<br \/>Privacy Policy<br \/>We attach great importance to the protection and security of your personal data.\u00a0For this reason, our website stores and processes data exclusively in accordance with the European General\u00a0Data Protection Regulation (GDPR).\u00a0As a user, you consent to the processing of data in accordance with this declaration.<br \/>\u00a0<br \/>The data protection declaration only applies to this website.\u00a0If you are forwarded to other websites via links on our pages, please inform yourself directly on the redirected website about the respective processing of your data.\u00a0We process your personal data (e.g. title, name, address, e-mail address, telephone number, etc.) in strict compliance with the\u00a0provisions of European data protection law.\u00a0The following provisions inform you about the type, scope, purpose and duration of the collection, processing and use of personal data by the person responsible for processing:<br \/>\u00a0<br \/>Pharmacie de Petange<br \/>Daniel Lugen &#8211; Pharmacien Titulaire<br \/>10 avenue de la Gare<br \/>4734 Petange<br \/>LUXEMBOURG<br \/>Telephone +352 50 7041<br \/>Email\u00a0pharmacieonline.lu@gmail.com<br \/>\u00a0<br \/>\u00a0<br \/>We would like to point out that\u00a0data transmission over the Internet (e.g. communication by e-mail or via unencrypted websites) could have security gaps.\u00a0Complete protection of the data against access by third parties is then not possible.<br \/>If you place an\u00a0order\u00a0via our website, the data you have transmitted or entered will be checked manually or automatically with the existing database in order to check whether it is valid and up-to-date.\u00a0In rare cases it may be necessary for our\u00a0staff to contact you by email to validate information or data.<br \/>\u00a0<br \/>Links<br \/>We are doing a very thorough editorial review of the links leaving our site.\u00a0However, we are not responsible for the content of the\u00a0pages to which links are provided from this website or any other website.<br \/>\u00a0<br \/>Contact form<br \/>If you send us an inquiry using the contact form, your data from the form will not be saved but only forwarded to\u00a0our team\u00a0by email.<br \/>\u00a0<br \/>Newsletter<br \/>If you would like to receive the newsletter offered on the website, you must provide us with an email address.\u00a0No further data is collected.\u00a0We use this data exclusively to send the one\u00a0you have selected.<br \/>\u00a0<br \/>In special cases, the shipment is taken over by service providers (agencies), after which your data is transferred to these service providers as part of an order for order processing.<br \/>You can\u00a0revoke\u00a0your consent to the storage\u00a0of data, the e-mail address and their use for sending the newsletter at any time using the &#8220;Unsubscribe&#8221; option in the newsletter.<br \/>\u00a0<br \/>SSL encryption<br \/>For security reasons and to protect the transmission of confidential\u00a0information, including the inquiries you have sent to us,\u00a0this website uses\u00a0SSL encryption.\u00a0You can recognize an encrypted connection by the fact that the address line of the browser changes from &#8220;http: \/\/&#8221; to &#8220;https: \/\/&#8221; and\u00a0is displayed in your browser\u00a0by the padlock\u00a0symbol.<br \/>When SSL encryption is activated, the data you send to us cannot be read by third parties.<br \/>\u00a0<br \/>COOKIE<br \/>1. WHAT IS A COOKIE?<br \/>A cookie is a small data or text file that websites place on\u00a0your computer.\u00a0There are different types of technical cookies that set the language of the website, session cookies (also known as temporary cookies) and tracking cookies that are installed\u00a0to optimize\u00a0the website according\u00a0to your website.<br \/>\u00a0<br \/>2. WHAT IS THE USEFULNESS OF THESE COOKIES?<br \/>Pharmacie de Petange would like to inform you as much as possible about European legislation relating to the cookies we use.\u00a0Cookies help the Pharmacie de Petange to optimize your visit to our website, to memorize technical decisions (for example a choice of language) and to offer you more relevant services.\u00a0The cookies we use are secure and\u00a0help us, among other things, to identify possible errors.\u00a0It is possible that cookies record information that is directly related to you.<br \/>\u00a0<br \/>\u00a0<br \/>3. WHAT COOKIES DOES THE PHARMACIE DE PETANGE STORE<\/p>\r\n<table border=\"1\" width=\"708\" cellspacing=\"0\" cellpadding=\"8\">\r\n<tbody>\r\n<tr valign=\"TOP\">\r\n<td bgcolor=\"#d0cece\" width=\"72\">\r\n<p><span style=\"font-family: Times New Roman, serif;\"><span style=\"font-size: medium;\"><span style=\"font-family: Calibri, sans-serif;\"><span style=\"font-size: small;\">Cookies<\/span><\/span><\/span><\/span><\/p>\r\n<\/td>\r\n<td bgcolor=\"#d0cece\" width=\"270\">\r\n<p><span style=\"font-family: Times New Roman, serif;\"><span style=\"font-size: medium;\"><span style=\"font-family: Calibri, sans-serif;\"><span style=\"font-size: small;\">Description<\/span><\/span><\/span><\/span><\/p>\r\n<\/td>\r\n<td bgcolor=\"#d0cece\" width=\"134\">\r\n<p><span style=\"font-family: Times New Roman, serif;\"><span style=\"font-size: medium;\"><span style=\"font-family: Calibri, sans-serif;\"><span style=\"font-size: small;\">Rejection<\/span><\/span><\/span><\/span><\/p>\r\n<\/td>\r\n<td bgcolor=\"#d0cece\" width=\"165\">\r\n<p><span style=\"font-family: Times New Roman, serif;\"><span style=\"font-size: medium;\"><span style=\"font-family: Calibri, sans-serif;\"><span style=\"font-size: small;\">Validity <\/span><\/span><\/span><\/span><\/p>\r\n<\/td>\r\n<\/tr>\r\n<tr valign=\"TOP\">\r\n<td width=\"72\">\r\n<p><span style=\"font-family: Times New Roman, serif;\"><span style=\"font-size: medium;\"><span style=\"font-family: Calibri, sans-serif;\"><span style=\"font-size: small;\">_gat<\/span><\/span><\/span><\/span><\/p>\r\n<\/td>\r\n<td width=\"270\">\r\n<p><span style=\"font-family: Times New Roman, serif;\"><span style=\"font-size: medium;\"><span style=\"font-family: Calibri, sans-serif;\"><span style=\"font-size: small;\"><span lang=\"en-US\">Google Analytics tracking<\/span><\/span><\/span><\/span><\/span><\/p>\r\n<p><span style=\"font-family: Times New Roman, serif;\"><span style=\"font-size: medium;\"><span style=\"font-family: Calibri, sans-serif;\"><span style=\"font-size: small;\"><span lang=\"en-US\">Distinguishes users and sessions<\/span><\/span><\/span><\/span><\/span><\/p>\r\n<\/td>\r\n<td width=\"134\">\r\n<p><span style=\"font-family: Times New Roman, serif;\"><span style=\"font-size: medium;\"><span style=\"font-family: Calibri, sans-serif;\"><span style=\"font-size: small;\">See Article 4<\/span><\/span><\/span><\/span><\/p>\r\n<\/td>\r\n<td width=\"165\">\r\n<p><span style=\"font-family: Times New Roman, serif;\"><span style=\"font-size: medium;\"><span style=\"font-family: Calibri, sans-serif;\"><span style=\"font-size: small;\">10 mins<\/span><\/span><\/span><\/span><\/p>\r\n<\/td>\r\n<\/tr>\r\n<tr valign=\"TOP\">\r\n<td width=\"72\">\r\n<p><span style=\"font-family: Times New Roman, serif;\"><span style=\"font-size: medium;\"><span style=\"font-family: Calibri, sans-serif;\"><span style=\"font-size: small;\">_gid<\/span><\/span><\/span><\/span><\/p>\r\n<\/td>\r\n<td width=\"270\">\r\n<p><span style=\"font-family: Times New Roman, serif;\"><span style=\"font-size: medium;\"><span style=\"font-family: Calibri, sans-serif;\"><span style=\"font-size: small;\"><span lang=\"en-US\">Google Analytics tracking<\/span><\/span><\/span><\/span><\/span><\/p>\r\n<p><span style=\"font-family: Times New Roman, serif;\"><span style=\"font-size: medium;\"><span style=\"font-family: Calibri, sans-serif;\"><span style=\"font-size: small;\"><span lang=\"en-US\">Distinguishes users and sessions<\/span><\/span><\/span><\/span><\/span><\/p>\r\n<\/td>\r\n<td width=\"134\">\r\n<p><span style=\"font-family: Times New Roman, serif;\"><span style=\"font-size: medium;\"><span style=\"font-family: Calibri, sans-serif;\"><span style=\"font-size: small;\">See Article 4<\/span><\/span><\/span><\/span><\/p>\r\n<\/td>\r\n<td width=\"165\">\r\n<p><span style=\"font-family: Times New Roman, serif;\"><span style=\"font-size: medium;\"><span style=\"font-family: Calibri, sans-serif;\"><span style=\"font-size: small;\">1 hour<\/span><\/span><\/span><\/span><\/p>\r\n<\/td>\r\n<\/tr>\r\n<tr valign=\"TOP\">\r\n<td width=\"72\">\r\n<p><span style=\"font-family: Times New Roman, serif;\"><span style=\"font-size: medium;\"><span style=\"font-family: Calibri, sans-serif;\"><span style=\"font-size: small;\">_ga<\/span><\/span><\/span><\/span><\/p>\r\n<\/td>\r\n<td width=\"270\">\r\n<p><span style=\"font-family: Times New Roman, serif;\"><span style=\"font-size: medium;\"><span style=\"font-family: Calibri, sans-serif;\"><span style=\"font-size: small;\"><span lang=\"en-US\">Google Analytics tracking<\/span><\/span><\/span><\/span><\/span><\/p>\r\n<p><span style=\"font-family: Times New Roman, serif;\"><span style=\"font-size: medium;\"><span style=\"font-family: Calibri, sans-serif;\"><span style=\"font-size: small;\"><span lang=\"en-US\">Distinguishes\u00a0users and sessions<\/span><\/span><\/span><\/span><\/span><\/p>\r\n<\/td>\r\n<td width=\"134\">\r\n<p><span style=\"font-family: Times New Roman, serif;\"><span style=\"font-size: medium;\"><span style=\"font-family: Calibri, sans-serif;\"><span style=\"font-size: small;\">See Article 4<\/span><\/span><\/span><\/span><\/p>\r\n<\/td>\r\n<td width=\"165\">\r\n<p><span style=\"font-family: Times New Roman, serif;\"><span style=\"font-size: medium;\"><span style=\"font-family: Calibri, sans-serif;\"><span style=\"font-size: small;\">2 years<\/span><\/span><\/span><\/span><\/p>\r\n<\/td>\r\n<\/tr>\r\n<tr valign=\"TOP\">\r\n<td width=\"72\">\r\n<p><span style=\"font-family: Times New Roman, serif;\"><span style=\"font-size: medium;\"><span style=\"font-family: Calibri, sans-serif;\"><span style=\"font-size: small;\">PHPSESSID<\/span><\/span><\/span><\/span><\/p>\r\n<\/td>\r\n<td width=\"270\">\r\n<p><span style=\"font-family: Times New Roman, serif;\"><span style=\"font-size: medium;\"><span style=\"font-family: Calibri, sans-serif;\"><span style=\"font-size: small;\">PHP session cookie<\/span><\/span><\/span><\/span><\/p>\r\n<\/td>\r\n<td width=\"134\">\r\n<p><span style=\"font-family: Times New Roman, serif;\"><span style=\"font-size: medium;\"><span style=\"font-family: Calibri, sans-serif;\"><span style=\"font-size: small;\">See Article 4<\/span><\/span><\/span><\/span><\/p>\r\n<\/td>\r\n<td width=\"165\">\r\n<p><span style=\"font-family: Times New Roman, serif;\"><span style=\"font-size: medium;\"><span style=\"font-family: Calibri, sans-serif;\"><span style=\"font-size: small;\">During use<\/span><\/span><\/span><\/span><\/p>\r\n<\/td>\r\n<\/tr>\r\n<\/tbody>\r\n<\/table>\r\n<p><br \/>\u00a0<br \/>\u00a0<br \/>\u00a0<br \/>4. COOKIES MANAGEMENT<br \/>Saving a cookie on your computer is subject to your will.\u00a0Thanks to the settings of your\u00a0browser software, you can decide at any time whether you want to accept the recording of cookies on your computer or not.<br \/>You can configure your browser software so that cookies are accepted and stored on your computer or,\u00a0on the contrary, are rejected.<br \/>\u00a0<br \/>Agreement on cookies<br \/>If your browser software is configured to accept the recording of cookies in your terminal, the cookies integrated in the pages and content you are\u00a0viewing will be systematically saved in your terminal.<br \/>\u00a0<br \/>Rejection of cookies.<br \/>You can configure your browser software so that:<br \/>&#8211;\u00a0that you will be offered the acceptance or rejection of cookies from time to time before a cookie is likely to be saved;\u00a0\u00a0\u00a0\u00a0\u00a0\u00a0\u00a0\u00a0\u00a0<br \/>&#8211;\u00a0systematically refuse the registration of cookies on your terminal.\u00a0\u00a0\u00a0\u00a0\u00a0\u00a0\u00a0\u00a0\u00a0<br \/>\u00a0<br \/>Warning:<br \/>Any setting that you can make in your browser software regarding the acceptance or rejection of cookies will likely change the way you surf the\u00a0Internet and your access conditions to certain services that require the use of the same cookies.<br \/>If you refuse or delete the recording of cookies on your computer, we decline any responsibility for the consequences.<br \/>\u00a0<br \/>How can you make your\u00a0selection depending on the browser you are using?<br \/>The configuration of each software is different.\u00a0It is generally described in the help menu of your browser software.\u00a0We therefore invite you to read it.\u00a0You can\u00a0change\u00a0your settings with regard to\u00a0cookies.<br \/>\u00a0<br \/>5.\u00a0RIGHT<br \/>In general, in accordance with the Law of May 25, 2018, Regulation (EU) 2016\/679 of the European Parliament and of the Council of April 27, 2016 on the protection of individuals with\u00a0regard\u00a0to the processing of personal data and for the\u00a0free movement of this data, you have the right to access, correct and delete your data.\u00a0You can also object to the use of your data.\u00a0Finally, you can set guidelines for the retention, deletion, and transmission of your\u00a0personal information after your death.<br \/>\u00a0<br \/>You can address your questions about the processing of your personal data and \/ or about exercising your above-mentioned rights to\u00a0pharmacieonline.lu@gmail.com\u00a0.<br \/>For reasons of confidentiality and the protection of your personal data, we must first ensure your identity to be able to answer you, for example with a copy of your valid ID.<br \/>\u00a0<br \/>Complaints related to the\u00a0processing of your personal data can be sent to the above-mentioned email or postal address or to the supervisory authority of the\u00a0l&#8217;autorit\u00e9 de contr\u00f4le du GD du Luxembourg, Commission Nationale Pour la Protection des Donn\u00e9es &#8211; CNPD, sise 1, avenue du Rock &#8216;n&#8217;Roll, L-4361 Esch-sur-Alzette\u00a0.<br \/>\u00a0<br \/>\u00a0<br \/>6.\u00a0DATA BREACH<br \/>Any violation of personal data will be communicated to the CNPD and the data subjects in accordance with the law of May 25, 2018, Regulation (EU) 2016\/679 of the European Parliament and of the Council of\u00a0April 27, 2016.<\/p>","protected":false},"excerpt":{"rendered":"<p>Website owners and operatorsPharmacie de PetangeDaniel Lugen &#8211; Pharmacien Titulaire10 avenue de la Gare4734 PetangeLUXEMBOURG\u00a0Telephone +352 50 7041Email\u00a0pharmacieonline.lu@gmail.comTVA LU15581262\u00a0Responsible for the contentPharmacie de PetangeDaniel Lugen &#8211; Pharmacien Titulaire10 avenue de la Gare4734 PetangeLUXEMBOURG\u00a0Telephone +352 50 7041Email\u00a0pharmacieonline.lu@gmail.comTVA LU15581262\u00a0\u00a0Data protection officerYou can\u00a0send\u00a0data protection queries or questions to us via email\u00a0pharmacieonline.lu@gmail.com.\u00a0Privacy PolicyWe attach great importance to the protection [&hellip;]<\/p>\n","protected":false},"author":1,"featured_media":0,"parent":0,"menu_order":16,"comment_status":"closed","ping_status":"open","template":"","meta":{"_acf_changed":false,"footnotes":""},"class_list":["post-4670","page","type-page","status-publish","hentry"],"acf":[],"_links":{"self":[{"href":"https:\/\/www.pharmacieonline.lu\/en\/wp-json\/wp\/v2\/pages\/4670","targetHints":{"allow":["GET"]}}],"collection":[{"href":"https:\/\/www.pharmacieonline.lu\/en\/wp-json\/wp\/v2\/pages"}],"about":[{"href":"https:\/\/www.pharmacieonline.lu\/en\/wp-json\/wp\/v2\/types\/page"}],"author":[{"embeddable":true,"href":"https:\/\/www.pharmacieonline.lu\/en\/wp-json\/wp\/v2\/users\/1"}],"replies":[{"embeddable":true,"href":"https:\/\/www.pharmacieonline.lu\/en\/wp-json\/wp\/v2\/comments?post=4670"}],"version-history":[{"count":0,"href":"https:\/\/www.pharmacieonline.lu\/en\/wp-json\/wp\/v2\/pages\/4670\/revisions"}],"wp:attachment":[{"href":"https:\/\/www.pharmacieonline.lu\/en\/wp-json\/wp\/v2\/media?parent=4670"}],"curies":[{"name":"wp","href":"https:\/\/api.w.org\/{rel}","templated":true}]}}