{"id":1415,"date":"2020-11-25T17:27:26","date_gmt":"2020-11-25T16:27:26","guid":{"rendered":"https:\/\/www.pharmacieonline.lu\/produit\/avene-xeracalm-ad-huile-400-ml\/"},"modified":"2026-04-03T07:55:32","modified_gmt":"2026-04-03T05:55:32","slug":"avene-xeracalm-ad-huile-400-ml","status":"publish","type":"product","link":"https:\/\/www.pharmacieonline.lu\/en\/produit\/avene-xeracalm-ad-huile-400-ml\/","title":{"rendered":"AVENE XERACALM AD HUILE 400 ML"},"content":{"rendered":"<p>Huile lavante relipidante.<br \/>\nPeaux sensible s\u00e8ches \u00e0 tr\u00e8s s\u00e8ches sujettes \u00e0 l&#8217;ecz\u00e9ma atopique et aux d\u00e9mangeaisons.<br \/>\nNourrissons, enfants, adultes.Sans savon &#8211; pH physiologique &#8211; Non com\u00e9dog\u00e8ne &#8211;<br \/>\nElabor\u00e9 en vue de minimiser les risques de reactions allergiques<br \/>\nIndication<br \/>\nXeraCalm A.D Huile lavante relipidante est special formul\u00e9e et indiqu\u00e9e pour nettoyer en douceur les peaux sensibles s\u00e8ches sujettes \u00e0 l&#8217;ecz\u00e9ma atopique et aux d\u00e9mangeaisons du nourrisson, de l&#8217;enfant et de l&#8217;adulte.<br \/>\nSANS SAVON, SANS PARFUM, pH PHYSIOLOGIQUE<\/p>\n<p>Usage<br \/>\nPour la douche, emulsionner l&#8217;Huile lavante relipidante XeraCalm A.D in the mains pr\u00e9alablement mouill\u00e9es et appliquer sur la peau.<\/p>\n<p>Composition<br \/>\nAVENE THERMALE SPRING WATER (AVENE AQUA). GLYCERIN. PEG-7 GLYCERYL COCOATE. DISODIUM LAURETH SULFOSICCUNATE. SODIUM COCOAMPHOACETATE. PEG-25 HYDROGENATED CASTOR OIL. CETEARETH-60 MYRISTYL GLYCOL PEG-200 HYDROGENATED GLYCERYL PALMATE. LAURETH-3. COCO-GLUCOSIDE. AQUAPHILUS DOLOMIAE EXTRACT. ARGININE. CAPRYLYL GLYCOL. CITRIC ACID. EVENING PRIMROSE OIL \/ PALM OIL AMINOPROPANEDIOL ESTERS. GLYCINE. OENOTHERA BIENNIS (EVENING PRIMROSE) OIL (OENOTHERA BIENNIS OIL) SORBIC ACID. TOCOPHEROL.<\/p>","protected":false},"excerpt":{"rendered":"<p>Huile lavante relipidante. Peaux sensible s\u00e8ches \u00e0 tr\u00e8s s\u00e8ches sujettes \u00e0 l&#8217;ecz\u00e9ma atopique et aux d\u00e9mangeaisons. Nourrissons, enfants, adultes.Sans savon &#8211; pH physiologique &#8211; Non com\u00e9dog\u00e8ne &#8211; Elabor\u00e9 en vue de minimiser les risques de reactions allergiques Indication XeraCalm A.D Huile lavante relipidante est special formul\u00e9e et indiqu\u00e9e pour nettoyer en douceur les peaux sensibles [&hellip;]<\/p>\n","protected":false},"featured_media":21696,"template":"","meta":{"_acf_changed":false,"footnotes":""},"product_brand":[],"product_cat":[47,42,112],"product_tag":[],"class_list":{"0":"post-1415","1":"product","2":"type-product","3":"status-publish","4":"has-post-thumbnail","6":"product_cat-dermocosmetique","7":"product_cat-para-pharmacie","8":"product_cat-douche-bain","10":"first","11":"outofstock","12":"taxable","13":"shipping-taxable","14":"purchasable","15":"product-type-simple"},"acf":[],"_links":{"self":[{"href":"https:\/\/www.pharmacieonline.lu\/en\/wp-json\/wp\/v2\/product\/1415","targetHints":{"allow":["GET"]}}],"collection":[{"href":"https:\/\/www.pharmacieonline.lu\/en\/wp-json\/wp\/v2\/product"}],"about":[{"href":"https:\/\/www.pharmacieonline.lu\/en\/wp-json\/wp\/v2\/types\/product"}],"version-history":[{"count":0,"href":"https:\/\/www.pharmacieonline.lu\/en\/wp-json\/wp\/v2\/product\/1415\/revisions"}],"wp:featuredmedia":[{"embeddable":true,"href":"https:\/\/www.pharmacieonline.lu\/en\/wp-json\/wp\/v2\/media\/21696"}],"wp:attachment":[{"href":"https:\/\/www.pharmacieonline.lu\/en\/wp-json\/wp\/v2\/media?parent=1415"}],"wp:term":[{"taxonomy":"product_brand","embeddable":true,"href":"https:\/\/www.pharmacieonline.lu\/en\/wp-json\/wp\/v2\/product_brand?post=1415"},{"taxonomy":"product_cat","embeddable":true,"href":"https:\/\/www.pharmacieonline.lu\/en\/wp-json\/wp\/v2\/product_cat?post=1415"},{"taxonomy":"product_tag","embeddable":true,"href":"https:\/\/www.pharmacieonline.lu\/en\/wp-json\/wp\/v2\/product_tag?post=1415"}],"curies":[{"name":"wp","href":"https:\/\/api.w.org\/{rel}","templated":true}]}}