{"id":1566,"date":"2020-11-25T17:27:29","date_gmt":"2020-11-25T16:27:29","guid":{"rendered":"https:\/\/www.pharmacieonline.lu\/produit\/dafalgan-inst-junior-250-mg-20-sach\/"},"modified":"2026-04-03T09:55:30","modified_gmt":"2026-04-03T07:55:30","slug":"dafalgan-inst-junior-250-mg-20-sach","status":"publish","type":"product","link":"https:\/\/www.pharmacieonline.lu\/en\/produit\/dafalgan-inst-junior-250-mg-20-sach\/","title":{"rendered":"DAFALGAN INST JUNIOR 250 MG 20 SACH"},"content":{"rendered":"<p><\/p>\n<ul>\n<li>Douleur l\u00e9g\u00e8re \u00e0 mod\u00e9r\u00e9e<\/li>\n<li>Fi\u00e8vre<\/li>\n<\/ul>\n<ul>\n<li>Dose quotidienne recommand\u00e9e: 60 mg\/kg\/jour, \u00e0 r\u00e9partir en 4 ou 6 administrations, c&#8217;est- \u00e0- dire environ 15 mg\/kg toutes les 6 heures ou 10 mg\/kg toutes les 4 heures<\/li>\n<li>Max. 75 mg\/kg\/jour<\/li>\n<\/ul>\n<p>Enfants de 41 \u00e0 50 kg (10 &#8211; &lt; 12 ans)<\/p>\n<ul>\n<li>2 sachets par prise, 12 sachets par jour<\/li>\n<li>Min. 4 h. entre 2 prises<\/li>\n<\/ul>\n<p>Enfants de 27 \u00e0 41 kg (8 &#8211; &lt; 10 ans)<\/p>\n<ul>\n<li>2 sachets par prise, 8 sachets par jour<\/li>\n<li>Min. 6 h. entre 2 prises<\/li>\n<\/ul>\n<p>Enfants de 21 \u00e0 27 kg (6 &#8211; &lt; 8 ans)<\/p>\n<ul>\n<li>1 sachet par prise, 6 sachets par jour<\/li>\n<li>Min. 4 h. entre 2 prises<\/li>\n<\/ul>\n<p>Enfants de 14 \u00e0 21 kg (2 &#8211; &lt; 6 ans)<\/p>\n<ul>\n<li>1 sachet par prise, 4 sachets par jour<\/li>\n<li>Min. 6 h. entre 2 prises<\/li>\n<\/ul>\n<p>Mode d&#8217;administration<\/p>\n<ul>\n<li>Placer les granul\u00e9s directement dans la bouche, \u00e0 la surface de la langue et les avaler sans eau<\/li>\n<\/ul>\n<p><\/p>","protected":false},"excerpt":{"rendered":"<p>Douleur l\u00e9g\u00e8re \u00e0 mod\u00e9r\u00e9e Fi\u00e8vre Dose quotidienne recommand\u00e9e: 60 mg\/kg\/jour, \u00e0 r\u00e9partir en 4 ou 6 administrations, c&#8217;est- \u00e0- dire environ 15 mg\/kg toutes les 6 heures ou 10 mg\/kg toutes les 4 heures Max. 75 mg\/kg\/jour Enfants de 41 \u00e0 50 kg (10 &#8211; &lt; 12 ans) 2 sachets par prise, 12 sachets par [&hellip;]<\/p>\n","protected":false},"featured_media":3329,"template":"","meta":{"_acf_changed":false,"footnotes":""},"product_brand":[],"product_cat":[43,94,93,86],"product_tag":[],"class_list":{"0":"post-1566","1":"product","2":"type-product","3":"status-publish","4":"has-post-thumbnail","6":"product_cat-medicaments-en-vente-libre","7":"product_cat-maux","8":"product_cat-fievre","9":"product_cat-grippe","11":"first","12":"outofstock","13":"taxable","14":"shipping-taxable","15":"purchasable","16":"product-type-simple"},"acf":[],"_links":{"self":[{"href":"https:\/\/www.pharmacieonline.lu\/en\/wp-json\/wp\/v2\/product\/1566","targetHints":{"allow":["GET"]}}],"collection":[{"href":"https:\/\/www.pharmacieonline.lu\/en\/wp-json\/wp\/v2\/product"}],"about":[{"href":"https:\/\/www.pharmacieonline.lu\/en\/wp-json\/wp\/v2\/types\/product"}],"version-history":[{"count":0,"href":"https:\/\/www.pharmacieonline.lu\/en\/wp-json\/wp\/v2\/product\/1566\/revisions"}],"wp:featuredmedia":[{"embeddable":true,"href":"https:\/\/www.pharmacieonline.lu\/en\/wp-json\/wp\/v2\/media\/3329"}],"wp:attachment":[{"href":"https:\/\/www.pharmacieonline.lu\/en\/wp-json\/wp\/v2\/media?parent=1566"}],"wp:term":[{"taxonomy":"product_brand","embeddable":true,"href":"https:\/\/www.pharmacieonline.lu\/en\/wp-json\/wp\/v2\/product_brand?post=1566"},{"taxonomy":"product_cat","embeddable":true,"href":"https:\/\/www.pharmacieonline.lu\/en\/wp-json\/wp\/v2\/product_cat?post=1566"},{"taxonomy":"product_tag","embeddable":true,"href":"https:\/\/www.pharmacieonline.lu\/en\/wp-json\/wp\/v2\/product_tag?post=1566"}],"curies":[{"name":"wp","href":"https:\/\/api.w.org\/{rel}","templated":true}]}}