{"id":1775,"date":"2020-11-25T17:27:33","date_gmt":"2020-11-25T16:27:33","guid":{"rendered":"https:\/\/www.pharmacieonline.lu\/produit\/avene-hydrance-riche-creme-40-ml\/"},"modified":"2026-04-03T00:25:15","modified_gmt":"2026-04-02T22:25:15","slug":"avene-hydrance-riche-creme-40-ml","status":"publish","type":"product","link":"https:\/\/www.pharmacieonline.lu\/en\/produit\/avene-hydrance-riche-creme-40-ml\/","title":{"rendered":"AVENE HYDRANCE RICHE CREME 40 ML"},"content":{"rendered":"<p>Tube 40 ml<br \/>\nUne recharge d&#8217;eau thermale pour une peau intens\u00e9ment et durablement hydrat\u00e9e. Sa texture onctueuse et nutritive, au fini velout\u00e9 laisse la peau douce et souple toute la journ\u00e9e.<\/p>\n<p>Indication<\/p>\n<p>Hydrance Riche Cr\u00e8me hydratante est particuli\u00e8rement indiqu\u00e9e pour les peaux sensibles s\u00e8ches \u00e0 tr\u00e8s s\u00e8ches.<\/p>\n<p>Usage<br \/>\nAppliquez le matin ou le soir sur une peau parfaitement propre et s\u00e8che. Le matin, vous pouvez choisir d&#8217;appliquer Hydrance Optimal UV riche qui vous prot\u00e8gera du soleil (SPF20).<\/p>\n<p>Composition<br \/>\nAVENE THERMAL SPRING WATER (AVENE AQUA). MINERAL OIL (PARAFFINUM LIQUIDUM). GLYCERIN. ISOHEXADECANE. DIMETHICONE. CETEARYL ALCOHOL. CARTHAMUS. TINCTORIUS (SAFFLOWER) SEED OIL (CARTHAMUS TINCTORIUS SEED OIL). ISOCETYL STEAROYL STEARATE. TRIETHYLHEXANOIN. GLYCERYL STEARATE. PEG-100 STEARATE. 1,2-HEXANEDIOL. BUTYROSPERMUM PARKII (SHEA) BUTTER (BUTYROSPERMUM PARKII BUTTER). CETEARYL GLUCOSIDE. BENZOIC ACID. BETA SITOSTEROL. BHT. DISODIUM EDTA. FRAGRANCE (PERFUME). POLYACRYLATE-13. POLYISOBUTENE. POLYSORBATE 20. SODIUM HYDROXIDE. SORBITAN ISOSTEARATE. WATER (AQUA). XANTHAN GUM.<\/p>","protected":false},"excerpt":{"rendered":"<p>Tube 40 ml Une recharge d&#8217;eau thermale pour une peau intens\u00e9ment et durablement hydrat\u00e9e. Sa texture onctueuse et nutritive, au fini velout\u00e9 laisse la peau douce et souple toute la journ\u00e9e. Indication Hydrance Riche Cr\u00e8me hydratante est particuli\u00e8rement indiqu\u00e9e pour les peaux sensibles s\u00e8ches \u00e0 tr\u00e8s s\u00e8ches. Usage Appliquez le matin ou le soir sur [&hellip;]<\/p>\n","protected":false},"featured_media":3171,"template":"","meta":{"_acf_changed":false,"footnotes":""},"product_brand":[],"product_cat":[47,42,54],"product_tag":[],"class_list":{"0":"post-1775","1":"product","2":"type-product","3":"status-publish","4":"has-post-thumbnail","6":"product_cat-dermocosmetique","7":"product_cat-para-pharmacie","8":"product_cat-soins-du-visage","10":"first","11":"instock","12":"taxable","13":"shipping-taxable","14":"purchasable","15":"product-type-simple"},"acf":[],"_links":{"self":[{"href":"https:\/\/www.pharmacieonline.lu\/en\/wp-json\/wp\/v2\/product\/1775","targetHints":{"allow":["GET"]}}],"collection":[{"href":"https:\/\/www.pharmacieonline.lu\/en\/wp-json\/wp\/v2\/product"}],"about":[{"href":"https:\/\/www.pharmacieonline.lu\/en\/wp-json\/wp\/v2\/types\/product"}],"version-history":[{"count":0,"href":"https:\/\/www.pharmacieonline.lu\/en\/wp-json\/wp\/v2\/product\/1775\/revisions"}],"wp:featuredmedia":[{"embeddable":true,"href":"https:\/\/www.pharmacieonline.lu\/en\/wp-json\/wp\/v2\/media\/3171"}],"wp:attachment":[{"href":"https:\/\/www.pharmacieonline.lu\/en\/wp-json\/wp\/v2\/media?parent=1775"}],"wp:term":[{"taxonomy":"product_brand","embeddable":true,"href":"https:\/\/www.pharmacieonline.lu\/en\/wp-json\/wp\/v2\/product_brand?post=1775"},{"taxonomy":"product_cat","embeddable":true,"href":"https:\/\/www.pharmacieonline.lu\/en\/wp-json\/wp\/v2\/product_cat?post=1775"},{"taxonomy":"product_tag","embeddable":true,"href":"https:\/\/www.pharmacieonline.lu\/en\/wp-json\/wp\/v2\/product_tag?post=1775"}],"curies":[{"name":"wp","href":"https:\/\/api.w.org\/{rel}","templated":true}]}}