{"id":1996,"date":"2020-11-25T17:27:51","date_gmt":"2020-11-25T16:27:51","guid":{"rendered":"https:\/\/www.pharmacieonline.lu\/produit\/pures-beaute-peau-elixir-visage-30ml\/"},"modified":"2026-04-03T00:25:25","modified_gmt":"2026-04-02T22:25:25","slug":"pures-beaute-peau-elixir-visage-30ml","status":"publish","type":"product","link":"https:\/\/www.pharmacieonline.lu\/en\/produit\/pures-beaute-peau-elixir-visage-30ml\/","title":{"rendered":"PURES BEAUTE PEAU ELIXIR VISAGE 30ML"},"content":{"rendered":"<p>Essential BIO body oil combines 4 essential oils and 4 vegetable oils carefully selected and dosed to provide nutrition, elasticity, soothing and hydration to the skin.<br \/>\nA true source of radiance and beauty, ORGANIC skincare oil is the essential care for tired, desiccated, weakened and sagging skin. It helps prevent the harmful effects of aging and skin dryness.<br \/>\nApplied daily to the body, d\u00e9collet\u00e9 and hands, this regenerating body oil also helps to fight loss of elasticity that can cause stretch marks and to reduce the appearance of scars by massaging.<\/p>\n<p>Its unique silky texture penetrates quickly without leaving a greasy film and intensely nourishes the skin by enveloping it in a delicate natural fragrance. Tested under dermatological control, its skin tolerance was considered optimal.<\/p>\n<p>100% Organic Formula &#8211; Natural Origin &#8211; Does not stain &#8211; No synthetic fragrance &#8211; No mineral oils<\/p>\n<p>Tips:<br \/>\nHow to use Organic Essential Care Oil?<\/p>\n<p>You can apply this care oil daily on the body, d\u00e9collet\u00e9 and hands.<\/p>","protected":false},"excerpt":{"rendered":"<p class=\"qtranxs-available-languages-message qtranxs-available-languages-message-en\">\n<h1 class=\"product__title\">Huile de Soin Essentiel BIO<\/h1>\n<div class=\"product__reviews\"><\/div>\n<div class=\"product__intro\">L\u2019huile corps Essentiel BIO associe 4 huiles essentielles et 4 huiles v\u00e9g\u00e9tales soigneusement s\u00e9lectionn\u00e9es et dos\u00e9es pour apporter nutrition, \u00e9lasticit\u00e9, apaisement et hydratation \u00e0 la peau.<\/div>\n","protected":false},"featured_media":2924,"template":"","meta":{"_acf_changed":false,"footnotes":""},"product_brand":[],"product_cat":[47,42,54,79,782],"product_tag":[],"class_list":{"0":"post-1996","1":"product","2":"type-product","3":"status-publish","4":"has-post-thumbnail","6":"product_cat-dermocosmetique","7":"product_cat-para-pharmacie","8":"product_cat-soins-du-visage","9":"product_cat-aromatherapie","10":"product_cat-vegan","12":"first","13":"instock","14":"taxable","15":"shipping-taxable","16":"purchasable","17":"product-type-simple"},"acf":[],"_links":{"self":[{"href":"https:\/\/www.pharmacieonline.lu\/en\/wp-json\/wp\/v2\/product\/1996","targetHints":{"allow":["GET"]}}],"collection":[{"href":"https:\/\/www.pharmacieonline.lu\/en\/wp-json\/wp\/v2\/product"}],"about":[{"href":"https:\/\/www.pharmacieonline.lu\/en\/wp-json\/wp\/v2\/types\/product"}],"version-history":[{"count":0,"href":"https:\/\/www.pharmacieonline.lu\/en\/wp-json\/wp\/v2\/product\/1996\/revisions"}],"wp:featuredmedia":[{"embeddable":true,"href":"https:\/\/www.pharmacieonline.lu\/en\/wp-json\/wp\/v2\/media\/2924"}],"wp:attachment":[{"href":"https:\/\/www.pharmacieonline.lu\/en\/wp-json\/wp\/v2\/media?parent=1996"}],"wp:term":[{"taxonomy":"product_brand","embeddable":true,"href":"https:\/\/www.pharmacieonline.lu\/en\/wp-json\/wp\/v2\/product_brand?post=1996"},{"taxonomy":"product_cat","embeddable":true,"href":"https:\/\/www.pharmacieonline.lu\/en\/wp-json\/wp\/v2\/product_cat?post=1996"},{"taxonomy":"product_tag","embeddable":true,"href":"https:\/\/www.pharmacieonline.lu\/en\/wp-json\/wp\/v2\/product_tag?post=1996"}],"curies":[{"name":"wp","href":"https:\/\/api.w.org\/{rel}","templated":true}]}}