{"id":2161,"date":"2020-11-25T17:27:54","date_gmt":"2020-11-25T16:27:54","guid":{"rendered":"https:\/\/www.pharmacieonline.lu\/produit\/neovis-total-multi-hypotonic-emuls-15-ml\/"},"modified":"2026-04-24T00:25:36","modified_gmt":"2026-04-23T22:25:36","slug":"neovis-total-multi-hypotonic-emuls-15-ml","status":"publish","type":"product","link":"https:\/\/www.pharmacieonline.lu\/en\/produit\/neovis-total-multi-hypotonic-emuls-15-ml\/","title":{"rendered":"NEOVIS TOTAL MULTI HYPOTONIC EMULS 15 ML"},"content":{"rendered":"<p>Sodium hyaluronate (0.18%), triglycerides and phospholipids, lipoic acid, hydroxypropylmethylcellulose, sodium citrate, sodium hydroxide, citric acid, sodium chloride and water for injection. Without preservative. The emulsion is hypo-osmolar.<\/p>","protected":false},"excerpt":{"rendered":"<p class=\"qtranxs-available-languages-message qtranxs-available-languages-message-en\">\n<p>Neovis total multi est utilis\u00e9 en cas sensations mod\u00e9r\u00e9es \u00e0 s\u00e9v\u00e8res de s\u00e9cheresse oculaire.<\/p>\n<p>Neovis total et Neovis total Multi s&#8217;utilisent par voie oculaire.<\/p>\n<p>Sauf recommandation contraire, instiller 1 \u00e0 2\u00a0gouttes aussi souvent que n\u00e9cessaire. Apr\u00e8s l&#8217;instillation, quelques clignements spontan\u00e9s de paupi\u00e8res permettront de r\u00e9partir uniform\u00e9ment l&#8217;\u00e9mulsion sur la surface oculaire en un film transparent et durable.<\/p>\n<p>Se laver soigneusement les mains avant de proc\u00e9der \u00e0 l&#8217;instillation.<\/p>\n","protected":false},"featured_media":2812,"template":"","meta":{"_acf_changed":false,"footnotes":""},"product_brand":[],"product_cat":[43,90],"product_tag":[],"class_list":{"0":"post-2161","1":"product","2":"type-product","3":"status-publish","4":"has-post-thumbnail","6":"product_cat-medicaments-en-vente-libre","7":"product_cat-yeux","9":"first","10":"instock","11":"taxable","12":"shipping-taxable","13":"purchasable","14":"product-type-simple"},"acf":[],"_links":{"self":[{"href":"https:\/\/www.pharmacieonline.lu\/en\/wp-json\/wp\/v2\/product\/2161","targetHints":{"allow":["GET"]}}],"collection":[{"href":"https:\/\/www.pharmacieonline.lu\/en\/wp-json\/wp\/v2\/product"}],"about":[{"href":"https:\/\/www.pharmacieonline.lu\/en\/wp-json\/wp\/v2\/types\/product"}],"version-history":[{"count":0,"href":"https:\/\/www.pharmacieonline.lu\/en\/wp-json\/wp\/v2\/product\/2161\/revisions"}],"wp:featuredmedia":[{"embeddable":true,"href":"https:\/\/www.pharmacieonline.lu\/en\/wp-json\/wp\/v2\/media\/2812"}],"wp:attachment":[{"href":"https:\/\/www.pharmacieonline.lu\/en\/wp-json\/wp\/v2\/media?parent=2161"}],"wp:term":[{"taxonomy":"product_brand","embeddable":true,"href":"https:\/\/www.pharmacieonline.lu\/en\/wp-json\/wp\/v2\/product_brand?post=2161"},{"taxonomy":"product_cat","embeddable":true,"href":"https:\/\/www.pharmacieonline.lu\/en\/wp-json\/wp\/v2\/product_cat?post=2161"},{"taxonomy":"product_tag","embeddable":true,"href":"https:\/\/www.pharmacieonline.lu\/en\/wp-json\/wp\/v2\/product_tag?post=2161"}],"curies":[{"name":"wp","href":"https:\/\/api.w.org\/{rel}","templated":true}]}}