{"id":2168,"date":"2020-11-25T17:27:54","date_gmt":"2020-11-25T16:27:54","guid":{"rendered":"https:\/\/www.pharmacieonline.lu\/produit\/dafalgan-ped-30mg-ml-sol-buv-150-ml\/"},"modified":"2026-04-03T09:55:27","modified_gmt":"2026-04-03T07:55:27","slug":"dafalgan-ped-30mg-ml-sol-buv-150-ml","status":"publish","type":"product","link":"https:\/\/www.pharmacieonline.lu\/en\/produit\/dafalgan-ped-30mg-ml-sol-buv-150-ml\/","title":{"rendered":"DAFALGAN PED 30MG\/ML SOL BUV 150 ML"},"content":{"rendered":"<p>DAFALGAN PEDIATRIC is indicated for the symptomatic treatment of pain and<br \/>\nfever.<\/p>","protected":false},"excerpt":{"rendered":"<p class=\"qtranxs-available-languages-message qtranxs-available-languages-message-en\">\n<p>DAFALGAN P\u00c9DIATRIQUE est indiqu\u00e9 dans le traitement symptomatique de la douleur et de la<br \/>\nfi\u00e8vre.<br \/>\nVous devez vous adresser \u00e0 votre m\u00e9decin si vous ne ressentez aucune am\u00e9lioration ou si vous vous<br \/>\nsentez moins bien apr\u00e8s 3 jours.<\/p>\n<p>La dose recommand\u00e9e est :<br \/>\nLa dose habituelle chez l\u2019enfant est de 15 mg\/kg, toutes les 6 heures (soit 60 mg\/kg\/24 heures)<\/p>\n<p>Apr\u00e8s premi\u00e8re ouverture du flacon, la suspension buvable se conserve 3 mois.<\/p>\n<p>&nbsp;<\/p>\n","protected":false},"featured_media":4661,"template":"","meta":{"_acf_changed":false,"footnotes":""},"product_brand":[],"product_cat":[43,94,93,86],"product_tag":[],"class_list":{"0":"post-2168","1":"product","2":"type-product","3":"status-publish","4":"has-post-thumbnail","6":"product_cat-medicaments-en-vente-libre","7":"product_cat-maux","8":"product_cat-fievre","9":"product_cat-grippe","11":"first","12":"instock","13":"taxable","14":"shipping-taxable","15":"purchasable","16":"product-type-simple"},"acf":[],"_links":{"self":[{"href":"https:\/\/www.pharmacieonline.lu\/en\/wp-json\/wp\/v2\/product\/2168","targetHints":{"allow":["GET"]}}],"collection":[{"href":"https:\/\/www.pharmacieonline.lu\/en\/wp-json\/wp\/v2\/product"}],"about":[{"href":"https:\/\/www.pharmacieonline.lu\/en\/wp-json\/wp\/v2\/types\/product"}],"version-history":[{"count":0,"href":"https:\/\/www.pharmacieonline.lu\/en\/wp-json\/wp\/v2\/product\/2168\/revisions"}],"wp:featuredmedia":[{"embeddable":true,"href":"https:\/\/www.pharmacieonline.lu\/en\/wp-json\/wp\/v2\/media\/4661"}],"wp:attachment":[{"href":"https:\/\/www.pharmacieonline.lu\/en\/wp-json\/wp\/v2\/media?parent=2168"}],"wp:term":[{"taxonomy":"product_brand","embeddable":true,"href":"https:\/\/www.pharmacieonline.lu\/en\/wp-json\/wp\/v2\/product_brand?post=2168"},{"taxonomy":"product_cat","embeddable":true,"href":"https:\/\/www.pharmacieonline.lu\/en\/wp-json\/wp\/v2\/product_cat?post=2168"},{"taxonomy":"product_tag","embeddable":true,"href":"https:\/\/www.pharmacieonline.lu\/en\/wp-json\/wp\/v2\/product_tag?post=2168"}],"curies":[{"name":"wp","href":"https:\/\/api.w.org\/{rel}","templated":true}]}}