{"id":2179,"date":"2020-11-25T17:27:55","date_gmt":"2020-11-25T16:27:55","guid":{"rendered":"https:\/\/www.pharmacieonline.lu\/produit\/fortimel-compact-prot-neutre-4125-ml\/"},"modified":"2026-04-22T02:25:12","modified_gmt":"2026-04-22T00:25:12","slug":"fortimel-compact-prot-neutre-4125-ml","status":"publish","type":"product","link":"https:\/\/www.pharmacieonline.lu\/en\/produit\/fortimel-compact-prot-neutre-4125-ml\/","title":{"rendered":"FORTIMEL COMPACT PROT NEUTRE 4*125 ML"},"content":{"rendered":"<p>neutral<\/p>\n<p>&nbsp;<\/p>\n<p>Water, glucose syrup, cow&#8217;s milk protein, vegetable oils (rapeseed, sunflower), potassium lactate, emulsifier (soya lecithin), magnesium orthophosphate, choline chloride, potassium citrate, flavors, sodium citrate, chloride sodium, potassium chloride, dextrin maltose, sodium L-ascorbate, ferrous lactate, zinc sulphate, DL-\u03b1-tocopherol acetate, retinol acetate, copper gluconate, sodium selenite, manganese sulphate, nicotinamide, Calcium D-pantothenate, chromium chloride, D-biotin, cholecalciferol, thiamine hydrochloride, pteroylmonoglutamic acid, pyridoxine hydrochloride, sodium molybdate, riboflavin, sodium fluoride, potassium iodide, phytomenadione, cyanocobalamin.<\/p>","protected":false},"excerpt":{"rendered":"<p class=\"qtranxs-available-languages-message qtranxs-available-languages-message-en\">\n<p>ortimel Compact est une denr\u00e9e alimentaire destin\u00e9e \u00e0 des fins m\u00e9dicales sp\u00e9ciales en cas de d\u00e9nutrition associ\u00e9e \u00e0 une maladie.<\/p>\n<p>Lorsque nous sommes malades ou que nous subissons une op\u00e9ration, il se peut qu\u2019il soit difficile de manger. Alors qu\u2019une alimentation suffisante est importante dans ces cas.<\/p>\n<p>Fortimel Compact est un compl\u00e9ment nutritionnel oral hyper\u00e9nerg\u00e9tique, complet. Il apporte dans une bouteille bouteille de 125ml, un compl\u00e9ment en \u00e9nergie et en vitamines et min\u00e9raux pour combler des manques possibles.<\/p>\n<p>Fortimel Compact ne contient pas de gluten.\u00a0<strong>Contient du lait, du soja.<\/strong><\/p>\n<p><strong>Posologie et dur\u00e9e d\u2019utilisation<\/strong><\/p>\n<p>\u2022 Selon avis m\u00e9dical ou di\u00e9t\u00e9tique.<\/p>\n<p><strong>Conseil g\u00e9n\u00e9ral :<\/strong><\/p>\n<p>\u2022 En compl\u00e9ment de l\u2019alimentation normale : 1-3 bouteilles par jour.<\/p>\n<p>Important : Soyez attentif \u00e0 un apport hydrique et modifiez-le si n\u00e9cessaire pour garantir un \u00e9tat hydrique ad\u00e9quat<\/p>\n","protected":false},"featured_media":2752,"template":"","meta":{"_acf_changed":false,"footnotes":""},"product_brand":[],"product_cat":[767,45,953],"product_tag":[],"class_list":{"0":"post-2179","1":"product","2":"type-product","3":"status-publish","4":"has-post-thumbnail","6":"product_cat-denutrition","7":"product_cat-materiel-medical","8":"product_cat-complements-alimentaires","10":"first","11":"outofstock","12":"taxable","13":"shipping-taxable","14":"purchasable","15":"product-type-simple"},"acf":[],"_links":{"self":[{"href":"https:\/\/www.pharmacieonline.lu\/en\/wp-json\/wp\/v2\/product\/2179","targetHints":{"allow":["GET"]}}],"collection":[{"href":"https:\/\/www.pharmacieonline.lu\/en\/wp-json\/wp\/v2\/product"}],"about":[{"href":"https:\/\/www.pharmacieonline.lu\/en\/wp-json\/wp\/v2\/types\/product"}],"version-history":[{"count":0,"href":"https:\/\/www.pharmacieonline.lu\/en\/wp-json\/wp\/v2\/product\/2179\/revisions"}],"wp:featuredmedia":[{"embeddable":true,"href":"https:\/\/www.pharmacieonline.lu\/en\/wp-json\/wp\/v2\/media\/2752"}],"wp:attachment":[{"href":"https:\/\/www.pharmacieonline.lu\/en\/wp-json\/wp\/v2\/media?parent=2179"}],"wp:term":[{"taxonomy":"product_brand","embeddable":true,"href":"https:\/\/www.pharmacieonline.lu\/en\/wp-json\/wp\/v2\/product_brand?post=2179"},{"taxonomy":"product_cat","embeddable":true,"href":"https:\/\/www.pharmacieonline.lu\/en\/wp-json\/wp\/v2\/product_cat?post=2179"},{"taxonomy":"product_tag","embeddable":true,"href":"https:\/\/www.pharmacieonline.lu\/en\/wp-json\/wp\/v2\/product_tag?post=2179"}],"curies":[{"name":"wp","href":"https:\/\/api.w.org\/{rel}","templated":true}]}}